{"id":17193,"date":"2026-03-19T09:59:30","date_gmt":"2026-03-19T09:59:30","guid":{"rendered":"https:\/\/nodumcorporate.com\/nodum-corporate\/contacte-nodum-corporate\/"},"modified":"2026-03-19T10:25:27","modified_gmt":"2026-03-19T10:25:27","slug":"contacte-nodum-corporate","status":"publish","type":"page","link":"https:\/\/nodumcorporate.com\/en\/nodum-corporate\/contacte-nodum-corporate\/","title":{"rendered":"Contacte NODUM corporate"},"content":{"rendered":"\t\t<div data-elementor-type=\"wp-page\" data-elementor-id=\"17193\" class=\"elementor elementor-17193 elementor-17180\" data-elementor-post-type=\"page\">\n\t\t\t\t<div class=\"elementor-element elementor-element-3b32df4 c-box e-flex e-con-boxed e-con e-parent\" data-id=\"3b32df4\" data-element_type=\"container\" data-e-type=\"container\" data-settings=\"{&quot;background_background&quot;:&quot;classic&quot;,&quot;jet_parallax_layout_list&quot;:[]}\">\n\t\t\t\t\t<div class=\"e-con-inner\">\n\t\t<div class=\"elementor-element elementor-element-e32a8a7 e-con-full e-flex e-con e-child\" data-id=\"e32a8a7\" data-element_type=\"container\" data-e-type=\"container\" data-settings=\"{&quot;jet_parallax_layout_list&quot;:[]}\">\n\t\t\t\t<div class=\"elementor-element elementor-element-721f56c elementor-widget elementor-widget-heading\" data-id=\"721f56c\" data-element_type=\"widget\" data-e-type=\"widget\" data-widget_type=\"heading.default\">\n\t\t\t\t<div class=\"elementor-widget-container\">\n\t\t\t\t\t<h2 class=\"elementor-heading-title elementor-size-default\">Let's explain your <br>project<\/h2>\t\t\t\t<\/div>\n\t\t\t\t<\/div>\n\t\t\t\t<div class=\"elementor-element elementor-element-8b8b446 elementor-widget elementor-widget-text-editor\" data-id=\"8b8b446\" data-element_type=\"widget\" data-e-type=\"widget\" data-widget_type=\"text-editor.default\">\n\t\t\t\t<div class=\"elementor-widget-container\">\n\t\t\t\t\t\t\t\t\t<p><a href=\"http:\/\/+376770800\" data-wplink-url-error=\"true\"><strong><a href=\"tel:+376%20770800\">+376 770 800<\/a><\/strong><\/a><br \/>Carrer Verge del Pilar 4 planta 4\u00ba<br \/>AD500 Andorra la Vella<br \/>Principat d\u2019Andorra<\/p>\n\t\t\t\t\t\t\t\t<\/div>\n\t\t\t\t<\/div>\n\t\t\t\t<\/div>\n\t\t<div class=\"elementor-element elementor-element-eaa43c6 e-con-full e-flex e-con e-child\" data-id=\"eaa43c6\" data-element_type=\"container\" data-e-type=\"container\" data-settings=\"{&quot;jet_parallax_layout_list&quot;:[]}\">\n\t\t\t\t<div class=\"elementor-element elementor-element-abfde1e elementor-button-align-start elementor-widget elementor-widget-form\" data-id=\"abfde1e\" data-element_type=\"widget\" data-e-type=\"widget\" data-settings=\"{&quot;step_next_label&quot;:&quot;Next&quot;,&quot;step_previous_label&quot;:&quot;Previous&quot;,&quot;button_width&quot;:&quot;100&quot;,&quot;step_type&quot;:&quot;number_text&quot;,&quot;step_icon_shape&quot;:&quot;circle&quot;}\" data-widget_type=\"form.default\">\n\t\t\t\t<div class=\"elementor-widget-container\">\n\t\t\t\t\t\t\t<form class=\"elementor-form\" method=\"post\" name=\"Fidencis Form\" aria-label=\"Fidencis Form\">\n\t\t\t<input type=\"hidden\" name=\"post_id\" value=\"17193\"\/>\n\t\t\t<input type=\"hidden\" name=\"form_id\" value=\"abfde1e\"\/>\n\t\t\t<input type=\"hidden\" name=\"referer_title\" value=\"Contacte NODUM corporate - Nodum Corporate\" \/>\n\n\t\t\t\t\t\t\t<input type=\"hidden\" name=\"queried_id\" value=\"17193\"\/>\n\t\t\t\n\t\t\t<div class=\"elementor-form-fields-wrapper elementor-labels-\">\n\t\t\t\t\t\t\t\t<div class=\"elementor-field-type-text elementor-field-group elementor-column elementor-field-group-name elementor-col-100 elementor-field-required\">\n\t\t\t\t\t\t\t\t\t\t\t\t<label for=\"form-field-name\" class=\"elementor-field-label elementor-screen-only\">\n\t\t\t\t\t\t\t\tName\t\t\t\t\t\t\t<\/label>\n\t\t\t\t\t\t\t\t\t\t\t\t\t\t<input size=\"1\" type=\"text\" name=\"form_fields[name]\" id=\"form-field-name\" class=\"elementor-field elementor-size-lg  elementor-field-textual\" placeholder=\"Name\" required=\"required\">\n\t\t\t\t\t\t\t\t\t\t\t<\/div>\n\t\t\t\t\t\t\t\t<div class=\"elementor-field-type-email elementor-field-group elementor-column elementor-field-group-email elementor-col-100 elementor-field-required\">\n\t\t\t\t\t\t\t\t\t\t\t\t<label for=\"form-field-email\" class=\"elementor-field-label elementor-screen-only\">\n\t\t\t\t\t\t\t\tEmail address\t\t\t\t\t\t\t<\/label>\n\t\t\t\t\t\t\t\t\t\t\t\t\t\t<input size=\"1\" type=\"email\" name=\"form_fields[email]\" id=\"form-field-email\" class=\"elementor-field elementor-size-lg  elementor-field-textual\" placeholder=\"Email address\" required=\"required\">\n\t\t\t\t\t\t\t\t\t\t\t<\/div>\n\t\t\t\t\t\t\t\t<div class=\"elementor-field-type-text elementor-field-group elementor-column elementor-field-group-name elementor-col-100 elementor-field-required\">\n\t\t\t\t\t\t\t\t\t\t\t\t<label for=\"form-field-name\" class=\"elementor-field-label elementor-screen-only\">\n\t\t\t\t\t\t\t\tSubject\t\t\t\t\t\t\t<\/label>\n\t\t\t\t\t\t\t\t\t\t\t\t\t\t<input size=\"1\" type=\"text\" name=\"form_fields[name]\" id=\"form-field-name\" class=\"elementor-field elementor-size-lg  elementor-field-textual\" placeholder=\"Subject\" required=\"required\">\n\t\t\t\t\t\t\t\t\t\t\t<\/div>\n\t\t\t\t\t\t\t\t<div class=\"elementor-field-type-textarea elementor-field-group elementor-column elementor-field-group-message elementor-col-100 elementor-field-required\">\n\t\t\t\t\t\t\t\t\t\t\t\t<label for=\"form-field-message\" class=\"elementor-field-label elementor-screen-only\">\n\t\t\t\t\t\t\t\tMessage \t\t\t\t\t\t\t<\/label>\n\t\t\t\t\t\t<textarea class=\"elementor-field-textual elementor-field  elementor-size-lg\" name=\"form_fields[message]\" id=\"form-field-message\" rows=\"4\" placeholder=\"Message\" required=\"required\"><\/textarea>\t\t\t\t<\/div>\n\t\t\t\t\t\t\t\t<div class=\"elementor-field-type-acceptance elementor-field-group elementor-column elementor-field-group-field_cc5e13b elementor-col-100 elementor-field-required\">\n\t\t\t\t\t\t\t\t\t\t\t\t<label for=\"form-field-field_cc5e13b\" class=\"elementor-field-label elementor-screen-only\">\n\t\t\t\t\t\t\t\tConsent\t\t\t\t\t\t\t<\/label>\n\t\t\t\t\t\t\t\t<div class=\"elementor-field-subgroup\">\n\t\t\t<span class=\"elementor-field-option\">\n\t\t\t\t<input type=\"checkbox\" name=\"form_fields[field_cc5e13b]\" id=\"form-field-field_cc5e13b\" class=\"elementor-field elementor-size-lg  elementor-acceptance-field\" required=\"required\">\n\t\t\t\t<label for=\"form-field-field_cc5e13b\"> He llegit i accepto la Pol\u00edtica de Privacitat de NODUM.<br><br><span>Les dades recollides a trav\u00e9s del present formulari seran tractades per Nodum corporate. amb la finalitat de gestionar les seves consultes com a usuari del web. La base de legitimaci\u00f3 ser\u00e0 el seu consentiment, per aix\u00f2 li recomanem que llegeixi atentament la nostra Pol\u00edtica de Privacitat completa. Les seves dades no seran cedides a cap altre responsable del tractament. Les dades que ens facilita seran conservades un m\u00e0xim de dotze mesos. Pot exercitar els seus drets de\nprotecci\u00f3 de dades davant el propi responsable al info@fidencis.com o dirigint-se al nostre Delegat de Protecci\u00f3 de Dades: dpo@cplegalconsulting.com<\/span><\/label>\t\t\t<\/span>\n\t\t<\/div>\n\t\t\t\t\t\t<\/div>\n\t\t\t\t\t\t\t\t<div class=\"elementor-field-type-recaptcha_v3 elementor-field-group elementor-column elementor-field-group-field_b3b46c4 elementor-col-100 recaptcha_v3-bottomright\">\n\t\t\t\t\t<div class=\"elementor-field\" id=\"form-field-field_b3b46c4\"><div class=\"elementor-g-recaptcha\" data-sitekey=\"6Lf8v4UpAAAAAFUkMZdkhTZnf3hUOIFyQ4j3cbrG\" data-type=\"v3\" data-action=\"Form\" data-badge=\"bottomright\" data-size=\"invisible\"><\/div><\/div>\t\t\t\t<\/div>\n\t\t\t\t\t\t\t\t<div class=\"elementor-field-group elementor-column elementor-field-type-submit elementor-col-100 e-form__buttons\">\n\t\t\t\t\t<button class=\"elementor-button elementor-size-sm\" type=\"submit\">\n\t\t\t\t\t\t<span class=\"elementor-button-content-wrapper\">\n\t\t\t\t\t\t\t\t\t\t\t\t\t\t\t\t\t\t\t\t\t\t<span class=\"elementor-button-text\">CONTACT US<\/span>\n\t\t\t\t\t\t\t\t\t\t\t\t\t<\/span>\n\t\t\t\t\t<\/button>\n\t\t\t\t<\/div>\n\t\t\t<\/div>\n\t\t<\/form>\n\t\t\t\t\t\t<\/div>\n\t\t\t\t<\/div>\n\t\t\t\t<\/div>\n\t\t\t\t\t<\/div>\n\t\t\t\t<\/div>\n\t\t<div class=\"elementor-element elementor-element-d9a9317 c-box e-flex e-con-boxed e-con e-parent\" data-id=\"d9a9317\" data-element_type=\"container\" data-e-type=\"container\" data-settings=\"{&quot;jet_parallax_layout_list&quot;:[]}\">\n\t\t\t\t\t<div class=\"e-con-inner\">\n\t\t<div class=\"elementor-element elementor-element-55c4826 e-con-full e-flex e-con e-child\" data-id=\"55c4826\" data-element_type=\"container\" data-e-type=\"container\" data-settings=\"{&quot;jet_parallax_layout_list&quot;:[]}\">\n\t\t\t\t<div class=\"elementor-element elementor-element-929c65b elementor-widget elementor-widget-heading\" data-id=\"929c65b\" data-element_type=\"widget\" data-e-type=\"widget\" data-widget_type=\"heading.default\">\n\t\t\t\t<div class=\"elementor-widget-container\">\n\t\t\t\t\t<h2 class=\"elementor-heading-title elementor-size-default\">The best way to predict <br>the future is to create it<\/h2>\t\t\t\t<\/div>\n\t\t\t\t<\/div>\n\t\t\t\t<div class=\"elementor-element elementor-element-f2be6e6 elementor-widget elementor-widget-heading\" data-id=\"f2be6e6\" data-element_type=\"widget\" data-e-type=\"widget\" data-widget_type=\"heading.default\">\n\t\t\t\t<div class=\"elementor-widget-container\">\n\t\t\t\t\t<h4 class=\"elementor-heading-title elementor-size-default\">Andorra, a small country with a great heart<\/h4>\t\t\t\t<\/div>\n\t\t\t\t<\/div>\n\t\t\t\t<div class=\"elementor-element elementor-element-5349706 elementor-widget elementor-widget-text-editor\" data-id=\"5349706\" data-element_type=\"widget\" data-e-type=\"widget\" data-widget_type=\"text-editor.default\">\n\t\t\t\t<div class=\"elementor-widget-container\">\n\t\t\t\t\t\t\t\t\t<p>With its majestic mountains, stunning landscapes and welcoming, caring people, you will immediately feel at home. <\/p>\n\t\t\t\t\t\t\t\t<\/div>\n\t\t\t\t<\/div>\n\t\t<div class=\"elementor-element elementor-element-4fef79d e-flex e-con-boxed e-con e-child\" data-id=\"4fef79d\" data-element_type=\"container\" data-e-type=\"container\" data-settings=\"{&quot;jet_parallax_layout_list&quot;:[]}\">\n\t\t\t\t\t<div class=\"e-con-inner\">\n\t\t\t\t<div class=\"elementor-element elementor-element-6cc3eae elementor-widget elementor-widget-image\" data-id=\"6cc3eae\" data-element_type=\"widget\" data-e-type=\"widget\" data-widget_type=\"image.default\">\n\t\t\t\t<div class=\"elementor-widget-container\">\n\t\t\t\t\t\t\t\t\t\t\t\t\t\t\t<img fetchpriority=\"high\" decoding=\"async\" width=\"450\" height=\"600\" src=\"https:\/\/nodumcorporate.com\/wp-content\/uploads\/2024\/04\/patricia_2.webp\" class=\"attachment-full size-full wp-image-5162\" alt=\"\" srcset=\"https:\/\/nodumcorporate.com\/wp-content\/uploads\/2024\/04\/patricia_2.webp 450w, https:\/\/nodumcorporate.com\/wp-content\/uploads\/2024\/04\/patricia_2-225x300.webp 225w\" sizes=\"(max-width: 450px) 100vw, 450px\" \/>\t\t\t\t\t\t\t\t\t\t\t\t\t\t\t<\/div>\n\t\t\t\t<\/div>\n\t\t\t\t<div class=\"elementor-element elementor-element-f6e249a elementor-widget elementor-widget-heading\" data-id=\"f6e249a\" data-element_type=\"widget\" data-e-type=\"widget\" data-widget_type=\"heading.default\">\n\t\t\t\t<div class=\"elementor-widget-container\">\n\t\t\t\t\t<h4 class=\"elementor-heading-title elementor-size-default\">Patr\u00edcia Nogal<br><span>Co-founder<\/span><\/h4>\t\t\t\t<\/div>\n\t\t\t\t<\/div>\n\t\t\t\t\t<\/div>\n\t\t\t\t<\/div>\n\t\t\t\t<\/div>\n\t\t<div class=\"elementor-element elementor-element-7bda42b e-con-full e-flex e-con e-child\" data-id=\"7bda42b\" data-element_type=\"container\" data-e-type=\"container\" data-settings=\"{&quot;jet_parallax_layout_list&quot;:[]}\">\n\t\t\t\t<div class=\"elementor-element elementor-element-1b51937 elementor-widget elementor-widget-image\" data-id=\"1b51937\" data-element_type=\"widget\" data-e-type=\"widget\" data-widget_type=\"image.default\">\n\t\t\t\t<div class=\"elementor-widget-container\">\n\t\t\t\t\t\t\t\t\t\t\t\t\t\t\t<img decoding=\"async\" width=\"199\" height=\"67\" src=\"https:\/\/nodumcorporate.com\/wp-content\/uploads\/2025\/02\/n-estrint.svg\" class=\"attachment-full size-full wp-image-14588\" alt=\"\" \/>\t\t\t\t\t\t\t\t\t\t\t\t\t\t\t<\/div>\n\t\t\t\t<\/div>\n\t\t\t\t<\/div>\n\t\t\t\t\t<\/div>\n\t\t\t\t<\/div>\n\t\t<div class=\"elementor-element elementor-element-3494274 e-con-full e-flex e-con e-parent\" data-id=\"3494274\" data-element_type=\"container\" data-e-type=\"container\" data-settings=\"{&quot;jet_parallax_layout_list&quot;:[]}\">\n\t\t\t\t<div class=\"elementor-element elementor-element-e4a52b2 elementor-widget elementor-widget-jet-map\" data-id=\"e4a52b2\" data-element_type=\"widget\" data-e-type=\"widget\" data-widget_type=\"jet-map.default\">\n\t\t\t\t<div class=\"elementor-widget-container\">\n\t\t\t\t\t<div class=\"jet-map\" data-init=\"{&quot;center&quot;:{&quot;lat&quot;:42.5071,&quot;lng&quot;:1.53171},&quot;zoom&quot;:17,&quot;scrollwheel&quot;:false,&quot;zoomControl&quot;:false,&quot;fullscreenControl&quot;:false,&quot;streetViewControl&quot;:false,&quot;mapTypeControl&quot;:false,&quot;pinsAutoClose&quot;:false,&quot;styles&quot;:[{&quot;featureType&quot;:&quot;administrative&quot;,&quot;elementType&quot;:&quot;all&quot;,&quot;stylers&quot;:[{&quot;saturation&quot;:&quot;-100&quot;}]},{&quot;featureType&quot;:&quot;administrative.province&quot;,&quot;elementType&quot;:&quot;all&quot;,&quot;stylers&quot;:[{&quot;visibility&quot;:&quot;off&quot;}]},{&quot;featureType&quot;:&quot;landscape&quot;,&quot;elementType&quot;:&quot;all&quot;,&quot;stylers&quot;:[{&quot;saturation&quot;:-100},{&quot;lightness&quot;:65},{&quot;visibility&quot;:&quot;on&quot;}]},{&quot;featureType&quot;:&quot;poi&quot;,&quot;elementType&quot;:&quot;all&quot;,&quot;stylers&quot;:[{&quot;saturation&quot;:-100},{&quot;lightness&quot;:&quot;50&quot;},{&quot;visibility&quot;:&quot;simplified&quot;}]},{&quot;featureType&quot;:&quot;road&quot;,&quot;elementType&quot;:&quot;all&quot;,&quot;stylers&quot;:[{&quot;saturation&quot;:&quot;-100&quot;}]},{&quot;featureType&quot;:&quot;road.highway&quot;,&quot;elementType&quot;:&quot;all&quot;,&quot;stylers&quot;:[{&quot;visibility&quot;:&quot;simplified&quot;}]},{&quot;featureType&quot;:&quot;road.arterial&quot;,&quot;elementType&quot;:&quot;all&quot;,&quot;stylers&quot;:[{&quot;lightness&quot;:&quot;30&quot;}]},{&quot;featureType&quot;:&quot;road.local&quot;,&quot;elementType&quot;:&quot;all&quot;,&quot;stylers&quot;:[{&quot;lightness&quot;:&quot;40&quot;}]},{&quot;featureType&quot;:&quot;transit&quot;,&quot;elementType&quot;:&quot;all&quot;,&quot;stylers&quot;:[{&quot;saturation&quot;:-100},{&quot;visibility&quot;:&quot;simplified&quot;}]},{&quot;featureType&quot;:&quot;water&quot;,&quot;elementType&quot;:&quot;geometry&quot;,&quot;stylers&quot;:[{&quot;hue&quot;:&quot;#ffff00&quot;},{&quot;lightness&quot;:-25},{&quot;saturation&quot;:-97}]},{&quot;featureType&quot;:&quot;water&quot;,&quot;elementType&quot;:&quot;labels&quot;,&quot;stylers&quot;:[{&quot;lightness&quot;:-25},{&quot;saturation&quot;:-100}]}]}\" data-pins=\"[{&quot;address&quot;:&quot;Fidencis Andorra&quot;,&quot;position&quot;:{&quot;lat&quot;:42.5071,&quot;lng&quot;:1.53171},&quot;desc&quot;:&quot;&quot;,&quot;state&quot;:&quot;visible&quot;}]\"><\/div>\t\t\t\t<\/div>\n\t\t\t\t<\/div>\n\t\t\t\t<\/div>\n\t\t\t\t<\/div>\n\t\t","protected":false},"excerpt":{"rendered":"<p>Let&#8217;s explain your project +376 770 800Carrer Verge del Pilar 4 planta 4\u00baAD500 Andorra la VellaPrincipat d\u2019Andorra The best way to predict the future is to create it Andorra, a small country with a great heart With its majestic mountains, stunning landscapes and welcoming, caring people, you will immediately feel at home. Patr\u00edcia NogalCo-founder<\/p>\n","protected":false},"author":6,"featured_media":0,"parent":2481,"menu_order":0,"comment_status":"closed","ping_status":"closed","template":"","meta":{"footnotes":""},"class_list":["post-17193","page","type-page","status-publish","hentry"],"yoast_head":"<!-- This site is optimized with the Yoast SEO plugin v25.4 - https:\/\/yoast.com\/wordpress\/plugins\/seo\/ -->\n<title>Contacte NODUM corporate - Nodum Corporate<\/title>\n<meta name=\"robots\" content=\"index, follow, max-snippet:-1, max-image-preview:large, max-video-preview:-1\" \/>\n<link rel=\"canonical\" href=\"https:\/\/nodumcorporate.com\/en\/nodum-corporate\/contacte-nodum-corporate\/\" \/>\n<meta property=\"og:locale\" content=\"en_US\" \/>\n<meta property=\"og:type\" content=\"article\" \/>\n<meta property=\"og:title\" content=\"Contacte NODUM corporate - Nodum Corporate\" \/>\n<meta property=\"og:description\" content=\"Let&#8217;s explain your project +376 770 800Carrer Verge del Pilar 4 planta 4\u00baAD500 Andorra la VellaPrincipat d\u2019Andorra The best way to predict the future is to create it Andorra, a small country with a great heart With its majestic mountains, stunning landscapes and welcoming, caring people, you will immediately feel at home. Patr\u00edcia NogalCo-founder\" \/>\n<meta property=\"og:url\" content=\"https:\/\/nodumcorporate.com\/en\/nodum-corporate\/contacte-nodum-corporate\/\" \/>\n<meta property=\"og:site_name\" content=\"Nodum Corporate\" \/>\n<meta property=\"article:modified_time\" content=\"2026-03-19T10:25:27+00:00\" \/>\n<meta property=\"og:image\" content=\"https:\/\/nodumcorporate.com\/wp-content\/uploads\/2024\/04\/patricia_2.webp\" \/>\n\t<meta property=\"og:image:width\" content=\"450\" \/>\n\t<meta property=\"og:image:height\" content=\"600\" \/>\n\t<meta property=\"og:image:type\" content=\"image\/webp\" \/>\n<meta name=\"twitter:card\" content=\"summary_large_image\" \/>\n<script type=\"application\/ld+json\" class=\"yoast-schema-graph\">{\"@context\":\"https:\/\/schema.org\",\"@graph\":[{\"@type\":\"WebPage\",\"@id\":\"https:\/\/nodumcorporate.com\/en\/nodum-corporate\/contacte-nodum-corporate\/\",\"url\":\"https:\/\/nodumcorporate.com\/en\/nodum-corporate\/contacte-nodum-corporate\/\",\"name\":\"Contacte NODUM corporate - Nodum Corporate\",\"isPartOf\":{\"@id\":\"https:\/\/nodumcorporate.com\/en\/#website\"},\"primaryImageOfPage\":{\"@id\":\"https:\/\/nodumcorporate.com\/en\/nodum-corporate\/contacte-nodum-corporate\/#primaryimage\"},\"image\":{\"@id\":\"https:\/\/nodumcorporate.com\/en\/nodum-corporate\/contacte-nodum-corporate\/#primaryimage\"},\"thumbnailUrl\":\"https:\/\/nodumcorporate.com\/wp-content\/uploads\/2024\/04\/patricia_2.webp\",\"datePublished\":\"2026-03-19T09:59:30+00:00\",\"dateModified\":\"2026-03-19T10:25:27+00:00\",\"breadcrumb\":{\"@id\":\"https:\/\/nodumcorporate.com\/en\/nodum-corporate\/contacte-nodum-corporate\/#breadcrumb\"},\"inLanguage\":\"en-US\",\"potentialAction\":[{\"@type\":\"ReadAction\",\"target\":[\"https:\/\/nodumcorporate.com\/en\/nodum-corporate\/contacte-nodum-corporate\/\"]}]},{\"@type\":\"ImageObject\",\"inLanguage\":\"en-US\",\"@id\":\"https:\/\/nodumcorporate.com\/en\/nodum-corporate\/contacte-nodum-corporate\/#primaryimage\",\"url\":\"https:\/\/nodumcorporate.com\/wp-content\/uploads\/2024\/04\/patricia_2.webp\",\"contentUrl\":\"https:\/\/nodumcorporate.com\/wp-content\/uploads\/2024\/04\/patricia_2.webp\"},{\"@type\":\"BreadcrumbList\",\"@id\":\"https:\/\/nodumcorporate.com\/en\/nodum-corporate\/contacte-nodum-corporate\/#breadcrumb\",\"itemListElement\":[{\"@type\":\"ListItem\",\"position\":1,\"name\":\"Nodum Corporate\",\"item\":\"https:\/\/nodumcorporate.com\/en\/\"},{\"@type\":\"ListItem\",\"position\":2,\"name\":\"Contacte NODUM corporate\"}]},{\"@type\":\"WebSite\",\"@id\":\"https:\/\/nodumcorporate.com\/en\/#website\",\"url\":\"https:\/\/nodumcorporate.com\/en\/\",\"name\":\"Nodum Corporate\",\"description\":\"\",\"potentialAction\":[{\"@type\":\"SearchAction\",\"target\":{\"@type\":\"EntryPoint\",\"urlTemplate\":\"https:\/\/nodumcorporate.com\/en\/?s={search_term_string}\"},\"query-input\":{\"@type\":\"PropertyValueSpecification\",\"valueRequired\":true,\"valueName\":\"search_term_string\"}}],\"inLanguage\":\"en-US\"}]}<\/script>\n<!-- \/ Yoast SEO plugin. -->","yoast_head_json":{"title":"Contacte NODUM corporate - Nodum Corporate","robots":{"index":"index","follow":"follow","max-snippet":"max-snippet:-1","max-image-preview":"max-image-preview:large","max-video-preview":"max-video-preview:-1"},"canonical":"https:\/\/nodumcorporate.com\/en\/nodum-corporate\/contacte-nodum-corporate\/","og_locale":"en_US","og_type":"article","og_title":"Contacte NODUM corporate - Nodum Corporate","og_description":"Let&#8217;s explain your project +376 770 800Carrer Verge del Pilar 4 planta 4\u00baAD500 Andorra la VellaPrincipat d\u2019Andorra The best way to predict the future is to create it Andorra, a small country with a great heart With its majestic mountains, stunning landscapes and welcoming, caring people, you will immediately feel at home. Patr\u00edcia NogalCo-founder","og_url":"https:\/\/nodumcorporate.com\/en\/nodum-corporate\/contacte-nodum-corporate\/","og_site_name":"Nodum Corporate","article_modified_time":"2026-03-19T10:25:27+00:00","og_image":[{"width":450,"height":600,"url":"https:\/\/nodumcorporate.com\/wp-content\/uploads\/2024\/04\/patricia_2.webp","type":"image\/webp"}],"twitter_card":"summary_large_image","schema":{"@context":"https:\/\/schema.org","@graph":[{"@type":"WebPage","@id":"https:\/\/nodumcorporate.com\/en\/nodum-corporate\/contacte-nodum-corporate\/","url":"https:\/\/nodumcorporate.com\/en\/nodum-corporate\/contacte-nodum-corporate\/","name":"Contacte NODUM corporate - Nodum Corporate","isPartOf":{"@id":"https:\/\/nodumcorporate.com\/en\/#website"},"primaryImageOfPage":{"@id":"https:\/\/nodumcorporate.com\/en\/nodum-corporate\/contacte-nodum-corporate\/#primaryimage"},"image":{"@id":"https:\/\/nodumcorporate.com\/en\/nodum-corporate\/contacte-nodum-corporate\/#primaryimage"},"thumbnailUrl":"https:\/\/nodumcorporate.com\/wp-content\/uploads\/2024\/04\/patricia_2.webp","datePublished":"2026-03-19T09:59:30+00:00","dateModified":"2026-03-19T10:25:27+00:00","breadcrumb":{"@id":"https:\/\/nodumcorporate.com\/en\/nodum-corporate\/contacte-nodum-corporate\/#breadcrumb"},"inLanguage":"en-US","potentialAction":[{"@type":"ReadAction","target":["https:\/\/nodumcorporate.com\/en\/nodum-corporate\/contacte-nodum-corporate\/"]}]},{"@type":"ImageObject","inLanguage":"en-US","@id":"https:\/\/nodumcorporate.com\/en\/nodum-corporate\/contacte-nodum-corporate\/#primaryimage","url":"https:\/\/nodumcorporate.com\/wp-content\/uploads\/2024\/04\/patricia_2.webp","contentUrl":"https:\/\/nodumcorporate.com\/wp-content\/uploads\/2024\/04\/patricia_2.webp"},{"@type":"BreadcrumbList","@id":"https:\/\/nodumcorporate.com\/en\/nodum-corporate\/contacte-nodum-corporate\/#breadcrumb","itemListElement":[{"@type":"ListItem","position":1,"name":"Nodum Corporate","item":"https:\/\/nodumcorporate.com\/en\/"},{"@type":"ListItem","position":2,"name":"Contacte NODUM corporate"}]},{"@type":"WebSite","@id":"https:\/\/nodumcorporate.com\/en\/#website","url":"https:\/\/nodumcorporate.com\/en\/","name":"Nodum Corporate","description":"","potentialAction":[{"@type":"SearchAction","target":{"@type":"EntryPoint","urlTemplate":"https:\/\/nodumcorporate.com\/en\/?s={search_term_string}"},"query-input":{"@type":"PropertyValueSpecification","valueRequired":true,"valueName":"search_term_string"}}],"inLanguage":"en-US"}]}},"_links":{"self":[{"href":"https:\/\/nodumcorporate.com\/en\/wp-json\/wp\/v2\/pages\/17193","targetHints":{"allow":["GET"]}}],"collection":[{"href":"https:\/\/nodumcorporate.com\/en\/wp-json\/wp\/v2\/pages"}],"about":[{"href":"https:\/\/nodumcorporate.com\/en\/wp-json\/wp\/v2\/types\/page"}],"author":[{"embeddable":true,"href":"https:\/\/nodumcorporate.com\/en\/wp-json\/wp\/v2\/users\/6"}],"replies":[{"embeddable":true,"href":"https:\/\/nodumcorporate.com\/en\/wp-json\/wp\/v2\/comments?post=17193"}],"version-history":[{"count":1,"href":"https:\/\/nodumcorporate.com\/en\/wp-json\/wp\/v2\/pages\/17193\/revisions"}],"predecessor-version":[{"id":17194,"href":"https:\/\/nodumcorporate.com\/en\/wp-json\/wp\/v2\/pages\/17193\/revisions\/17194"}],"up":[{"embeddable":true,"href":"https:\/\/nodumcorporate.com\/en\/wp-json\/wp\/v2\/pages\/2481"}],"wp:attachment":[{"href":"https:\/\/nodumcorporate.com\/en\/wp-json\/wp\/v2\/media?parent=17193"}],"curies":[{"name":"wp","href":"https:\/\/api.w.org\/{rel}","templated":true}]}}