{"id":14629,"date":"2025-01-14T11:05:18","date_gmt":"2025-01-14T11:05:18","guid":{"rendered":"https:\/\/nodumcorporate.com\/estrint\/contacto\/"},"modified":"2025-02-28T10:31:51","modified_gmt":"2025-02-28T10:31:51","slug":"contacto","status":"publish","type":"page","link":"https:\/\/nodumcorporate.com\/es\/estrint\/contacto\/","title":{"rendered":"Contacto"},"content":{"rendered":"\t\t<div data-elementor-type=\"wp-page\" data-elementor-id=\"14629\" class=\"elementor elementor-14629 elementor-13118\" data-elementor-post-type=\"page\">\n\t\t\t\t<div class=\"elementor-element elementor-element-3c42a03 c-box e-flex e-con-boxed e-con e-parent\" data-id=\"3c42a03\" data-element_type=\"container\" data-e-type=\"container\" data-settings=\"{&quot;jet_parallax_layout_list&quot;:[]}\">\n\t\t\t\t\t<div class=\"e-con-inner\">\n\t\t\t\t<div class=\"elementor-element elementor-element-d46026f n-long-text elementor-widget elementor-widget-heading\" data-id=\"d46026f\" data-element_type=\"widget\" data-e-type=\"widget\" data-widget_type=\"heading.default\">\n\t\t\t\t<div class=\"elementor-widget-container\">\n\t\t\t\t\t<h2 class=\"elementor-heading-title elementor-size-default\">Hablemos de tu proyecto.<\/h2>\t\t\t\t<\/div>\n\t\t\t\t<\/div>\n\t\t\t\t<div class=\"elementor-element elementor-element-34a467b elementor-widget__width-initial elementor-widget-tablet__width-inherit n-long-text elementor-widget elementor-widget-text-editor\" data-id=\"34a467b\" data-element_type=\"widget\" data-e-type=\"widget\" data-widget_type=\"text-editor.default\">\n\t\t\t\t<div class=\"elementor-widget-container\">\n\t\t\t\t\t\t\t\t\t<p>Estamos aqu\u00ed para ayudarte a hacer realidad tus ideas.<\/p>\n<p>Cont\u00e1ctanos y empecemos.<\/p>\n\t\t\t\t\t\t\t\t<\/div>\n\t\t\t\t<\/div>\n\t\t\t\t\t<\/div>\n\t\t\t\t<\/div>\n\t\t<div class=\"elementor-element elementor-element-f554a2d container e-con-full e-flex e-con e-parent\" data-id=\"f554a2d\" data-element_type=\"container\" data-e-type=\"container\" data-settings=\"{&quot;jet_parallax_layout_list&quot;:[]}\">\n\t\t\t\t<div class=\"elementor-element elementor-element-a58885a reveal elementor-widget elementor-widget-image\" data-id=\"a58885a\" data-element_type=\"widget\" data-e-type=\"widget\" data-widget_type=\"image.default\">\n\t\t\t\t<div class=\"elementor-widget-container\">\n\t\t\t\t\t\t\t\t\t\t\t\t\t\t\t<img fetchpriority=\"high\" decoding=\"async\" width=\"1500\" height=\"1000\" src=\"https:\/\/nodumcorporate.com\/wp-content\/uploads\/2025\/02\/despatx-estrint.jpg\" class=\"attachment-full size-full wp-image-14444\" alt=\"\" srcset=\"https:\/\/nodumcorporate.com\/wp-content\/uploads\/2025\/02\/despatx-estrint.jpg 1500w, https:\/\/nodumcorporate.com\/wp-content\/uploads\/2025\/02\/despatx-estrint-300x200.jpg 300w, https:\/\/nodumcorporate.com\/wp-content\/uploads\/2025\/02\/despatx-estrint-1024x683.jpg 1024w, https:\/\/nodumcorporate.com\/wp-content\/uploads\/2025\/02\/despatx-estrint-768x512.jpg 768w\" sizes=\"(max-width: 1500px) 100vw, 1500px\" \/>\t\t\t\t\t\t\t\t\t\t\t\t\t\t\t<\/div>\n\t\t\t\t<\/div>\n\t\t\t\t<\/div>\n\t\t<div class=\"elementor-element elementor-element-35e68b1 c-box e-flex e-con-boxed e-con e-parent\" data-id=\"35e68b1\" data-element_type=\"container\" data-e-type=\"container\" data-settings=\"{&quot;jet_parallax_layout_list&quot;:[]}\">\n\t\t\t\t\t<div class=\"e-con-inner\">\n\t\t\t\t<div class=\"elementor-element elementor-element-eb2a6a6 elementor-button-align-start rs-form elementor-widget elementor-widget-form\" data-id=\"eb2a6a6\" data-element_type=\"widget\" data-e-type=\"widget\" data-settings=\"{&quot;step_next_label&quot;:&quot;Siguiente&quot;,&quot;step_previous_label&quot;:&quot;Anterior&quot;,&quot;button_width&quot;:&quot;100&quot;,&quot;step_type&quot;:&quot;number_text&quot;,&quot;step_icon_shape&quot;:&quot;circle&quot;}\" data-widget_type=\"form.default\">\n\t\t\t\t<div class=\"elementor-widget-container\">\n\t\t\t\t\t\t\t<form class=\"elementor-form\" method=\"post\" name=\"Nuevo Formulario\" aria-label=\"Nuevo Formulario\" novalidate=\"\">\n\t\t\t<input type=\"hidden\" name=\"post_id\" value=\"14629\"\/>\n\t\t\t<input type=\"hidden\" name=\"form_id\" value=\"eb2a6a6\"\/>\n\t\t\t<input type=\"hidden\" name=\"referer_title\" value=\"Contacto - Nodum Corporate\" \/>\n\n\t\t\t\t\t\t\t<input type=\"hidden\" name=\"queried_id\" value=\"14629\"\/>\n\t\t\t\n\t\t\t<div class=\"elementor-form-fields-wrapper elementor-labels-above\">\n\t\t\t\t\t\t\t\t<div class=\"elementor-field-type-text elementor-field-group elementor-column elementor-field-group-name elementor-col-50\">\n\t\t\t\t\t\t\t\t\t\t\t\t<label for=\"form-field-name\" class=\"elementor-field-label\">\n\t\t\t\t\t\t\t\tNombre y apellidos\t\t\t\t\t\t\t<\/label>\n\t\t\t\t\t\t\t\t\t\t\t\t\t\t<input size=\"1\" type=\"text\" name=\"form_fields[name]\" id=\"form-field-name\" class=\"elementor-field elementor-size-md  elementor-field-textual\">\n\t\t\t\t\t\t\t\t\t\t\t<\/div>\n\t\t\t\t\t\t\t\t<div class=\"elementor-field-type-email elementor-field-group elementor-column elementor-field-group-email elementor-col-50 elementor-field-required\">\n\t\t\t\t\t\t\t\t\t\t\t\t<label for=\"form-field-email\" class=\"elementor-field-label\">\n\t\t\t\t\t\t\t\tCorreo electr\u00f3nico\t\t\t\t\t\t\t<\/label>\n\t\t\t\t\t\t\t\t\t\t\t\t\t\t<input size=\"1\" type=\"email\" name=\"form_fields[email]\" id=\"form-field-email\" class=\"elementor-field elementor-size-md  elementor-field-textual\" required=\"required\">\n\t\t\t\t\t\t\t\t\t\t\t<\/div>\n\t\t\t\t\t\t\t\t<div class=\"elementor-field-type-tel elementor-field-group elementor-column elementor-field-group-field_5e68a26 elementor-col-50 elementor-field-required\">\n\t\t\t\t\t\t\t\t\t\t\t\t<label for=\"form-field-field_5e68a26\" class=\"elementor-field-label\">\n\t\t\t\t\t\t\t\tTel\u00e9fono\t\t\t\t\t\t\t<\/label>\n\t\t\t\t\t\t\t\t<input size=\"1\" type=\"tel\" name=\"form_fields[field_5e68a26]\" id=\"form-field-field_5e68a26\" class=\"elementor-field elementor-size-md  elementor-field-textual\" required=\"required\" pattern=\"[0-9()#&amp;+*-=.]+\" title=\"Solo se aceptan n\u00fameros y caracteres de tel\u00e9fono (#,-,*,etc).\">\n\n\t\t\t\t\t\t<\/div>\n\t\t\t\t\t\t\t\t<div class=\"elementor-field-type-select elementor-field-group elementor-column elementor-field-group-field_8df2995 elementor-col-50\">\n\t\t\t\t\t\t\t\t\t\t\t\t<label for=\"form-field-field_8df2995\" class=\"elementor-field-label\">\n\t\t\t\t\t\t\t\tTipo de proyecto\t\t\t\t\t\t\t<\/label>\n\t\t\t\t\t\t\t\t<div class=\"elementor-field elementor-select-wrapper remove-before \">\n\t\t\t<div class=\"select-caret-down-wrapper\">\n\t\t\t\t<i aria-hidden=\"true\" class=\"eicon-caret-down\"><\/i>\t\t\t<\/div>\n\t\t\t<select name=\"form_fields[field_8df2995]\" id=\"form-field-field_8df2995\" class=\"elementor-field-textual elementor-size-md\">\n\t\t\t\t\t\t\t\t\t<option value=\"Inmuebles\">Inmuebles<\/option>\n\t\t\t\t\t\t\t\t\t<option value=\"Hoteles\">Hoteles<\/option>\n\t\t\t\t\t\t\t\t\t<option value=\"Reformas\">Reformas<\/option>\n\t\t\t\t\t\t\t<\/select>\n\t\t<\/div>\n\t\t\t\t\t\t<\/div>\n\t\t\t\t\t\t\t\t<div class=\"elementor-field-type-textarea elementor-field-group elementor-column elementor-field-group-message elementor-col-50\">\n\t\t\t\t\t\t\t\t\t\t\t\t<label for=\"form-field-message\" class=\"elementor-field-label\">\n\t\t\t\t\t\t\t\tMensaje o descripci\u00f3n del proyecto\t\t\t\t\t\t\t<\/label>\n\t\t\t\t\t\t<textarea class=\"elementor-field-textual elementor-field  elementor-size-md\" name=\"form_fields[message]\" id=\"form-field-message\" rows=\"6\"><\/textarea>\t\t\t\t<\/div>\n\t\t\t\t\t\t\t\t<div class=\"elementor-field-type-acceptance elementor-field-group elementor-column elementor-field-group-field_8b765b3 elementor-col-100\">\n\t\t\t\t\t\t\t<div class=\"elementor-field-subgroup\">\n\t\t\t<span class=\"elementor-field-option\">\n\t\t\t\t<input type=\"checkbox\" name=\"form_fields[field_8b765b3]\" id=\"form-field-field_8b765b3\" class=\"elementor-field elementor-size-md  elementor-acceptance-field\">\n\t\t\t\t<label for=\"form-field-field_8b765b3\"> He le\u00eddo y acepto la Pol\u00edtica de Privacidad de ESTRINT.<br><br><span>Los datos recopilados a trav\u00e9s de este formulario ser\u00e1n tratados por ESTRINT con el fin de gestionar sus consultas como usuario de la web. La base de legitimaci\u00f3n ser\u00e1 su consentimiento, por eso le recomendamos que lea atentamente nuestra Pol\u00edtica de Privacidad completa. Sus datos no ser\u00e1n cedidas a ning\u00fan otro responsable del tratamiento. Los datos que nos facilita ser\u00e1n conservados un m\u00e1ximo de doce meses. Puede ejercer sus derechos de protecci\u00f3n de datos ante el propio responsable en estrint@estrint.com o dirigi\u00e9ndose a nuestro Delegado de Protecci\u00f3n de Datos: dpo@cplegalconsulting.com.<\/span><\/label>\t\t\t<\/span>\n\t\t<\/div>\n\t\t\t\t\t\t<\/div>\n\t\t\t\t\t\t\t\t<div class=\"elementor-field-type-recaptcha_v3 elementor-field-group elementor-column elementor-field-group-field_0f346e4 elementor-col-100 recaptcha_v3-bottomright\">\n\t\t\t\t\t<div class=\"elementor-field\" id=\"form-field-field_0f346e4\"><div class=\"elementor-g-recaptcha\" data-sitekey=\"6Lf8v4UpAAAAAFUkMZdkhTZnf3hUOIFyQ4j3cbrG\" data-type=\"v3\" data-action=\"Form\" data-badge=\"bottomright\" data-size=\"invisible\"><\/div><\/div>\t\t\t\t<\/div>\n\t\t\t\t\t\t\t\t<div class=\"elementor-field-group elementor-column elementor-field-type-submit elementor-col-100 e-form__buttons\">\n\t\t\t\t\t<button class=\"elementor-button elementor-size-sm\" type=\"submit\">\n\t\t\t\t\t\t<span class=\"elementor-button-content-wrapper\">\n\t\t\t\t\t\t\t\t\t\t\t\t\t\t\t\t\t\t\t\t\t\t<span class=\"elementor-button-text\">Enviar<\/span>\n\t\t\t\t\t\t\t\t\t\t\t\t\t<\/span>\n\t\t\t\t\t<\/button>\n\t\t\t\t<\/div>\n\t\t\t<\/div>\n\t\t<\/form>\n\t\t\t\t\t\t<\/div>\n\t\t\t\t<\/div>\n\t\t\t\t\t<\/div>\n\t\t\t\t<\/div>\n\t\t<div class=\"elementor-element elementor-element-a6b4443 c-box e-flex e-con-boxed e-con e-parent\" data-id=\"a6b4443\" data-element_type=\"container\" data-e-type=\"container\" data-settings=\"{&quot;jet_parallax_layout_list&quot;:[]}\">\n\t\t\t\t\t<div class=\"e-con-inner\">\n\t\t<div class=\"elementor-element elementor-element-53d33fb e-con-full e-flex e-con e-child\" data-id=\"53d33fb\" data-element_type=\"container\" data-e-type=\"container\" data-settings=\"{&quot;jet_parallax_layout_list&quot;:[]}\">\n\t\t\t\t<div class=\"elementor-element elementor-element-5dbb130 n-long-text elementor-widget elementor-widget-heading\" data-id=\"5dbb130\" data-element_type=\"widget\" data-e-type=\"widget\" data-widget_type=\"heading.default\">\n\t\t\t\t<div class=\"elementor-widget-container\">\n\t\t\t\t\t<h2 class=\"elementor-heading-title elementor-size-default\">\u00bfQuieres hablar directamente <br>con nosotros?<\/h2>\t\t\t\t<\/div>\n\t\t\t\t<\/div>\n\t\t\t\t<div class=\"elementor-element elementor-element-39dbdf6 n-long-text estrint-links elementor-widget elementor-widget-heading\" data-id=\"39dbdf6\" data-element_type=\"widget\" data-e-type=\"widget\" data-widget_type=\"heading.default\">\n\t\t\t\t<div class=\"elementor-widget-container\">\n\t\t\t\t\t<h2 class=\"elementor-heading-title elementor-size-default\"><a href=\"tel:00376804848\">Ll\u00e1manos ahora<\/a><\/h2>\t\t\t\t<\/div>\n\t\t\t\t<\/div>\n\t\t\t\t<div class=\"elementor-element elementor-element-06c8cfc n-long-text estrint-links elementor-widget elementor-widget-heading\" data-id=\"06c8cfc\" data-element_type=\"widget\" data-e-type=\"widget\" data-widget_type=\"heading.default\">\n\t\t\t\t<div class=\"elementor-widget-container\">\n\t\t\t\t\t<h2 class=\"elementor-heading-title elementor-size-default\"><a href=\"mailto:estrint@estrint.com\">Env\u00edanos un correo<\/a><\/h2>\t\t\t\t<\/div>\n\t\t\t\t<\/div>\n\t\t\t\t<\/div>\n\t\t<div class=\"elementor-element elementor-element-35314fe e-con-full e-flex e-con e-child\" data-id=\"35314fe\" data-element_type=\"container\" data-e-type=\"container\" data-settings=\"{&quot;jet_parallax_layout_list&quot;:[]}\">\n\t\t\t\t<div class=\"elementor-element elementor-element-b8ba557 elementor-widget elementor-widget-jet-map\" data-id=\"b8ba557\" data-element_type=\"widget\" data-e-type=\"widget\" data-widget_type=\"jet-map.default\">\n\t\t\t\t<div class=\"elementor-widget-container\">\n\t\t\t\t\t<div class=\"jet-map\" data-init=\"{&quot;center&quot;:{&quot;lat&quot;:42.5070507,&quot;lng&quot;:1.5316666},&quot;zoom&quot;:18,&quot;scrollwheel&quot;:false,&quot;zoomControl&quot;:false,&quot;fullscreenControl&quot;:false,&quot;streetViewControl&quot;:false,&quot;mapTypeControl&quot;:false,&quot;pinsAutoClose&quot;:true,&quot;styles&quot;:[{&quot;featureType&quot;:&quot;administrative&quot;,&quot;elementType&quot;:&quot;all&quot;,&quot;stylers&quot;:[{&quot;saturation&quot;:&quot;-100&quot;}]},{&quot;featureType&quot;:&quot;administrative.province&quot;,&quot;elementType&quot;:&quot;all&quot;,&quot;stylers&quot;:[{&quot;visibility&quot;:&quot;off&quot;}]},{&quot;featureType&quot;:&quot;landscape&quot;,&quot;elementType&quot;:&quot;all&quot;,&quot;stylers&quot;:[{&quot;saturation&quot;:-100},{&quot;lightness&quot;:65},{&quot;visibility&quot;:&quot;on&quot;}]},{&quot;featureType&quot;:&quot;poi&quot;,&quot;elementType&quot;:&quot;all&quot;,&quot;stylers&quot;:[{&quot;saturation&quot;:-100},{&quot;lightness&quot;:&quot;50&quot;},{&quot;visibility&quot;:&quot;simplified&quot;}]},{&quot;featureType&quot;:&quot;road&quot;,&quot;elementType&quot;:&quot;all&quot;,&quot;stylers&quot;:[{&quot;saturation&quot;:&quot;-100&quot;}]},{&quot;featureType&quot;:&quot;road.highway&quot;,&quot;elementType&quot;:&quot;all&quot;,&quot;stylers&quot;:[{&quot;visibility&quot;:&quot;simplified&quot;}]},{&quot;featureType&quot;:&quot;road.arterial&quot;,&quot;elementType&quot;:&quot;all&quot;,&quot;stylers&quot;:[{&quot;lightness&quot;:&quot;30&quot;}]},{&quot;featureType&quot;:&quot;road.local&quot;,&quot;elementType&quot;:&quot;all&quot;,&quot;stylers&quot;:[{&quot;lightness&quot;:&quot;40&quot;}]},{&quot;featureType&quot;:&quot;transit&quot;,&quot;elementType&quot;:&quot;all&quot;,&quot;stylers&quot;:[{&quot;saturation&quot;:-100},{&quot;visibility&quot;:&quot;simplified&quot;}]},{&quot;featureType&quot;:&quot;water&quot;,&quot;elementType&quot;:&quot;geometry&quot;,&quot;stylers&quot;:[{&quot;hue&quot;:&quot;#ffff00&quot;},{&quot;lightness&quot;:-25},{&quot;saturation&quot;:-97}]},{&quot;featureType&quot;:&quot;water&quot;,&quot;elementType&quot;:&quot;labels&quot;,&quot;stylers&quot;:[{&quot;lightness&quot;:-25},{&quot;saturation&quot;:-100}]}]}\" data-pins=\"[{&quot;address&quot;:&quot;Calle, Carrer Verge del Pilar, 4, 4\\u00ba piso puerta B, AD500 Andorra la Vella&quot;,&quot;position&quot;:{&quot;lat&quot;:42.5070507,&quot;lng&quot;:1.5316666},&quot;desc&quot;:&quot;&lt;p&gt;Estrint&lt;\\\/p&gt;&quot;,&quot;state&quot;:&quot;hidden&quot;}]\"><\/div>\t\t\t\t<\/div>\n\t\t\t\t<\/div>\n\t\t\t\t<\/div>\n\t\t\t\t\t<\/div>\n\t\t\t\t<\/div>\n\t\t\t\t<\/div>\n\t\t","protected":false},"excerpt":{"rendered":"<p>Hablemos de tu proyecto. Estamos aqu\u00ed para ayudarte a hacer realidad tus ideas. Cont\u00e1ctanos y empecemos. \u00bfQuieres hablar directamente con nosotros? Ll\u00e1manos ahora Env\u00edanos un correo<\/p>\n","protected":false},"author":2,"featured_media":0,"parent":14600,"menu_order":0,"comment_status":"closed","ping_status":"closed","template":"elementor_header_footer","meta":{"footnotes":""},"class_list":["post-14629","page","type-page","status-publish","hentry"],"yoast_head":"<!-- This site is optimized with the Yoast SEO plugin v27.4 - https:\/\/yoast.com\/product\/yoast-seo-wordpress\/ -->\n<title>Contacto - Nodum Corporate<\/title>\n<meta name=\"robots\" content=\"index, follow, max-snippet:-1, max-image-preview:large, max-video-preview:-1\" \/>\n<link rel=\"canonical\" href=\"https:\/\/nodumcorporate.com\/es\/estrint\/contacto\/\" \/>\n<meta property=\"og:locale\" content=\"es_ES\" \/>\n<meta property=\"og:type\" content=\"article\" \/>\n<meta property=\"og:title\" content=\"Contacto - Nodum Corporate\" \/>\n<meta property=\"og:description\" content=\"Hablemos de tu proyecto. Estamos aqu\u00ed para ayudarte a hacer realidad tus ideas. Cont\u00e1ctanos y empecemos. \u00bfQuieres hablar directamente con nosotros? Ll\u00e1manos ahora Env\u00edanos un correo\" \/>\n<meta property=\"og:url\" content=\"https:\/\/nodumcorporate.com\/es\/estrint\/contacto\/\" \/>\n<meta property=\"og:site_name\" content=\"Nodum Corporate\" \/>\n<meta property=\"article:modified_time\" content=\"2025-02-28T10:31:51+00:00\" \/>\n<meta property=\"og:image\" content=\"https:\/\/nodumcorporate.com\/wp-content\/uploads\/2025\/02\/despatx-estrint.jpg\" \/>\n\t<meta property=\"og:image:width\" content=\"1500\" \/>\n\t<meta property=\"og:image:height\" content=\"1000\" \/>\n\t<meta property=\"og:image:type\" content=\"image\/jpeg\" \/>\n<meta name=\"twitter:card\" content=\"summary_large_image\" \/>\n<script type=\"application\/ld+json\" class=\"yoast-schema-graph\">{\"@context\":\"https:\\\/\\\/schema.org\",\"@graph\":[{\"@type\":\"WebPage\",\"@id\":\"https:\\\/\\\/nodumcorporate.com\\\/es\\\/estrint\\\/contacto\\\/\",\"url\":\"https:\\\/\\\/nodumcorporate.com\\\/es\\\/estrint\\\/contacto\\\/\",\"name\":\"Contacto - Nodum Corporate\",\"isPartOf\":{\"@id\":\"https:\\\/\\\/nodumcorporate.com\\\/es\\\/#website\"},\"primaryImageOfPage\":{\"@id\":\"https:\\\/\\\/nodumcorporate.com\\\/es\\\/estrint\\\/contacto\\\/#primaryimage\"},\"image\":{\"@id\":\"https:\\\/\\\/nodumcorporate.com\\\/es\\\/estrint\\\/contacto\\\/#primaryimage\"},\"thumbnailUrl\":\"https:\\\/\\\/nodumcorporate.com\\\/wp-content\\\/uploads\\\/2025\\\/02\\\/despatx-estrint.jpg\",\"datePublished\":\"2025-01-14T11:05:18+00:00\",\"dateModified\":\"2025-02-28T10:31:51+00:00\",\"breadcrumb\":{\"@id\":\"https:\\\/\\\/nodumcorporate.com\\\/es\\\/estrint\\\/contacto\\\/#breadcrumb\"},\"inLanguage\":\"es\",\"potentialAction\":[{\"@type\":\"ReadAction\",\"target\":[\"https:\\\/\\\/nodumcorporate.com\\\/es\\\/estrint\\\/contacto\\\/\"]}]},{\"@type\":\"ImageObject\",\"inLanguage\":\"es\",\"@id\":\"https:\\\/\\\/nodumcorporate.com\\\/es\\\/estrint\\\/contacto\\\/#primaryimage\",\"url\":\"https:\\\/\\\/nodumcorporate.com\\\/wp-content\\\/uploads\\\/2025\\\/02\\\/despatx-estrint.jpg\",\"contentUrl\":\"https:\\\/\\\/nodumcorporate.com\\\/wp-content\\\/uploads\\\/2025\\\/02\\\/despatx-estrint.jpg\"},{\"@type\":\"BreadcrumbList\",\"@id\":\"https:\\\/\\\/nodumcorporate.com\\\/es\\\/estrint\\\/contacto\\\/#breadcrumb\",\"itemListElement\":[{\"@type\":\"ListItem\",\"position\":1,\"name\":\"Estrint\",\"item\":\"https:\\\/\\\/nodumcorporate.com\\\/es\\\/estrint\\\/\"},{\"@type\":\"ListItem\",\"position\":2,\"name\":\"Contacto\"}]},{\"@type\":\"WebSite\",\"@id\":\"https:\\\/\\\/nodumcorporate.com\\\/es\\\/#website\",\"url\":\"https:\\\/\\\/nodumcorporate.com\\\/es\\\/\",\"name\":\"Nodum Corporate\",\"description\":\"\",\"potentialAction\":[{\"@type\":\"SearchAction\",\"target\":{\"@type\":\"EntryPoint\",\"urlTemplate\":\"https:\\\/\\\/nodumcorporate.com\\\/es\\\/?s={search_term_string}\"},\"query-input\":{\"@type\":\"PropertyValueSpecification\",\"valueRequired\":true,\"valueName\":\"search_term_string\"}}],\"inLanguage\":\"es\"}]}<\/script>\n<!-- \/ Yoast SEO plugin. -->","yoast_head_json":{"title":"Contacto - Nodum Corporate","robots":{"index":"index","follow":"follow","max-snippet":"max-snippet:-1","max-image-preview":"max-image-preview:large","max-video-preview":"max-video-preview:-1"},"canonical":"https:\/\/nodumcorporate.com\/es\/estrint\/contacto\/","og_locale":"es_ES","og_type":"article","og_title":"Contacto - Nodum Corporate","og_description":"Hablemos de tu proyecto. Estamos aqu\u00ed para ayudarte a hacer realidad tus ideas. Cont\u00e1ctanos y empecemos. \u00bfQuieres hablar directamente con nosotros? Ll\u00e1manos ahora Env\u00edanos un correo","og_url":"https:\/\/nodumcorporate.com\/es\/estrint\/contacto\/","og_site_name":"Nodum Corporate","article_modified_time":"2025-02-28T10:31:51+00:00","og_image":[{"width":1500,"height":1000,"url":"https:\/\/nodumcorporate.com\/wp-content\/uploads\/2025\/02\/despatx-estrint.jpg","type":"image\/jpeg"}],"twitter_card":"summary_large_image","schema":{"@context":"https:\/\/schema.org","@graph":[{"@type":"WebPage","@id":"https:\/\/nodumcorporate.com\/es\/estrint\/contacto\/","url":"https:\/\/nodumcorporate.com\/es\/estrint\/contacto\/","name":"Contacto - Nodum Corporate","isPartOf":{"@id":"https:\/\/nodumcorporate.com\/es\/#website"},"primaryImageOfPage":{"@id":"https:\/\/nodumcorporate.com\/es\/estrint\/contacto\/#primaryimage"},"image":{"@id":"https:\/\/nodumcorporate.com\/es\/estrint\/contacto\/#primaryimage"},"thumbnailUrl":"https:\/\/nodumcorporate.com\/wp-content\/uploads\/2025\/02\/despatx-estrint.jpg","datePublished":"2025-01-14T11:05:18+00:00","dateModified":"2025-02-28T10:31:51+00:00","breadcrumb":{"@id":"https:\/\/nodumcorporate.com\/es\/estrint\/contacto\/#breadcrumb"},"inLanguage":"es","potentialAction":[{"@type":"ReadAction","target":["https:\/\/nodumcorporate.com\/es\/estrint\/contacto\/"]}]},{"@type":"ImageObject","inLanguage":"es","@id":"https:\/\/nodumcorporate.com\/es\/estrint\/contacto\/#primaryimage","url":"https:\/\/nodumcorporate.com\/wp-content\/uploads\/2025\/02\/despatx-estrint.jpg","contentUrl":"https:\/\/nodumcorporate.com\/wp-content\/uploads\/2025\/02\/despatx-estrint.jpg"},{"@type":"BreadcrumbList","@id":"https:\/\/nodumcorporate.com\/es\/estrint\/contacto\/#breadcrumb","itemListElement":[{"@type":"ListItem","position":1,"name":"Estrint","item":"https:\/\/nodumcorporate.com\/es\/estrint\/"},{"@type":"ListItem","position":2,"name":"Contacto"}]},{"@type":"WebSite","@id":"https:\/\/nodumcorporate.com\/es\/#website","url":"https:\/\/nodumcorporate.com\/es\/","name":"Nodum Corporate","description":"","potentialAction":[{"@type":"SearchAction","target":{"@type":"EntryPoint","urlTemplate":"https:\/\/nodumcorporate.com\/es\/?s={search_term_string}"},"query-input":{"@type":"PropertyValueSpecification","valueRequired":true,"valueName":"search_term_string"}}],"inLanguage":"es"}]}},"_links":{"self":[{"href":"https:\/\/nodumcorporate.com\/es\/wp-json\/wp\/v2\/pages\/14629","targetHints":{"allow":["GET"]}}],"collection":[{"href":"https:\/\/nodumcorporate.com\/es\/wp-json\/wp\/v2\/pages"}],"about":[{"href":"https:\/\/nodumcorporate.com\/es\/wp-json\/wp\/v2\/types\/page"}],"author":[{"embeddable":true,"href":"https:\/\/nodumcorporate.com\/es\/wp-json\/wp\/v2\/users\/2"}],"replies":[{"embeddable":true,"href":"https:\/\/nodumcorporate.com\/es\/wp-json\/wp\/v2\/comments?post=14629"}],"version-history":[{"count":4,"href":"https:\/\/nodumcorporate.com\/es\/wp-json\/wp\/v2\/pages\/14629\/revisions"}],"predecessor-version":[{"id":16122,"href":"https:\/\/nodumcorporate.com\/es\/wp-json\/wp\/v2\/pages\/14629\/revisions\/16122"}],"up":[{"embeddable":true,"href":"https:\/\/nodumcorporate.com\/es\/wp-json\/wp\/v2\/pages\/14600"}],"wp:attachment":[{"href":"https:\/\/nodumcorporate.com\/es\/wp-json\/wp\/v2\/media?parent=14629"}],"curies":[{"name":"wp","href":"https:\/\/api.w.org\/{rel}","templated":true}]}}