{"id":7657,"date":"2024-05-29T09:19:28","date_gmt":"2024-05-29T09:19:28","guid":{"rendered":"https:\/\/nodumcorporate.com\/fidencis\/aviso-legal\/"},"modified":"2024-06-11T15:41:27","modified_gmt":"2024-06-11T15:41:27","slug":"aviso-legal","status":"publish","type":"page","link":"https:\/\/nodumcorporate.com\/es\/fidencis\/aviso-legal\/","title":{"rendered":"Aviso legal"},"content":{"rendered":"\n<p>Gracias por visitar la p\u00e1gina web de FIDENCIS, S.L. El acceso est\u00e1 restringido a la aceptaci\u00f3n de las condiciones de uso siguientes, las cuales pueden ser modificadas por FIDENCIS en cualquier momento y sin previo aviso.<\/p>\n\n<p><strong>Al utilizar este SITIO WEB acepta cumplir con los t\u00e9rminos expresados en este aviso y las modificaciones subsecuentes que FIDENCIS pudiera implementar ocasionalmente. Si no aceptara las condiciones de este Acuerdo, no tiene que utilizar esta p\u00e1gina web.<\/strong><\/p>\n\n<h3 class=\"wp-block-heading\">INFORMACI\u00d3N LEGAL<\/h3>\n\n<p>A continuaci\u00f3n, se indican los datos de informaci\u00f3n general de este SITIO WEB:<\/p>\n\n<p>Titular: FIDENCIS, S.L.<\/p>\n\n<ul class=\"wp-block-list\">\n<li>NRT: L-714773-U<\/li>\n\n\n\n<li>Direcci\u00f3n postal: Carrer Verge del Pilar 4, 4 pis, porta B. (AD500) Andorra la Vella, Principat d\u2019Andorra.<\/li>\n\n\n\n<li>Tel\u00e9fono: (+376) 82 82 65<\/li>\n\n\n\n<li>Direcci\u00f3n electr\u00f3nica: <a href=\"mailto:info@fidencis.com\">info@fidencis.com<\/a><\/li>\n<\/ul>\n\n<p>La visita a este SITIO WEB atribuye la condici\u00f3n de \u201cUSUARIO\u201d al visitante, con independencia de la condici\u00f3n de \u201cCLIENTE\u201d que este usuario pueda tener con FIDENCIS. <\/p>\n\n<p>El objetivo de este SITIO WEB es ofrecer a los CLIENTES y\/o USUARIOS informaci\u00f3n relativa a productos y servicios de FIDENCIS. <\/p>\n\n<p>El USUARIO, mediante el acceso a todos los contenidos que forman parte del SITIO WEB, puede visitar, obtener informaci\u00f3n de productos y servicios, y dirigir solicitudes y\/o comunicaciones a FIDENCIS. Este acceso implica la aceptaci\u00f3n plena y sin reservas de todas las disposiciones y los t\u00e9rminos de uso que contiene este \u201cAviso legal\u201d.<\/p>\n\n<h3 class=\"wp-block-heading\">&#8211; PROPIEDAD INTELECTUAL E INDUSTRIAL<\/h3>\n\n<p>Todos los contenidos del SITIO WEB, entendiendo por estos a t\u00edtulo meramente enunciativo, los textos, fotograf\u00edas, gr\u00e1ficos, im\u00e1genes, iconos, tecnolog\u00eda, enlaces y otros contenidos audiovisuales o sonoros, as\u00ed como su dise\u00f1o gr\u00e1fico y c\u00f3digos fuente (de ahora en adelante, los \u201cCONTENIDOS\u201d), son propiedad intelectual de FIDENCIS o de terceros. <\/p>\n\n<p>Las marcas, nombres comerciales o signos distintivos son titularidad de FIDENCIS o terceros, sin que pueda entenderse que el acceso al SITIO WEB atribuya ning\u00fan derecho sobre las marcas, nombres comerciales y\/o signos distintivos.<\/p>\n\n<p>La violaci\u00f3n de los anteriores derechos ser\u00e1 perseguida conforme a la legislaci\u00f3n vigente. <\/p>\n\n<p>A efectos de preservar los posibles derechos de propiedad intelectual, en el supuesto de que cualquier USUARIO o un tercero considere que se ha producido una violaci\u00f3n de sus leg\u00edtimos derechos por la introducci\u00f3n de un determinado contenido en el SITIO WEB, tendr\u00e1 que notificar esta circunstancia a FIDENCIS.<\/p>\n\n<p>En cualquier caso, FIDENCIS no asumir\u00e1 responsabilidad respecto de los derechos de Propiedad Intelectual o Industrial titularidad de terceros, que se puedan ver infringidos por un tercero o por el USUARIO.<\/p>\n\n<h3 class=\"wp-block-heading\">CONDICIONES DE USO DEL SITIO WEB<\/h3>\n\n<h4 class=\"wp-block-heading\">CONDICIONES GENERALES<\/h4>\n\n<p>El USUARIO se obliga a hacer un uso correcto del SITIO WEB en conformidad con la Ley y las presentes condiciones de uso. El USUARIO responder\u00e1 frente a FIDENCIS o frente a terceros, de cualesquier da\u00f1os y perjuicios que pudieran acontecer a consecuencia del incumplimiento de esta obligaci\u00f3n.<\/p>\n\n<p>Queda expresamente prohibido el uso del SITIO WEB con fines lesivos de bienes o intereses de FIDENCIS o de terceros, o que de cualquier otra forma sobrecarguen, da\u00f1en o inutilicen las redes, servidores y otros equipos inform\u00e1ticos o productos y aplicaciones inform\u00e1ticas de la entidad o de terceros.<\/p>\n\n<h4 class=\"wp-block-heading\">CONTENIDOS<\/h4>\n\n<p>El USUARIO se compromete a utilizar los Contenidos en conformidad con la Ley y el presente Aviso legal, as\u00ed como con las otras condiciones, reglamentos e instrucciones que, en su caso pudieron ser aplicable.<\/p>\n\n<h3 class=\"wp-block-heading\">EXCLUSI\u00d3N DE RESPONSABILIDAD<\/h3>\n\n<h4 class=\"wp-block-heading\">INFORMACI\u00d3N<\/h4>\n\n<p>El acceso al SITIO WEB no implica la obligaci\u00f3n por parte de FIDENCIS de comprobar la veracidad, exactitud, adecuaci\u00f3n, idoneidad, exhaustividad y actualidad de la informaci\u00f3n suministrada a trav\u00e9s de este. En este sentido, FIDENCIS no garantiza que los contenidos del website tengan que estar permanentemente actualizados, ni que carezcan de cualquier clase de error.<\/p>\n\n<p>FIDENCIS no se responsabiliza por cualquier mal y\/o perjuicio y\/o beneficio dejado de obtener por el USUARIO o por cualquier tercero que se vea perjudicado a consecuencia de estos.<\/p>\n\n<h4 class=\"wp-block-heading\">CALIDAD DEL SERVICIO<\/h4>\n\n<p>El acceso al SITIO WEB no implica la obligaci\u00f3n por parte de FIDENCIS de controlar la ausencia de virus, gusanos o cualquier otro elemento inform\u00e1tico nocivo. Corresponde al USUARIO, la disponibilidad de herramientas adecuadas para la detecci\u00f3n y desinfecci\u00f3n de programas inform\u00e1ticos nocivos.<\/p>\n\n<p>FIDENCIS no se responsabiliza de los da\u00f1os producidos en los equipos inform\u00e1ticos de los USUARIOS o de terceros durante la prestaci\u00f3n del servicio del SITIO WEB.<\/p>\n\n<h4 class=\"wp-block-heading\">DISPONIBILIDAD DEL SERVICIO<\/h4>\n\n<p>El acceso al SITIO WEB requiere servicios y suministros de terceros, incluidas las redes de telecomunicaciones. Por lo tanto, su fiabilidad, calidad, continuidad y funcionamiento depende de terceros. En este sentido, los contenidos prove\u00eddos a trav\u00e9s del SITIO WEB pueden ser suspendidos, cancelados o resultar inaccesibles. <\/p>\n\n<p>FIDENCIS no se responsabiliza de los da\u00f1os o perjuicios de cualquier tipo, producidos por errores o desconexiones en las redes de telecomunicaciones, que se puedan producir por la suspensi\u00f3n, cancelaci\u00f3n o interrupci\u00f3n del servicio del SITIO WEB.<\/p>\n\n<h3 class=\"wp-block-heading\">PROTECCI\u00d3N DE DATOS<\/h3>\n\n<p>Ver la correspondiente <a href=\"https:\/\/nodumcorporate.com\/es\/fidencis\/politica-de-privacidad\/\">Pol\u00edtica de Privacidad.<\/a><\/p>\n\n<h3 class=\"wp-block-heading\">JURISDICCI\u00d3N Y LEY APLICABLE<\/h3>\n\n<p>Este Aviso Legal se rige por la legislaci\u00f3n andorrana.<\/p>\n\n<p>Los USUARIOS de este SITIO WEB se someten a la jurisdicci\u00f3n andorrana, con renuncia expresa a cualquier otro fuero que, conforme a Derecho, les pudiera corresponder.<\/p>\n\n<p>FIDENCIS se reserva la facultad de efectuar, en cualquier momento y sin necesidad de aviso previo, modificaciones y actualizaciones de la informaci\u00f3n que contiene el SITIO WEB o de la configuraci\u00f3n y\/o presentaci\u00f3n de este.<\/p>\n\n<p><strong>\u00daltima actualizaci\u00f3n: 02 de abril del 2024.<\/strong><\/p>\n","protected":false},"excerpt":{"rendered":"<p>Gracias por visitar la p\u00e1gina web de FIDENCIS, S.L. El acceso est\u00e1 restringido a la aceptaci\u00f3n de las condiciones de uso siguientes, las cuales pueden ser modificadas por FIDENCIS en cualquier momento y sin previo aviso. Al utilizar este SITIO WEB acepta cumplir con los t\u00e9rminos expresados en este aviso y las modificaciones subsecuentes que [&hellip;]<\/p>\n","protected":false},"author":2,"featured_media":0,"parent":7569,"menu_order":0,"comment_status":"closed","ping_status":"closed","template":"","meta":{"footnotes":""},"class_list":["post-7657","page","type-page","status-publish","hentry"],"yoast_head":"<!-- This site is optimized with the Yoast SEO plugin v25.4 - https:\/\/yoast.com\/wordpress\/plugins\/seo\/ -->\n<title>Aviso legal - Nodum Corporate<\/title>\n<meta name=\"robots\" content=\"index, follow, max-snippet:-1, max-image-preview:large, max-video-preview:-1\" \/>\n<link rel=\"canonical\" href=\"https:\/\/nodumcorporate.com\/es\/fidencis\/aviso-legal\/\" \/>\n<meta property=\"og:locale\" content=\"es_ES\" \/>\n<meta property=\"og:type\" content=\"article\" \/>\n<meta property=\"og:title\" content=\"Aviso legal - Nodum Corporate\" \/>\n<meta property=\"og:description\" content=\"Gracias por visitar la p\u00e1gina web de FIDENCIS, S.L. El acceso est\u00e1 restringido a la aceptaci\u00f3n de las condiciones de uso siguientes, las cuales pueden ser modificadas por FIDENCIS en cualquier momento y sin previo aviso. Al utilizar este SITIO WEB acepta cumplir con los t\u00e9rminos expresados en este aviso y las modificaciones subsecuentes que [&hellip;]\" \/>\n<meta property=\"og:url\" content=\"https:\/\/nodumcorporate.com\/es\/fidencis\/aviso-legal\/\" \/>\n<meta property=\"og:site_name\" content=\"Nodum Corporate\" \/>\n<meta property=\"article:modified_time\" content=\"2024-06-11T15:41:27+00:00\" \/>\n<meta name=\"twitter:card\" content=\"summary_large_image\" \/>\n<meta name=\"twitter:label1\" content=\"Tiempo de lectura\" \/>\n\t<meta name=\"twitter:data1\" content=\"5 minutos\" \/>\n<script type=\"application\/ld+json\" class=\"yoast-schema-graph\">{\"@context\":\"https:\/\/schema.org\",\"@graph\":[{\"@type\":\"WebPage\",\"@id\":\"https:\/\/nodumcorporate.com\/es\/fidencis\/aviso-legal\/\",\"url\":\"https:\/\/nodumcorporate.com\/es\/fidencis\/aviso-legal\/\",\"name\":\"Aviso legal - Nodum Corporate\",\"isPartOf\":{\"@id\":\"https:\/\/nodumcorporate.com\/es\/#website\"},\"datePublished\":\"2024-05-29T09:19:28+00:00\",\"dateModified\":\"2024-06-11T15:41:27+00:00\",\"breadcrumb\":{\"@id\":\"https:\/\/nodumcorporate.com\/es\/fidencis\/aviso-legal\/#breadcrumb\"},\"inLanguage\":\"es\",\"potentialAction\":[{\"@type\":\"ReadAction\",\"target\":[\"https:\/\/nodumcorporate.com\/es\/fidencis\/aviso-legal\/\"]}]},{\"@type\":\"BreadcrumbList\",\"@id\":\"https:\/\/nodumcorporate.com\/es\/fidencis\/aviso-legal\/#breadcrumb\",\"itemListElement\":[{\"@type\":\"ListItem\",\"position\":1,\"name\":\"Fidencis\",\"item\":\"https:\/\/nodumcorporate.com\/es\/fidencis\/\"},{\"@type\":\"ListItem\",\"position\":2,\"name\":\"Aviso legal\"}]},{\"@type\":\"WebSite\",\"@id\":\"https:\/\/nodumcorporate.com\/es\/#website\",\"url\":\"https:\/\/nodumcorporate.com\/es\/\",\"name\":\"Nodum Corporate\",\"description\":\"\",\"potentialAction\":[{\"@type\":\"SearchAction\",\"target\":{\"@type\":\"EntryPoint\",\"urlTemplate\":\"https:\/\/nodumcorporate.com\/es\/?s={search_term_string}\"},\"query-input\":{\"@type\":\"PropertyValueSpecification\",\"valueRequired\":true,\"valueName\":\"search_term_string\"}}],\"inLanguage\":\"es\"}]}<\/script>\n<!-- \/ Yoast SEO plugin. -->","yoast_head_json":{"title":"Aviso legal - Nodum Corporate","robots":{"index":"index","follow":"follow","max-snippet":"max-snippet:-1","max-image-preview":"max-image-preview:large","max-video-preview":"max-video-preview:-1"},"canonical":"https:\/\/nodumcorporate.com\/es\/fidencis\/aviso-legal\/","og_locale":"es_ES","og_type":"article","og_title":"Aviso legal - Nodum Corporate","og_description":"Gracias por visitar la p\u00e1gina web de FIDENCIS, S.L. El acceso est\u00e1 restringido a la aceptaci\u00f3n de las condiciones de uso siguientes, las cuales pueden ser modificadas por FIDENCIS en cualquier momento y sin previo aviso. Al utilizar este SITIO WEB acepta cumplir con los t\u00e9rminos expresados en este aviso y las modificaciones subsecuentes que [&hellip;]","og_url":"https:\/\/nodumcorporate.com\/es\/fidencis\/aviso-legal\/","og_site_name":"Nodum Corporate","article_modified_time":"2024-06-11T15:41:27+00:00","twitter_card":"summary_large_image","twitter_misc":{"Tiempo de lectura":"5 minutos"},"schema":{"@context":"https:\/\/schema.org","@graph":[{"@type":"WebPage","@id":"https:\/\/nodumcorporate.com\/es\/fidencis\/aviso-legal\/","url":"https:\/\/nodumcorporate.com\/es\/fidencis\/aviso-legal\/","name":"Aviso legal - Nodum Corporate","isPartOf":{"@id":"https:\/\/nodumcorporate.com\/es\/#website"},"datePublished":"2024-05-29T09:19:28+00:00","dateModified":"2024-06-11T15:41:27+00:00","breadcrumb":{"@id":"https:\/\/nodumcorporate.com\/es\/fidencis\/aviso-legal\/#breadcrumb"},"inLanguage":"es","potentialAction":[{"@type":"ReadAction","target":["https:\/\/nodumcorporate.com\/es\/fidencis\/aviso-legal\/"]}]},{"@type":"BreadcrumbList","@id":"https:\/\/nodumcorporate.com\/es\/fidencis\/aviso-legal\/#breadcrumb","itemListElement":[{"@type":"ListItem","position":1,"name":"Fidencis","item":"https:\/\/nodumcorporate.com\/es\/fidencis\/"},{"@type":"ListItem","position":2,"name":"Aviso legal"}]},{"@type":"WebSite","@id":"https:\/\/nodumcorporate.com\/es\/#website","url":"https:\/\/nodumcorporate.com\/es\/","name":"Nodum Corporate","description":"","potentialAction":[{"@type":"SearchAction","target":{"@type":"EntryPoint","urlTemplate":"https:\/\/nodumcorporate.com\/es\/?s={search_term_string}"},"query-input":{"@type":"PropertyValueSpecification","valueRequired":true,"valueName":"search_term_string"}}],"inLanguage":"es"}]}},"_links":{"self":[{"href":"https:\/\/nodumcorporate.com\/es\/wp-json\/wp\/v2\/pages\/7657","targetHints":{"allow":["GET"]}}],"collection":[{"href":"https:\/\/nodumcorporate.com\/es\/wp-json\/wp\/v2\/pages"}],"about":[{"href":"https:\/\/nodumcorporate.com\/es\/wp-json\/wp\/v2\/types\/page"}],"author":[{"embeddable":true,"href":"https:\/\/nodumcorporate.com\/es\/wp-json\/wp\/v2\/users\/2"}],"replies":[{"embeddable":true,"href":"https:\/\/nodumcorporate.com\/es\/wp-json\/wp\/v2\/comments?post=7657"}],"version-history":[{"count":5,"href":"https:\/\/nodumcorporate.com\/es\/wp-json\/wp\/v2\/pages\/7657\/revisions"}],"predecessor-version":[{"id":8108,"href":"https:\/\/nodumcorporate.com\/es\/wp-json\/wp\/v2\/pages\/7657\/revisions\/8108"}],"up":[{"embeddable":true,"href":"https:\/\/nodumcorporate.com\/es\/wp-json\/wp\/v2\/pages\/7569"}],"wp:attachment":[{"href":"https:\/\/nodumcorporate.com\/es\/wp-json\/wp\/v2\/media?parent=7657"}],"curies":[{"name":"wp","href":"https:\/\/api.w.org\/{rel}","templated":true}]}}