{"id":7661,"date":"2024-05-29T09:31:50","date_gmt":"2024-05-29T09:31:50","guid":{"rendered":"https:\/\/nodumcorporate.com\/fidencis\/politica-de-privacidad\/"},"modified":"2024-06-13T12:24:30","modified_gmt":"2024-06-13T12:24:30","slug":"politica-de-privacidad","status":"publish","type":"page","link":"https:\/\/nodumcorporate.com\/es\/fidencis\/politica-de-privacidad\/","title":{"rendered":"Pol\u00edtica de privacidad"},"content":{"rendered":"\n<h3 class=\"wp-block-heading\">POL\u00cdTICA DE PRIVACIDAD PARA USUARIOS \u2013 FORMULARIO DE CONTACTO<\/h3>\n\n<p>De acuerdo con lo establecido en la Ley 29\/2021, de 28 de octubre, Calificada de Protecci\u00f3n de Datos personales (LQPD), y el Decreto 391\/2022, de 28-9-2022, de aprobaci\u00f3n del Reglamento de aplicaci\u00f3n de la Ley 29\/2021, de 28 de octubre, calificada de protecci\u00f3n de datos personales, le informamos que sus datos de car\u00e1cter personal recogidos a trav\u00e9s del \u00abFormulario de Contacto\u00bb, ser\u00e1n tratados por el Responsable del Tratamiento:<\/p>\n\n<p>Responsable del tratamiento: FIDENCIS, S.L.<\/p>\n\n<ul class=\"wp-block-list\">\n<li>NRT: L-714773-U<\/li>\n\n\n\n<li>Direcci\u00f3n postal: Carrer Verge del Pilar 4, 4 pis, porta B. (AD500) Andorra la Vella, Principat d\u2019Andorra.<\/li>\n\n\n\n<li>Tel\u00e9fono: (+376) 82 82 65<\/li>\n\n\n\n<li>Direcci\u00f3n electr\u00f3nica: <a href=\"mailto:info@fidencis.com\">info@fidencis.com<\/a><\/li>\n<\/ul>\n\n<p>Delegado de Protecci\u00f3n de Datos: CP COMPLIANCE I PRIVACITAT LEGAL, S.L.U.<\/p>\n\n<ul class=\"wp-block-list\">\n<li>Tel\u00e9fono de contacto: (+376) 38 00 17<\/li>\n\n\n\n<li>Direcci\u00f3n electr\u00f3nica: <a href=\"mailto:dpo@cplegalconsulting.com\">dpo@cplegalconsulting.com<\/a><\/li>\n<\/ul>\n\n<p>Sus datos ser\u00e1n tratados con el fin de gestionar las solicitudes o consultas que nos haga a trav\u00e9s del Formulario de Contacto en nuestra web. Nos podremos poner en contacto con usted a trav\u00e9s de correo electr\u00f3nico o por v\u00eda telef\u00f3nica, a raz\u00f3n de los datos que nos ha facilitado.<\/p>\n\n<p>La base legitimadora del tratamiento de sus datos personales se fundamenta en su consentimiento otorgado a trav\u00e9s de la aceptaci\u00f3n de la presente pol\u00edtica de privacidad. <\/p>\n\n<p>As\u00ed mismo, le informamos que el tratamiento de los datos no comporta decisiones automatizadas, ni la elaboraci\u00f3n de perfiles con fines predictivos de preferencias personales, comportamientos o actitudes. <\/p>\n\n<p>Sus datos no ser\u00e1n cedidos a otros responsables, nacionales y\/o internacionales; a excepci\u00f3n de las empresas que forman parte del GRUPO NODUM y de aquellos casos en que exista una obligaci\u00f3n legal de hacerlo. Los datos proporcionados se conservar\u00e1n durante el periodo m\u00e1ximo de 12 meses. <\/p>\n\n<p>Usted tiene derecho a no otorgar su consentimiento para el tratamiento de sus datos personales; pero, en este caso, las consecuencias de su negativa implicar\u00e1n la imposibilidad de dar respuesta a su consulta. <\/p>\n\n<p>Aprovechando la ocasi\u00f3n le comunicamos que puede ejercer los derechos de acceso, rectificaci\u00f3n, oposici\u00f3n, supresi\u00f3n, limitaci\u00f3n, y portabilidad, as\u00ed como su decisi\u00f3n a no ser objeto de decisiones individuales automatizadas; poni\u00e9ndose en contacto con el Responsable del Tratamiento a trav\u00e9s del correo electr\u00f3nico <a href=\"mailto:info@fidencis.com\">info@fidencis.com<\/a> o con nuestro Delegado de Protecci\u00f3n de Datos a <a href=\"mailto:dpo@cplegalconsulting.com\">dpo@cplegalconsulting.com.<\/a><\/p>\n\n<p>As\u00ed mismo, en caso de no poder ejercer sus derechos ante el Responsable del Tratamiento, tiene usted derecho a dirigir su reclamaci\u00f3n a la Agencia Andorrana de Protecci\u00f3n de Datos (APDA).<\/p>\n\n<h3 class=\"wp-block-heading\">POLITICA DE PRIVACIDAD NEWSLETTER \u2013 FORMULARIO DE REGISTRO DE NEWSLETTER<\/h3>\n\n<p>De acuerdo con lo establecido en la Ley 29\/2021, de 28 de octubre, Calificada de Protecci\u00f3n de Datos personales (LQPD), y el Decreto 391\/2022, de 28-9-2022, de aprobaci\u00f3n del Reglamento de aplicaci\u00f3n de la Ley 29\/2021, de 28 de octubre, calificada de protecci\u00f3n de datos personales, le informamos que sus datos de car\u00e1cter personal recogidos a trav\u00e9s del \u00abFormulario de Suscripci\u00f3n a la Newsletter\u00bb, ser\u00e1n tratados por el Responsable del Tratamiento:<\/p>\n\n<p>Responsable del tratamiento: FIDENCIS, S.L.<\/p>\n\n<ul class=\"wp-block-list\">\n<li>NRT: L-714773-U<\/li>\n\n\n\n<li>Direcci\u00f3n postal: Carrer Verge del Pilar 4, 4 pis, porta B. (AD500) Andorra la<br\/>Vella, Principat d\u2019Andorra.<\/li>\n\n\n\n<li>Tel\u00e9fono: (+376) 82 82 65<\/li>\n\n\n\n<li>Direcci\u00f3n electr\u00f3nica: <a href=\"mailto:info@fidencis.com\">info@fidencis.com<\/a><\/li>\n<\/ul>\n\n<p>Delegado de Protecci\u00f3n de Datos: CP COMPLIANCE I PRIVACITAT LEGAL,<br\/>S.L.U.<\/p>\n\n<ul class=\"wp-block-list\">\n<li>Tel\u00e9fono de contacto: (+376) 38 00 17<\/li>\n\n\n\n<li>Direcci\u00f3n electr\u00f3nica: <a href=\"mailto:dpo@cplegalconsulting.com\">dpo@cplegalconsulting.com<\/a><\/li>\n<\/ul>\n\n<p>Sus datos ser\u00e1n tratados con el fin de gestionar su suscripci\u00f3n a nuestra Newsletter. Nos podremos poner en contacto con usted a trav\u00e9s de correo electr\u00f3nico o por v\u00eda telef\u00f3nica, a raz\u00f3n de los datos que nos ha facilitado. <\/p>\n\n<p>La base legitimadora del tratamiento de sus datos personales se fundamenta en su consentimiento otorgado a trav\u00e9s de la aceptaci\u00f3n de la presente pol\u00edtica de privacidad.<\/p>\n\n<p>As\u00ed mismo, le informamos que el tratamiento de los datos no comporta decisiones automatizadas, ni la elaboraci\u00f3n de perfiles con fines predictivos de preferencias personales, comportamientos o actitudes.<\/p>\n\n<p>Sus datos no ser\u00e1n cedidos a otros responsables, nacionales y\/o internacionales; a excepci\u00f3n de las empresas que forman parte del GRUPO NODUM y de aquellos casos en que exista una obligaci\u00f3n legal de hacerlo.<\/p>\n\n<p>Los datos proporcionados se conservar\u00e1n mientras dure su suscripci\u00f3n a nuestra newsletter. <\/p>\n\n<p>Usted tiene derecho a no otorgar su consentimiento para el tratamiento de sus datos personales; pero, en este caso, las consecuencias de su negativa implicar\u00e1n la imposibilidad de prestarle nuestro servicio.<\/p>\n\n<p>Aprovechando la ocasi\u00f3n le comunicamos que puede ejercer los derechos de acceso, rectificaci\u00f3n, oposici\u00f3n, supresi\u00f3n, limitaci\u00f3n, y portabilidad, as\u00ed como su decisi\u00f3n a no ser objeto de decisiones individuales automatizadas; poni\u00e9ndose en contacto con el Responsable del Tratamiento a trav\u00e9s del correo electr\u00f3nico <a href=\"mailto:info@fidencis.com\">info@fidencis.com<\/a> o con nuestro Delegado de Protecci\u00f3n de Datos a <a href=\"mailto:dpo@cplegalconsulting.com\">dpo@cplegalconsulting.com.<\/a> <\/p>\n\n<p>As\u00ed mismo, en caso de no poder ejercer sus derechos ante el Responsable del Tratamiento, tiene usted derecho a dirigir su reclamaci\u00f3n a la Agencia Andorrana de Protecci\u00f3n de Datos (APDA).<\/p>\n\n<p><strong>\u00daltima actualizaci\u00f3n: 02 de abril del 2024.<\/strong><\/p>\n","protected":false},"excerpt":{"rendered":"<p>POL\u00cdTICA DE PRIVACIDAD PARA USUARIOS \u2013 FORMULARIO DE CONTACTO De acuerdo con lo establecido en la Ley 29\/2021, de 28 de octubre, Calificada de Protecci\u00f3n de Datos personales (LQPD), y el Decreto 391\/2022, de 28-9-2022, de aprobaci\u00f3n del Reglamento de aplicaci\u00f3n de la Ley 29\/2021, de 28 de octubre, calificada de protecci\u00f3n de datos personales, [&hellip;]<\/p>\n","protected":false},"author":2,"featured_media":0,"parent":7569,"menu_order":0,"comment_status":"closed","ping_status":"closed","template":"","meta":{"footnotes":""},"class_list":["post-7661","page","type-page","status-publish","hentry"],"yoast_head":"<!-- This site is optimized with the Yoast SEO plugin v25.4 - https:\/\/yoast.com\/wordpress\/plugins\/seo\/ -->\n<title>Pol\u00edtica de privacidad - Nodum Corporate<\/title>\n<meta name=\"robots\" content=\"index, follow, max-snippet:-1, max-image-preview:large, max-video-preview:-1\" \/>\n<link rel=\"canonical\" href=\"https:\/\/nodumcorporate.com\/es\/fidencis\/politica-de-privacidad\/\" \/>\n<meta property=\"og:locale\" content=\"es_ES\" \/>\n<meta property=\"og:type\" content=\"article\" \/>\n<meta property=\"og:title\" content=\"Pol\u00edtica de privacidad - Nodum Corporate\" \/>\n<meta property=\"og:description\" content=\"POL\u00cdTICA DE PRIVACIDAD PARA USUARIOS \u2013 FORMULARIO DE CONTACTO De acuerdo con lo establecido en la Ley 29\/2021, de 28 de octubre, Calificada de Protecci\u00f3n de Datos personales (LQPD), y el Decreto 391\/2022, de 28-9-2022, de aprobaci\u00f3n del Reglamento de aplicaci\u00f3n de la Ley 29\/2021, de 28 de octubre, calificada de protecci\u00f3n de datos personales, [&hellip;]\" \/>\n<meta property=\"og:url\" content=\"https:\/\/nodumcorporate.com\/es\/fidencis\/politica-de-privacidad\/\" \/>\n<meta property=\"og:site_name\" content=\"Nodum Corporate\" \/>\n<meta property=\"article:modified_time\" content=\"2024-06-13T12:24:30+00:00\" \/>\n<meta name=\"twitter:card\" content=\"summary_large_image\" \/>\n<meta name=\"twitter:label1\" content=\"Tiempo de lectura\" \/>\n\t<meta name=\"twitter:data1\" content=\"4 minutos\" \/>\n<script type=\"application\/ld+json\" class=\"yoast-schema-graph\">{\"@context\":\"https:\/\/schema.org\",\"@graph\":[{\"@type\":\"WebPage\",\"@id\":\"https:\/\/nodumcorporate.com\/es\/fidencis\/politica-de-privacidad\/\",\"url\":\"https:\/\/nodumcorporate.com\/es\/fidencis\/politica-de-privacidad\/\",\"name\":\"Pol\u00edtica de privacidad - Nodum Corporate\",\"isPartOf\":{\"@id\":\"https:\/\/nodumcorporate.com\/es\/#website\"},\"datePublished\":\"2024-05-29T09:31:50+00:00\",\"dateModified\":\"2024-06-13T12:24:30+00:00\",\"breadcrumb\":{\"@id\":\"https:\/\/nodumcorporate.com\/es\/fidencis\/politica-de-privacidad\/#breadcrumb\"},\"inLanguage\":\"es\",\"potentialAction\":[{\"@type\":\"ReadAction\",\"target\":[\"https:\/\/nodumcorporate.com\/es\/fidencis\/politica-de-privacidad\/\"]}]},{\"@type\":\"BreadcrumbList\",\"@id\":\"https:\/\/nodumcorporate.com\/es\/fidencis\/politica-de-privacidad\/#breadcrumb\",\"itemListElement\":[{\"@type\":\"ListItem\",\"position\":1,\"name\":\"Fidencis\",\"item\":\"https:\/\/nodumcorporate.com\/es\/fidencis\/\"},{\"@type\":\"ListItem\",\"position\":2,\"name\":\"Pol\u00edtica de privacidad\"}]},{\"@type\":\"WebSite\",\"@id\":\"https:\/\/nodumcorporate.com\/es\/#website\",\"url\":\"https:\/\/nodumcorporate.com\/es\/\",\"name\":\"Nodum Corporate\",\"description\":\"\",\"potentialAction\":[{\"@type\":\"SearchAction\",\"target\":{\"@type\":\"EntryPoint\",\"urlTemplate\":\"https:\/\/nodumcorporate.com\/es\/?s={search_term_string}\"},\"query-input\":{\"@type\":\"PropertyValueSpecification\",\"valueRequired\":true,\"valueName\":\"search_term_string\"}}],\"inLanguage\":\"es\"}]}<\/script>\n<!-- \/ Yoast SEO plugin. -->","yoast_head_json":{"title":"Pol\u00edtica de privacidad - Nodum Corporate","robots":{"index":"index","follow":"follow","max-snippet":"max-snippet:-1","max-image-preview":"max-image-preview:large","max-video-preview":"max-video-preview:-1"},"canonical":"https:\/\/nodumcorporate.com\/es\/fidencis\/politica-de-privacidad\/","og_locale":"es_ES","og_type":"article","og_title":"Pol\u00edtica de privacidad - Nodum Corporate","og_description":"POL\u00cdTICA DE PRIVACIDAD PARA USUARIOS \u2013 FORMULARIO DE CONTACTO De acuerdo con lo establecido en la Ley 29\/2021, de 28 de octubre, Calificada de Protecci\u00f3n de Datos personales (LQPD), y el Decreto 391\/2022, de 28-9-2022, de aprobaci\u00f3n del Reglamento de aplicaci\u00f3n de la Ley 29\/2021, de 28 de octubre, calificada de protecci\u00f3n de datos personales, [&hellip;]","og_url":"https:\/\/nodumcorporate.com\/es\/fidencis\/politica-de-privacidad\/","og_site_name":"Nodum Corporate","article_modified_time":"2024-06-13T12:24:30+00:00","twitter_card":"summary_large_image","twitter_misc":{"Tiempo de lectura":"4 minutos"},"schema":{"@context":"https:\/\/schema.org","@graph":[{"@type":"WebPage","@id":"https:\/\/nodumcorporate.com\/es\/fidencis\/politica-de-privacidad\/","url":"https:\/\/nodumcorporate.com\/es\/fidencis\/politica-de-privacidad\/","name":"Pol\u00edtica de privacidad - Nodum Corporate","isPartOf":{"@id":"https:\/\/nodumcorporate.com\/es\/#website"},"datePublished":"2024-05-29T09:31:50+00:00","dateModified":"2024-06-13T12:24:30+00:00","breadcrumb":{"@id":"https:\/\/nodumcorporate.com\/es\/fidencis\/politica-de-privacidad\/#breadcrumb"},"inLanguage":"es","potentialAction":[{"@type":"ReadAction","target":["https:\/\/nodumcorporate.com\/es\/fidencis\/politica-de-privacidad\/"]}]},{"@type":"BreadcrumbList","@id":"https:\/\/nodumcorporate.com\/es\/fidencis\/politica-de-privacidad\/#breadcrumb","itemListElement":[{"@type":"ListItem","position":1,"name":"Fidencis","item":"https:\/\/nodumcorporate.com\/es\/fidencis\/"},{"@type":"ListItem","position":2,"name":"Pol\u00edtica de privacidad"}]},{"@type":"WebSite","@id":"https:\/\/nodumcorporate.com\/es\/#website","url":"https:\/\/nodumcorporate.com\/es\/","name":"Nodum Corporate","description":"","potentialAction":[{"@type":"SearchAction","target":{"@type":"EntryPoint","urlTemplate":"https:\/\/nodumcorporate.com\/es\/?s={search_term_string}"},"query-input":{"@type":"PropertyValueSpecification","valueRequired":true,"valueName":"search_term_string"}}],"inLanguage":"es"}]}},"_links":{"self":[{"href":"https:\/\/nodumcorporate.com\/es\/wp-json\/wp\/v2\/pages\/7661","targetHints":{"allow":["GET"]}}],"collection":[{"href":"https:\/\/nodumcorporate.com\/es\/wp-json\/wp\/v2\/pages"}],"about":[{"href":"https:\/\/nodumcorporate.com\/es\/wp-json\/wp\/v2\/types\/page"}],"author":[{"embeddable":true,"href":"https:\/\/nodumcorporate.com\/es\/wp-json\/wp\/v2\/users\/2"}],"replies":[{"embeddable":true,"href":"https:\/\/nodumcorporate.com\/es\/wp-json\/wp\/v2\/comments?post=7661"}],"version-history":[{"count":5,"href":"https:\/\/nodumcorporate.com\/es\/wp-json\/wp\/v2\/pages\/7661\/revisions"}],"predecessor-version":[{"id":8377,"href":"https:\/\/nodumcorporate.com\/es\/wp-json\/wp\/v2\/pages\/7661\/revisions\/8377"}],"up":[{"embeddable":true,"href":"https:\/\/nodumcorporate.com\/es\/wp-json\/wp\/v2\/pages\/7569"}],"wp:attachment":[{"href":"https:\/\/nodumcorporate.com\/es\/wp-json\/wp\/v2\/media?parent=7661"}],"curies":[{"name":"wp","href":"https:\/\/api.w.org\/{rel}","templated":true}]}}