{"id":7665,"date":"2024-05-29T09:34:19","date_gmt":"2024-05-29T09:34:19","guid":{"rendered":"https:\/\/nodumcorporate.com\/fidencis\/politica-de-cookies\/"},"modified":"2024-06-11T09:23:02","modified_gmt":"2024-06-11T09:23:02","slug":"politica-de-cookies","status":"publish","type":"page","link":"https:\/\/nodumcorporate.com\/es\/fidencis\/politica-de-cookies\/","title":{"rendered":"Pol\u00edtica de cookies"},"content":{"rendered":"\n<h3 class=\"wp-block-heading\">1. CONCEPTO COOKIES<\/h3>\n\n<p>Se advierte al Usuario que esta web utiliza cookies. Una cookie es un archivo que se descarga en su ordenador al acceder a determinadas p\u00e1ginas web. Las cookies permiten a una p\u00e1gina web, entre otras cosas, almacenar y recuperar informaci\u00f3n sobre los h\u00e1bitos de navegaci\u00f3n del usuario o de su ordenador y, dependiendo de la informaci\u00f3n que contengan y de la forma en que se utilice su ordenador, pueden utilizarse para reconocer al usuario.<\/p>\n\n<h3 class=\"wp-block-heading\">2. TIPOLOG\u00cdA DE COOKIES<\/h3>\n\n<p><strong>Necesarias:<\/strong> Las cookies necesarias son cruciales para las funciones b\u00e1sicas del sitio web y \u00e9ste no funcionar\u00e1 seg\u00fan lo previsto sin ellas. Estas cookies no almacenan ning\u00fan dato de identificaci\u00f3n personal.<\/p>\n\n<p><strong>Funcionales:<\/strong> Las cookies funcionales permiten llevar a cabo determinadas funciones, como compartir contenidos del sitio web en plataformas de medios sociales, recopilar comentarios y otras funciones de terceros.<\/p>\n\n<p><strong>Anal\u00edticas:<\/strong> Las cookies anal\u00edticas se utilizan para comprender c\u00f3mo interact\u00faan los visitantes con el sitio web. Estas cookies ayudan a proporcionar informaci\u00f3n sobre el n\u00famero de visitantes, la tasa de rebote, la fuente de tr\u00e1fico, etc.<\/p>\n\n<h3 class=\"wp-block-heading\">3. INFORMACI\u00d3N DE COOKIES<\/h3>\n\n<div class=\"cky-audit-table-element\"><\/div>\n\n<h3 class=\"wp-block-heading\">4. DESACTIVACI\u00d3N DE COOKIES<\/h3>\n\n<p>Se puede permitir bloquear o eliminar las <em>cookies<\/em> instaladas de su ordenador mediante la configuraci\u00f3n de las opciones del navegador que tiene instalado. A continuaci\u00f3n se muestran los pasos a seguir para desactivar o eliminar las <em>cookies<\/em> en los principales navegadores:<\/p>\n\n<p>Para configurar los permisos relacionados con las <em>cookies<\/em> instaladas en el navegador <em>Google Chome<\/em> puede pulsar en el siguiente <em><a href=\"https:\/\/support.google.com\/chrome\/answer\/95647?hl=es\">enlace<\/a><\/em>.<\/p>\n\n<p>Para configurar los permisos relacionados con las <em>cookies<\/em> instaladas en el navegador <em>Mozilla Firefox<\/em> puede pulsar en el siguiente <em><a href=\"https:\/\/support.mozilla.org\/es\/kb\/habilitar-y-deshabilitar-cookies-que-los-sitios-we\">enlace<\/a><\/em>.<\/p>\n\n<p>Para configurar los permisos relacionados con las <em>cookies<\/em> instaladas en el navegador <em>Microsoft Internet Explorer <\/em> puede pulsar en el siguiente <em><a href=\"https:\/\/support.microsoft.com\/es-es\/help\/17442\/windows-internet-explorer-delete-manage-cookies\">enlace<\/a><\/em>.<\/p>\n\n<p>Para configurar los permisos relacionados con las <em>cookies<\/em> instaladas en el navegador <em>Safari <\/em> puede pulsar en el siguiente <em><a href=\"http:\/\/support.apple.com\/kb\/HT1677?viewlocale=es_ES\">enlace.<\/a><\/em><\/p>\n\n<p>ATENCI\u00d3N: En caso de Bloqueo las <em>cookies <\/em> de su navegador es posible que determinados servicios o funcionalidades de la p\u00e1gina web no se encuentren disponibles.<\/p>\n\n<p><strong>\u00daltima actualizaci\u00f3n: 02 de abril del 2024.<\/strong><\/p>\n","protected":false},"excerpt":{"rendered":"<p>1. CONCEPTO COOKIES Se advierte al Usuario que esta web utiliza cookies. Una cookie es un archivo que se descarga en su ordenador al acceder a determinadas p\u00e1ginas web. Las cookies permiten a una p\u00e1gina web, entre otras cosas, almacenar y recuperar informaci\u00f3n sobre los h\u00e1bitos de navegaci\u00f3n del usuario o de su ordenador y, [&hellip;]<\/p>\n","protected":false},"author":2,"featured_media":0,"parent":7569,"menu_order":0,"comment_status":"closed","ping_status":"closed","template":"","meta":{"footnotes":""},"class_list":["post-7665","page","type-page","status-publish","hentry"],"yoast_head":"<!-- This site is optimized with the Yoast SEO plugin v25.4 - https:\/\/yoast.com\/wordpress\/plugins\/seo\/ -->\n<title>Pol\u00edtica de cookies - Nodum Corporate<\/title>\n<meta name=\"robots\" content=\"index, follow, max-snippet:-1, max-image-preview:large, max-video-preview:-1\" \/>\n<link rel=\"canonical\" href=\"https:\/\/nodumcorporate.com\/es\/fidencis\/politica-de-cookies\/\" \/>\n<meta property=\"og:locale\" content=\"es_ES\" \/>\n<meta property=\"og:type\" content=\"article\" \/>\n<meta property=\"og:title\" content=\"Pol\u00edtica de cookies - Nodum Corporate\" \/>\n<meta property=\"og:description\" content=\"1. CONCEPTO COOKIES Se advierte al Usuario que esta web utiliza cookies. Una cookie es un archivo que se descarga en su ordenador al acceder a determinadas p\u00e1ginas web. Las cookies permiten a una p\u00e1gina web, entre otras cosas, almacenar y recuperar informaci\u00f3n sobre los h\u00e1bitos de navegaci\u00f3n del usuario o de su ordenador y, [&hellip;]\" \/>\n<meta property=\"og:url\" content=\"https:\/\/nodumcorporate.com\/es\/fidencis\/politica-de-cookies\/\" \/>\n<meta property=\"og:site_name\" content=\"Nodum Corporate\" \/>\n<meta property=\"article:modified_time\" content=\"2024-06-11T09:23:02+00:00\" \/>\n<meta name=\"twitter:card\" content=\"summary_large_image\" \/>\n<meta name=\"twitter:label1\" content=\"Tiempo de lectura\" \/>\n\t<meta name=\"twitter:data1\" content=\"2 minutos\" \/>\n<script type=\"application\/ld+json\" class=\"yoast-schema-graph\">{\"@context\":\"https:\/\/schema.org\",\"@graph\":[{\"@type\":\"WebPage\",\"@id\":\"https:\/\/nodumcorporate.com\/es\/fidencis\/politica-de-cookies\/\",\"url\":\"https:\/\/nodumcorporate.com\/es\/fidencis\/politica-de-cookies\/\",\"name\":\"Pol\u00edtica de cookies - Nodum Corporate\",\"isPartOf\":{\"@id\":\"https:\/\/nodumcorporate.com\/es\/#website\"},\"datePublished\":\"2024-05-29T09:34:19+00:00\",\"dateModified\":\"2024-06-11T09:23:02+00:00\",\"breadcrumb\":{\"@id\":\"https:\/\/nodumcorporate.com\/es\/fidencis\/politica-de-cookies\/#breadcrumb\"},\"inLanguage\":\"es\",\"potentialAction\":[{\"@type\":\"ReadAction\",\"target\":[\"https:\/\/nodumcorporate.com\/es\/fidencis\/politica-de-cookies\/\"]}]},{\"@type\":\"BreadcrumbList\",\"@id\":\"https:\/\/nodumcorporate.com\/es\/fidencis\/politica-de-cookies\/#breadcrumb\",\"itemListElement\":[{\"@type\":\"ListItem\",\"position\":1,\"name\":\"Fidencis\",\"item\":\"https:\/\/nodumcorporate.com\/es\/fidencis\/\"},{\"@type\":\"ListItem\",\"position\":2,\"name\":\"Pol\u00edtica de cookies\"}]},{\"@type\":\"WebSite\",\"@id\":\"https:\/\/nodumcorporate.com\/es\/#website\",\"url\":\"https:\/\/nodumcorporate.com\/es\/\",\"name\":\"Nodum Corporate\",\"description\":\"\",\"potentialAction\":[{\"@type\":\"SearchAction\",\"target\":{\"@type\":\"EntryPoint\",\"urlTemplate\":\"https:\/\/nodumcorporate.com\/es\/?s={search_term_string}\"},\"query-input\":{\"@type\":\"PropertyValueSpecification\",\"valueRequired\":true,\"valueName\":\"search_term_string\"}}],\"inLanguage\":\"es\"}]}<\/script>\n<!-- \/ Yoast SEO plugin. -->","yoast_head_json":{"title":"Pol\u00edtica de cookies - Nodum Corporate","robots":{"index":"index","follow":"follow","max-snippet":"max-snippet:-1","max-image-preview":"max-image-preview:large","max-video-preview":"max-video-preview:-1"},"canonical":"https:\/\/nodumcorporate.com\/es\/fidencis\/politica-de-cookies\/","og_locale":"es_ES","og_type":"article","og_title":"Pol\u00edtica de cookies - Nodum Corporate","og_description":"1. CONCEPTO COOKIES Se advierte al Usuario que esta web utiliza cookies. Una cookie es un archivo que se descarga en su ordenador al acceder a determinadas p\u00e1ginas web. Las cookies permiten a una p\u00e1gina web, entre otras cosas, almacenar y recuperar informaci\u00f3n sobre los h\u00e1bitos de navegaci\u00f3n del usuario o de su ordenador y, [&hellip;]","og_url":"https:\/\/nodumcorporate.com\/es\/fidencis\/politica-de-cookies\/","og_site_name":"Nodum Corporate","article_modified_time":"2024-06-11T09:23:02+00:00","twitter_card":"summary_large_image","twitter_misc":{"Tiempo de lectura":"2 minutos"},"schema":{"@context":"https:\/\/schema.org","@graph":[{"@type":"WebPage","@id":"https:\/\/nodumcorporate.com\/es\/fidencis\/politica-de-cookies\/","url":"https:\/\/nodumcorporate.com\/es\/fidencis\/politica-de-cookies\/","name":"Pol\u00edtica de cookies - Nodum Corporate","isPartOf":{"@id":"https:\/\/nodumcorporate.com\/es\/#website"},"datePublished":"2024-05-29T09:34:19+00:00","dateModified":"2024-06-11T09:23:02+00:00","breadcrumb":{"@id":"https:\/\/nodumcorporate.com\/es\/fidencis\/politica-de-cookies\/#breadcrumb"},"inLanguage":"es","potentialAction":[{"@type":"ReadAction","target":["https:\/\/nodumcorporate.com\/es\/fidencis\/politica-de-cookies\/"]}]},{"@type":"BreadcrumbList","@id":"https:\/\/nodumcorporate.com\/es\/fidencis\/politica-de-cookies\/#breadcrumb","itemListElement":[{"@type":"ListItem","position":1,"name":"Fidencis","item":"https:\/\/nodumcorporate.com\/es\/fidencis\/"},{"@type":"ListItem","position":2,"name":"Pol\u00edtica de cookies"}]},{"@type":"WebSite","@id":"https:\/\/nodumcorporate.com\/es\/#website","url":"https:\/\/nodumcorporate.com\/es\/","name":"Nodum Corporate","description":"","potentialAction":[{"@type":"SearchAction","target":{"@type":"EntryPoint","urlTemplate":"https:\/\/nodumcorporate.com\/es\/?s={search_term_string}"},"query-input":{"@type":"PropertyValueSpecification","valueRequired":true,"valueName":"search_term_string"}}],"inLanguage":"es"}]}},"_links":{"self":[{"href":"https:\/\/nodumcorporate.com\/es\/wp-json\/wp\/v2\/pages\/7665","targetHints":{"allow":["GET"]}}],"collection":[{"href":"https:\/\/nodumcorporate.com\/es\/wp-json\/wp\/v2\/pages"}],"about":[{"href":"https:\/\/nodumcorporate.com\/es\/wp-json\/wp\/v2\/types\/page"}],"author":[{"embeddable":true,"href":"https:\/\/nodumcorporate.com\/es\/wp-json\/wp\/v2\/users\/2"}],"replies":[{"embeddable":true,"href":"https:\/\/nodumcorporate.com\/es\/wp-json\/wp\/v2\/comments?post=7665"}],"version-history":[{"count":3,"href":"https:\/\/nodumcorporate.com\/es\/wp-json\/wp\/v2\/pages\/7665\/revisions"}],"predecessor-version":[{"id":7668,"href":"https:\/\/nodumcorporate.com\/es\/wp-json\/wp\/v2\/pages\/7665\/revisions\/7668"}],"up":[{"embeddable":true,"href":"https:\/\/nodumcorporate.com\/es\/wp-json\/wp\/v2\/pages\/7569"}],"wp:attachment":[{"href":"https:\/\/nodumcorporate.com\/es\/wp-json\/wp\/v2\/media?parent=7665"}],"curies":[{"name":"wp","href":"https:\/\/api.w.org\/{rel}","templated":true}]}}