{"id":12280,"date":"2024-08-27T11:22:54","date_gmt":"2024-08-27T11:22:54","guid":{"rendered":"https:\/\/nodumcorporate.com\/real-statum\/mentions-legales\/"},"modified":"2024-11-24T20:46:20","modified_gmt":"2024-11-24T20:46:20","slug":"mentions-legales","status":"publish","type":"page","link":"https:\/\/nodumcorporate.com\/fr\/real-statum\/mentions-legales\/","title":{"rendered":"Mentions l\u00e9gales"},"content":{"rendered":"\n<p>Merci de visiter le site web de REAL STATUM, S.L.U. L\u2019acc\u00e8s est limit\u00e9 \u00e0 l\u2019acceptation des conditions d\u2019utilisation suivantes, qui peuvent \u00eatre modifi\u00e9es par REAL STATUM \u00e0 tout moment et sans pr\u00e9avis. <\/p>\n\n<p><strong>En utilisant ce site Web, vous acceptez de vous conformer aux conditions exprim\u00e9es dans cet avis et aux modifications ult\u00e9rieures que REAL STATUM peut mettre en oeuvre de temps \u00e0 autre. Si vous n\u2019acceptez pas les termes de cet accord, vous ne devez pas utiliser ce site. <\/strong><\/p>\n\n<h3 class=\"wp-block-heading\">1.- MENTIONS L\u00c9GALES<\/h3>\n\n<p>Vous trouverez ci-dessous les informations g\u00e9n\u00e9rales sur ce SITE WEB :<\/p>\n\n<ul class=\"wp-block-list\">\n<li>Propri\u00e9taire: REAL STATUM, S.L.U. <\/li>\n\n\n\n<li>NRT : L-715129-G <\/li>\n\n\n\n<li>Adresse postale: Carrer Verge del Pilar 4, 4 pis porta B, AD500, Andorre-la-Vieille. <\/li>\n\n\n\n<li>T\u00e9l\u00e9phone: (+376) 82 82 65 <\/li>\n\n\n\n<li>Adresse \u00e9lectronique: <a href=\"mailto:info@realstatum.com\">info@realstatum.com<\/a><\/li>\n<\/ul>\n\n<p> La visite de ce SITE WEB attribue la condition d'\u00a0\u00bbUTILISATEUR\u2018\u2019 au visiteur, quelle que soit la condition de \u2018\u2019CLIENT\u2019\u2019 que cet utilisateur peut avoir avec REAL STATUM. <\/p>\n\n<p>Le but de ce SITE WEB est d\u2019offrir aux CLIENTS et\/ou UTILISATEURS des informations sur les produits et services de REAL STATUM. <\/p>\n\n<p>L\u2019UTILISATEUR, en acc\u00e9dant \u00e0 tous les contenus qui font partie du SITE WEB, peut visiter, obtenir des informations sur les produits et services, et adresser des demandes et \/ ou des communications \u00e0 REAL STATUM. Cet acc\u00e8s vaut l\u2019acceptation pleine et sans r\u00e9serve de toutes les dispositions et conditions d\u2019utilisation mentionn\u00e9es dans les pr\u00e9sentes \u2018\u2019Mentions l\u00e9gales\u2019\u2019. <\/p>\n\n<h3 class=\"wp-block-heading\">2.- PROPRI\u00c9T\u00c9 INTELLECTUELLE ET INDUSTRIELLE<\/h3>\n\n<p> Tous les contenus du SITE WEB, y compris, mais sans s\u2019y limiter, les textes, photographies, graphiques, images, ic\u00f4nes, technologies, logiciels, liens et autres contenus audiovisuels ou sonores, ainsi que sa conception graphique et ses codes sources (ci-apr\u00e8s, le \u2018\u2019CONTENU\u2019\u2019), sont la propri\u00e9t\u00e9 intellectuelle de REAL STATUM ou de tiers. <\/p>\n\n<p>Les marques, noms commerciaux ou signes distinctifs sont la propri\u00e9t\u00e9 de REAL STATUM ou de tiers, et l\u2019acc\u00e8s au SITE WEB n\u2019attribue aucun droit sur les marques, noms commerciaux et\/ou signes distinctifs.  <\/p>\n\n<p>La violation des droits ci-dessus sera poursuivie conform\u00e9ment \u00e0 la l\u00e9gislation en vigueur. <\/p>\n\n<p>Afin de pr\u00e9server d\u2019\u00e9ventuels droits de propri\u00e9t\u00e9 intellectuelle, dans le cas o\u00f9 un UTILISATEUR ou un tiers consid\u00e8re qu\u2019une violation de ses droits l\u00e9gitimes a eu lieu en raison de l\u2019introduction de certains contenus sur le SITE, il doit en informer REAL STATUM. <\/p>\n\n<p>Dans tous les cas, REAL STATUM n\u2019assumera aucune responsabilit\u00e9 pour les droits de propri\u00e9t\u00e9 intellectuelle ou industrielle d\u00e9tenus par des tiers, qui pourraient \u00eatre viol\u00e9s par un tiers ou par l\u2019UTILISATEUR. <\/p>\n\n<h3 class=\"wp-block-heading\">3.- CONDITIONS D&rsquo;UTILISATION DU SITE WEB<\/h3>\n\n<h4 class=\"wp-block-heading\">CONDITIONS G\u00c9N\u00c9RALES<\/h4>\n\n<p>L&rsquo;UTILISATEUR s&rsquo;engage \u00e0 faire un usage correct du SITE WEB conform\u00e9ment \u00e0 la Loi et aux pr\u00e9sentes conditions d&rsquo;utilisation. L\u2019UTILISATEUR sera responsable envers REAL STATUM ou envers des tiers de tout dommage pouvant survenir \u00e0 la suite d\u2019une violation de cette obligation. <\/p>\n\n<p>Il est express\u00e9ment interdit d\u2019utiliser le SITE WEB \u00e0 des fins pr\u00e9judiciables \u00e0 la propri\u00e9t\u00e9 ou aux int\u00e9r\u00eats de REAL STATUM ou de tiers, ou qui, de toute autre mani\u00e8re, surchargent, endommagent ou rendent inutilisables les r\u00e9seaux, serveurs et autres \u00e9quipements informatiques ou produits et applications informatiques de la soci\u00e9t\u00e9 ou de tiers. <\/p>\n\n<h4 class=\"wp-block-heading\">CONTENUS<\/h4>\n\n<p>L\u2019UTILISATEUR s\u2019engage \u00e0 utiliser les contenus conform\u00e9ment \u00e0 la loi et au pr\u00e9sent avis juridique, ainsi qu\u2019aux autres conditions, r\u00e8glements et instructions qui, le cas \u00e9ch\u00e9ant, peuvent \u00eatre applicables. <\/p>\n\n<h3 class=\"wp-block-heading\">4.- EXCLUSION DE RESPONSABILIT\u00c9<\/h3>\n\n<h4 class=\"wp-block-heading\">INFORMATIONS<\/h4>\n\n<p>L\u2019acc\u00e8s au SITE WEB n\u2019implique aucune obligation de la part de REAL STATUM de v\u00e9rifier la v\u00e9racit\u00e9, l\u2019exactitude, l\u2019ad\u00e9quation, la pertinence, l\u2019exhaustivit\u00e9 et l\u2019actualit\u00e9 des informations fournies par son interm\u00e9diaire. En ce sens, REAL STATUM ne garantit pas que le contenu du site Web doit \u00eatre mis \u00e0 jour en permanence, ni qu\u2019il est d\u00e9pourvu d\u2019erreur.  <\/p>\n\n<p>REAL STATUM ne saurait \u00eatre tenu responsable des dommages et\/ou pr\u00e9judices et\/ou avantages non obtenus par l\u2019UTILISATEUR ou par un tiers qui en subirait le pr\u00e9judice. <\/p>\n\n<h4 class=\"wp-block-heading\">QUALIT\u00c9 DU SERVICE<\/h4>\n\n<p>L\u2019acc\u00e8s au SITE n\u2019implique aucune obligation de la part de REAL STATUM de contr\u00f4ler l\u2019absence de virus, de vers ou de tout autre \u00e9l\u00e9ment informatique nuisible. L\u2019UTILISATEUR est responsable de la disponibilit\u00e9 d\u2019outils ad\u00e9quats pour la d\u00e9tection et la d\u00e9sinfection des programmes informatiques nuisibles. <\/p>\n\n<p>REAL STATUM ne saurait \u00eatre tenue responsable des dommages caus\u00e9s \u00e0 l\u2019\u00e9quipement informatique des UTILISATEURS ou de tiers lors de la fourniture du service du SITE. <\/p>\n\n<h4 class=\"wp-block-heading\">DISPONIBILIT\u00c9 DU SERVICE<\/h4>\n\n<p>L&rsquo;acc\u00e8s au SITE WEB n\u00e9cessite des services et des fournitures de tiers, notamment des r\u00e9seaux de t\u00e9l\u00e9communications. Sa fiabilit\u00e9, sa qualit\u00e9, sa continuit\u00e9 et son fonctionnement d\u00e9pendent donc de tiers. En ce sens, les contenus fournis via le SITE WEB peuvent \u00eatre suspendus, annul\u00e9s ou devenir inaccessibles. <\/p>\n\n<p>REAL STATUM ne saurait \u00eatre tenu responsable des dommages de toute natures caus\u00e9s par des d\u00e9faillances ou des d\u00e9connexions des r\u00e9seaux de t\u00e9l\u00e9communications pouvant \u00eatre caus\u00e9s par la suspension, l\u2019annulation ou l\u2019interruption du service du SITE WEB. <\/p>\n\n<h3 class=\"wp-block-heading\">5.- PROTECTION DES DONN\u00c9ES<\/h3>\n\n<p>Voir la <a href=\"https:\/\/nodumcorporate.com\/real-statum\/politica-de-privacitat\/\">Politique de confidentialit\u00e9<\/a> correspondante.<\/p>\n\n<h3 class=\"wp-block-heading\">6.- JURIDICTION ET LOI APPLICABLE<\/h3>\n\n<p>Ces Mentions l\u00e9gales sont r\u00e9gies par la l\u00e9gislation andorrane. <\/p>\n\n<p>Les UTILISATEURS de ce SITE WEB se soumettent \u00e0 la juridiction andorrane, renon\u00e7ant express\u00e9ment \u00e0 toute autre juridiction qui, conform\u00e9ment \u00e0 la loi, pourrait leur correspondre. <\/p>\n\n<p>REAL STATUM se r\u00e9serve le droit d\u2019apporter, \u00e0 tout moment et sans pr\u00e9avis, des modifications et des mises \u00e0 jour aux informations contenues dans le SITE WEB ou \u00e0 sa configuration et\/ou pr\u00e9sentation. <\/p>\n\n<p><strong>Derni\u00e8re mise \u00e0 jour: 02 avril 2024.<\/strong><\/p>\n","protected":false},"excerpt":{"rendered":"<p>Merci de visiter le site web de REAL STATUM, S.L.U. L\u2019acc\u00e8s est limit\u00e9 \u00e0 l\u2019acceptation des conditions d\u2019utilisation suivantes, qui peuvent \u00eatre modifi\u00e9es par REAL STATUM \u00e0 tout moment et sans pr\u00e9avis. En utilisant ce site Web, vous acceptez de vous conformer aux conditions exprim\u00e9es dans cet avis et aux modifications ult\u00e9rieures que REAL STATUM [&hellip;]<\/p>\n","protected":false},"author":2,"featured_media":0,"parent":12031,"menu_order":0,"comment_status":"closed","ping_status":"closed","template":"","meta":{"footnotes":""},"class_list":["post-12280","page","type-page","status-publish","hentry"],"yoast_head":"<!-- This site is optimized with the Yoast SEO plugin v25.4 - https:\/\/yoast.com\/wordpress\/plugins\/seo\/ -->\n<title>Mentions l\u00e9gales - Nodum Corporate<\/title>\n<meta name=\"robots\" content=\"noindex, nofollow\" \/>\n<meta property=\"og:locale\" content=\"fr_FR\" \/>\n<meta property=\"og:type\" content=\"article\" \/>\n<meta property=\"og:title\" content=\"Mentions l\u00e9gales - Nodum Corporate\" \/>\n<meta property=\"og:description\" content=\"Merci de visiter le site web de REAL STATUM, S.L.U. L\u2019acc\u00e8s est limit\u00e9 \u00e0 l\u2019acceptation des conditions d\u2019utilisation suivantes, qui peuvent \u00eatre modifi\u00e9es par REAL STATUM \u00e0 tout moment et sans pr\u00e9avis. En utilisant ce site Web, vous acceptez de vous conformer aux conditions exprim\u00e9es dans cet avis et aux modifications ult\u00e9rieures que REAL STATUM [&hellip;]\" \/>\n<meta property=\"og:url\" content=\"https:\/\/nodumcorporate.com\/fr\/real-statum\/mentions-legales\/\" \/>\n<meta property=\"og:site_name\" content=\"Nodum Corporate\" \/>\n<meta property=\"article:modified_time\" content=\"2024-11-24T20:46:20+00:00\" \/>\n<meta name=\"twitter:card\" content=\"summary_large_image\" \/>\n<meta name=\"twitter:label1\" content=\"Dur\u00e9e de lecture estim\u00e9e\" \/>\n\t<meta name=\"twitter:data1\" content=\"5 minutes\" \/>\n<script type=\"application\/ld+json\" class=\"yoast-schema-graph\">{\"@context\":\"https:\/\/schema.org\",\"@graph\":[{\"@type\":\"WebPage\",\"@id\":\"https:\/\/nodumcorporate.com\/fr\/real-statum\/mentions-legales\/\",\"url\":\"https:\/\/nodumcorporate.com\/fr\/real-statum\/mentions-legales\/\",\"name\":\"Mentions l\u00e9gales - Nodum Corporate\",\"isPartOf\":{\"@id\":\"https:\/\/nodumcorporate.com\/fr\/#website\"},\"datePublished\":\"2024-08-27T11:22:54+00:00\",\"dateModified\":\"2024-11-24T20:46:20+00:00\",\"breadcrumb\":{\"@id\":\"https:\/\/nodumcorporate.com\/fr\/real-statum\/mentions-legales\/#breadcrumb\"},\"inLanguage\":\"fr-FR\",\"potentialAction\":[{\"@type\":\"ReadAction\",\"target\":[\"https:\/\/nodumcorporate.com\/fr\/real-statum\/mentions-legales\/\"]}]},{\"@type\":\"BreadcrumbList\",\"@id\":\"https:\/\/nodumcorporate.com\/fr\/real-statum\/mentions-legales\/#breadcrumb\",\"itemListElement\":[{\"@type\":\"ListItem\",\"position\":1,\"name\":\"Real Statum\",\"item\":\"https:\/\/nodumcorporate.com\/fr\/real-statum\/\"},{\"@type\":\"ListItem\",\"position\":2,\"name\":\"Mentions l\u00e9gales\"}]},{\"@type\":\"WebSite\",\"@id\":\"https:\/\/nodumcorporate.com\/fr\/#website\",\"url\":\"https:\/\/nodumcorporate.com\/fr\/\",\"name\":\"Nodum Corporate\",\"description\":\"\",\"potentialAction\":[{\"@type\":\"SearchAction\",\"target\":{\"@type\":\"EntryPoint\",\"urlTemplate\":\"https:\/\/nodumcorporate.com\/fr\/?s={search_term_string}\"},\"query-input\":{\"@type\":\"PropertyValueSpecification\",\"valueRequired\":true,\"valueName\":\"search_term_string\"}}],\"inLanguage\":\"fr-FR\"}]}<\/script>\n<!-- \/ Yoast SEO plugin. -->","yoast_head_json":{"title":"Mentions l\u00e9gales - Nodum Corporate","robots":{"index":"noindex","follow":"nofollow"},"og_locale":"fr_FR","og_type":"article","og_title":"Mentions l\u00e9gales - Nodum Corporate","og_description":"Merci de visiter le site web de REAL STATUM, S.L.U. L\u2019acc\u00e8s est limit\u00e9 \u00e0 l\u2019acceptation des conditions d\u2019utilisation suivantes, qui peuvent \u00eatre modifi\u00e9es par REAL STATUM \u00e0 tout moment et sans pr\u00e9avis. En utilisant ce site Web, vous acceptez de vous conformer aux conditions exprim\u00e9es dans cet avis et aux modifications ult\u00e9rieures que REAL STATUM [&hellip;]","og_url":"https:\/\/nodumcorporate.com\/fr\/real-statum\/mentions-legales\/","og_site_name":"Nodum Corporate","article_modified_time":"2024-11-24T20:46:20+00:00","twitter_card":"summary_large_image","twitter_misc":{"Dur\u00e9e de lecture estim\u00e9e":"5 minutes"},"schema":{"@context":"https:\/\/schema.org","@graph":[{"@type":"WebPage","@id":"https:\/\/nodumcorporate.com\/fr\/real-statum\/mentions-legales\/","url":"https:\/\/nodumcorporate.com\/fr\/real-statum\/mentions-legales\/","name":"Mentions l\u00e9gales - Nodum Corporate","isPartOf":{"@id":"https:\/\/nodumcorporate.com\/fr\/#website"},"datePublished":"2024-08-27T11:22:54+00:00","dateModified":"2024-11-24T20:46:20+00:00","breadcrumb":{"@id":"https:\/\/nodumcorporate.com\/fr\/real-statum\/mentions-legales\/#breadcrumb"},"inLanguage":"fr-FR","potentialAction":[{"@type":"ReadAction","target":["https:\/\/nodumcorporate.com\/fr\/real-statum\/mentions-legales\/"]}]},{"@type":"BreadcrumbList","@id":"https:\/\/nodumcorporate.com\/fr\/real-statum\/mentions-legales\/#breadcrumb","itemListElement":[{"@type":"ListItem","position":1,"name":"Real Statum","item":"https:\/\/nodumcorporate.com\/fr\/real-statum\/"},{"@type":"ListItem","position":2,"name":"Mentions l\u00e9gales"}]},{"@type":"WebSite","@id":"https:\/\/nodumcorporate.com\/fr\/#website","url":"https:\/\/nodumcorporate.com\/fr\/","name":"Nodum Corporate","description":"","potentialAction":[{"@type":"SearchAction","target":{"@type":"EntryPoint","urlTemplate":"https:\/\/nodumcorporate.com\/fr\/?s={search_term_string}"},"query-input":{"@type":"PropertyValueSpecification","valueRequired":true,"valueName":"search_term_string"}}],"inLanguage":"fr-FR"}]}},"_links":{"self":[{"href":"https:\/\/nodumcorporate.com\/fr\/wp-json\/wp\/v2\/pages\/12280","targetHints":{"allow":["GET"]}}],"collection":[{"href":"https:\/\/nodumcorporate.com\/fr\/wp-json\/wp\/v2\/pages"}],"about":[{"href":"https:\/\/nodumcorporate.com\/fr\/wp-json\/wp\/v2\/types\/page"}],"author":[{"embeddable":true,"href":"https:\/\/nodumcorporate.com\/fr\/wp-json\/wp\/v2\/users\/2"}],"replies":[{"embeddable":true,"href":"https:\/\/nodumcorporate.com\/fr\/wp-json\/wp\/v2\/comments?post=12280"}],"version-history":[{"count":1,"href":"https:\/\/nodumcorporate.com\/fr\/wp-json\/wp\/v2\/pages\/12280\/revisions"}],"predecessor-version":[{"id":12281,"href":"https:\/\/nodumcorporate.com\/fr\/wp-json\/wp\/v2\/pages\/12280\/revisions\/12281"}],"up":[{"embeddable":true,"href":"https:\/\/nodumcorporate.com\/fr\/wp-json\/wp\/v2\/pages\/12031"}],"wp:attachment":[{"href":"https:\/\/nodumcorporate.com\/fr\/wp-json\/wp\/v2\/media?parent=12280"}],"curies":[{"name":"wp","href":"https:\/\/api.w.org\/{rel}","templated":true}]}}