{"id":14636,"date":"2025-01-14T11:05:18","date_gmt":"2025-01-14T11:05:18","guid":{"rendered":"https:\/\/nodumcorporate.com\/estrint\/contact\/"},"modified":"2025-02-28T10:31:35","modified_gmt":"2025-02-28T10:31:35","slug":"contact","status":"publish","type":"page","link":"https:\/\/nodumcorporate.com\/fr\/estrint\/contact\/","title":{"rendered":"Contact"},"content":{"rendered":"\t\t<div data-elementor-type=\"wp-page\" data-elementor-id=\"14636\" class=\"elementor elementor-14636 elementor-13118\" data-elementor-post-type=\"page\">\n\t\t\t\t<div class=\"elementor-element elementor-element-3c42a03 c-box e-flex e-con-boxed e-con e-parent\" data-id=\"3c42a03\" data-element_type=\"container\" data-e-type=\"container\" data-settings=\"{&quot;jet_parallax_layout_list&quot;:[]}\">\n\t\t\t\t\t<div class=\"e-con-inner\">\n\t\t\t\t<div class=\"elementor-element elementor-element-d46026f n-long-text elementor-widget elementor-widget-heading\" data-id=\"d46026f\" data-element_type=\"widget\" data-e-type=\"widget\" data-widget_type=\"heading.default\">\n\t\t\t\t<div class=\"elementor-widget-container\">\n\t\t\t\t\t<h2 class=\"elementor-heading-title elementor-size-default\">Parlons de votre projet.<\/h2>\t\t\t\t<\/div>\n\t\t\t\t<\/div>\n\t\t\t\t<div class=\"elementor-element elementor-element-34a467b elementor-widget__width-initial elementor-widget-tablet__width-inherit n-long-text elementor-widget elementor-widget-text-editor\" data-id=\"34a467b\" data-element_type=\"widget\" data-e-type=\"widget\" data-widget_type=\"text-editor.default\">\n\t\t\t\t<div class=\"elementor-widget-container\">\n\t\t\t\t\t\t\t\t\t<p>Nous sommes l\u00e0 pour vous aider \u00e0 concr\u00e9tiser vos id\u00e9es. <br \/>Contactez-nous et commen\u00e7ons.<\/p>\n\t\t\t\t\t\t\t\t<\/div>\n\t\t\t\t<\/div>\n\t\t\t\t\t<\/div>\n\t\t\t\t<\/div>\n\t\t<div class=\"elementor-element elementor-element-f554a2d container e-con-full e-flex e-con e-parent\" data-id=\"f554a2d\" data-element_type=\"container\" data-e-type=\"container\" data-settings=\"{&quot;jet_parallax_layout_list&quot;:[]}\">\n\t\t\t\t<div class=\"elementor-element elementor-element-a58885a reveal elementor-widget elementor-widget-image\" data-id=\"a58885a\" data-element_type=\"widget\" data-e-type=\"widget\" data-widget_type=\"image.default\">\n\t\t\t\t<div class=\"elementor-widget-container\">\n\t\t\t\t\t\t\t\t\t\t\t\t\t\t\t<img fetchpriority=\"high\" decoding=\"async\" width=\"1500\" height=\"1000\" src=\"https:\/\/nodumcorporate.com\/wp-content\/uploads\/2025\/02\/despatx-estrint.jpg\" class=\"attachment-full size-full wp-image-14443\" alt=\"\" srcset=\"https:\/\/nodumcorporate.com\/wp-content\/uploads\/2025\/02\/despatx-estrint.jpg 1500w, https:\/\/nodumcorporate.com\/wp-content\/uploads\/2025\/02\/despatx-estrint-300x200.jpg 300w, https:\/\/nodumcorporate.com\/wp-content\/uploads\/2025\/02\/despatx-estrint-1024x683.jpg 1024w, https:\/\/nodumcorporate.com\/wp-content\/uploads\/2025\/02\/despatx-estrint-768x512.jpg 768w\" sizes=\"(max-width: 1500px) 100vw, 1500px\" \/>\t\t\t\t\t\t\t\t\t\t\t\t\t\t\t<\/div>\n\t\t\t\t<\/div>\n\t\t\t\t<\/div>\n\t\t<div class=\"elementor-element elementor-element-35e68b1 c-box e-flex e-con-boxed e-con e-parent\" data-id=\"35e68b1\" data-element_type=\"container\" data-e-type=\"container\" data-settings=\"{&quot;jet_parallax_layout_list&quot;:[]}\">\n\t\t\t\t\t<div class=\"e-con-inner\">\n\t\t\t\t<div class=\"elementor-element elementor-element-eb2a6a6 elementor-button-align-start rs-form elementor-widget elementor-widget-form\" data-id=\"eb2a6a6\" data-element_type=\"widget\" data-e-type=\"widget\" data-settings=\"{&quot;step_next_label&quot;:&quot;Next&quot;,&quot;step_previous_label&quot;:&quot;Previous&quot;,&quot;button_width&quot;:&quot;100&quot;,&quot;step_type&quot;:&quot;number_text&quot;,&quot;step_icon_shape&quot;:&quot;circle&quot;}\" data-widget_type=\"form.default\">\n\t\t\t\t<div class=\"elementor-widget-container\">\n\t\t\t\t\t\t\t<form class=\"elementor-form\" method=\"post\" name=\"Nouveau formulaire\" aria-label=\"Nouveau formulaire\" novalidate=\"\">\n\t\t\t<input type=\"hidden\" name=\"post_id\" value=\"14636\"\/>\n\t\t\t<input type=\"hidden\" name=\"form_id\" value=\"eb2a6a6\"\/>\n\t\t\t<input type=\"hidden\" name=\"referer_title\" value=\"Nodum Corporate\" \/>\n\n\t\t\t\n\t\t\t<div class=\"elementor-form-fields-wrapper elementor-labels-above\">\n\t\t\t\t\t\t\t\t<div class=\"elementor-field-type-text elementor-field-group elementor-column elementor-field-group-name elementor-col-50\">\n\t\t\t\t\t\t\t\t\t\t\t\t<label for=\"form-field-name\" class=\"elementor-field-label\">\n\t\t\t\t\t\t\t\tNom et pr\u00e9nom\t\t\t\t\t\t\t<\/label>\n\t\t\t\t\t\t\t\t\t\t\t\t\t\t<input size=\"1\" type=\"text\" name=\"form_fields[name]\" id=\"form-field-name\" class=\"elementor-field elementor-size-md  elementor-field-textual\">\n\t\t\t\t\t\t\t\t\t\t\t<\/div>\n\t\t\t\t\t\t\t\t<div class=\"elementor-field-type-email elementor-field-group elementor-column elementor-field-group-email elementor-col-50 elementor-field-required\">\n\t\t\t\t\t\t\t\t\t\t\t\t<label for=\"form-field-email\" class=\"elementor-field-label\">\n\t\t\t\t\t\t\t\tEmail\t\t\t\t\t\t\t<\/label>\n\t\t\t\t\t\t\t\t\t\t\t\t\t\t<input size=\"1\" type=\"email\" name=\"form_fields[email]\" id=\"form-field-email\" class=\"elementor-field elementor-size-md  elementor-field-textual\" required=\"required\">\n\t\t\t\t\t\t\t\t\t\t\t<\/div>\n\t\t\t\t\t\t\t\t<div class=\"elementor-field-type-tel elementor-field-group elementor-column elementor-field-group-field_5e68a26 elementor-col-50 elementor-field-required\">\n\t\t\t\t\t\t\t\t\t\t\t\t<label for=\"form-field-field_5e68a26\" class=\"elementor-field-label\">\n\t\t\t\t\t\t\t\tT\u00e9l\u00e9phone\t\t\t\t\t\t\t<\/label>\n\t\t\t\t\t\t\t\t<input size=\"1\" type=\"tel\" name=\"form_fields[field_5e68a26]\" id=\"form-field-field_5e68a26\" class=\"elementor-field elementor-size-md  elementor-field-textual\" required=\"required\" pattern=\"[0-9()#&amp;+*-=.]+\" title=\"Seuls les caract\u00e8res de num\u00e9ros de t\u00e9l\u00e9phone (#, -, *, etc.) sont accept\u00e9s.\">\n\n\t\t\t\t\t\t<\/div>\n\t\t\t\t\t\t\t\t<div class=\"elementor-field-type-select elementor-field-group elementor-column elementor-field-group-field_8df2995 elementor-col-50\">\n\t\t\t\t\t\t\t\t\t\t\t\t<label for=\"form-field-field_8df2995\" class=\"elementor-field-label\">\n\t\t\t\t\t\t\t\tType de projet\t\t\t\t\t\t\t<\/label>\n\t\t\t\t\t\t\t\t<div class=\"elementor-field elementor-select-wrapper remove-before \">\n\t\t\t<div class=\"select-caret-down-wrapper\">\n\t\t\t\t<i aria-hidden=\"true\" class=\"eicon-caret-down\"><\/i>\t\t\t<\/div>\n\t\t\t<select name=\"form_fields[field_8df2995]\" id=\"form-field-field_8df2995\" class=\"elementor-field-textual elementor-size-md\">\n\t\t\t\t\t\t\t\t\t<option value=\"Immeubles\">Immeubles<\/option>\n\t\t\t\t\t\t\t\t\t<option value=\"H\u00f4tels\">H\u00f4tels<\/option>\n\t\t\t\t\t\t\t\t\t<option value=\"R\u00e9novations\">R\u00e9novations<\/option>\n\t\t\t\t\t\t\t<\/select>\n\t\t<\/div>\n\t\t\t\t\t\t<\/div>\n\t\t\t\t\t\t\t\t<div class=\"elementor-field-type-textarea elementor-field-group elementor-column elementor-field-group-message elementor-col-50\">\n\t\t\t\t\t\t\t\t\t\t\t\t<label for=\"form-field-message\" class=\"elementor-field-label\">\n\t\t\t\t\t\t\t\tMessage ou description du projet\t\t\t\t\t\t\t<\/label>\n\t\t\t\t\t\t<textarea class=\"elementor-field-textual elementor-field  elementor-size-md\" name=\"form_fields[message]\" id=\"form-field-message\" rows=\"6\"><\/textarea>\t\t\t\t<\/div>\n\t\t\t\t\t\t\t\t<div class=\"elementor-field-type-acceptance elementor-field-group elementor-column elementor-field-group-field_8b765b3 elementor-col-100\">\n\t\t\t\t\t\t\t<div class=\"elementor-field-subgroup\">\n\t\t\t<span class=\"elementor-field-option\">\n\t\t\t\t<input type=\"checkbox\" name=\"form_fields[field_8b765b3]\" id=\"form-field-field_8b765b3\" class=\"elementor-field elementor-size-md  elementor-acceptance-field\">\n\t\t\t\t<label for=\"form-field-field_8b765b3\"> J\u2019ai lu et j\u2019accepte la Politique de Confidentialit\u00e9 de ESTRINT.<br><br><span>Les donn\u00e9es collect\u00e9es via ce formulaire seront trait\u00e9es par ESTRINT afin de g\u00e9rer vos demandes en tant qu\u2019utilisateur du site web. La base l\u00e9gitime sera votre consentement, c'est pourquoi nous vous recommandons de lire attentivement notre politique de confidentialit\u00e9 compl\u00e8te. Vos donn\u00e9es ne seront transf\u00e9r\u00e9es \u00e0 aucun autre responsable du traitement. Les donn\u00e9es que vous nous fournissez seront conserv\u00e9es pendant une dur\u00e9e maximale de douze mois. Vous pouvez exercer vos droits de protection des donn\u00e9es en contactant estrint@estrint.com ou en vous adressant \u00e0 notre D\u00e9l\u00e9gu\u00e9 \u00e0 la Protection des Donn\u00e9es : dpo@cplegalconsulting.com.<\/span><\/label>\t\t\t<\/span>\n\t\t<\/div>\n\t\t\t\t\t\t<\/div>\n\t\t\t\t\t\t\t\t<div class=\"elementor-field-type-recaptcha_v3 elementor-field-group elementor-column elementor-field-group-field_0f346e4 elementor-col-100 recaptcha_v3-bottomright\">\n\t\t\t\t\t<div class=\"elementor-field\" id=\"form-field-field_0f346e4\"><div class=\"elementor-g-recaptcha\" data-sitekey=\"6Lf8v4UpAAAAAFUkMZdkhTZnf3hUOIFyQ4j3cbrG\" data-type=\"v3\" data-action=\"Form\" data-badge=\"bottomright\" data-size=\"invisible\"><\/div><\/div>\t\t\t\t<\/div>\n\t\t\t\t\t\t\t\t<div class=\"elementor-field-group elementor-column elementor-field-type-submit elementor-col-100 e-form__buttons\">\n\t\t\t\t\t<button class=\"elementor-button elementor-size-sm\" type=\"submit\">\n\t\t\t\t\t\t<span class=\"elementor-button-content-wrapper\">\n\t\t\t\t\t\t\t\t\t\t\t\t\t\t\t\t\t\t\t\t\t\t<span class=\"elementor-button-text\">Envoyer<\/span>\n\t\t\t\t\t\t\t\t\t\t\t\t\t<\/span>\n\t\t\t\t\t<\/button>\n\t\t\t\t<\/div>\n\t\t\t<\/div>\n\t\t<\/form>\n\t\t\t\t\t\t<\/div>\n\t\t\t\t<\/div>\n\t\t\t\t\t<\/div>\n\t\t\t\t<\/div>\n\t\t<div class=\"elementor-element elementor-element-a6b4443 c-box e-flex e-con-boxed e-con e-parent\" data-id=\"a6b4443\" data-element_type=\"container\" data-e-type=\"container\" data-settings=\"{&quot;jet_parallax_layout_list&quot;:[]}\">\n\t\t\t\t\t<div class=\"e-con-inner\">\n\t\t<div class=\"elementor-element elementor-element-53d33fb e-con-full e-flex e-con e-child\" data-id=\"53d33fb\" data-element_type=\"container\" data-e-type=\"container\" data-settings=\"{&quot;jet_parallax_layout_list&quot;:[]}\">\n\t\t\t\t<div class=\"elementor-element elementor-element-5dbb130 n-long-text elementor-widget elementor-widget-heading\" data-id=\"5dbb130\" data-element_type=\"widget\" data-e-type=\"widget\" data-widget_type=\"heading.default\">\n\t\t\t\t<div class=\"elementor-widget-container\">\n\t\t\t\t\t<h2 class=\"elementor-heading-title elementor-size-default\">Vous souhaitez parler <br>directement avec nous ?<\/h2>\t\t\t\t<\/div>\n\t\t\t\t<\/div>\n\t\t\t\t<div class=\"elementor-element elementor-element-39dbdf6 n-long-text estrint-links elementor-widget elementor-widget-heading\" data-id=\"39dbdf6\" data-element_type=\"widget\" data-e-type=\"widget\" data-widget_type=\"heading.default\">\n\t\t\t\t<div class=\"elementor-widget-container\">\n\t\t\t\t\t<h2 class=\"elementor-heading-title elementor-size-default\"><a href=\"tel:00376804848\">Appelez-nous maintenant<\/a><\/h2>\t\t\t\t<\/div>\n\t\t\t\t<\/div>\n\t\t\t\t<div class=\"elementor-element elementor-element-06c8cfc n-long-text estrint-links elementor-widget elementor-widget-heading\" data-id=\"06c8cfc\" data-element_type=\"widget\" data-e-type=\"widget\" data-widget_type=\"heading.default\">\n\t\t\t\t<div class=\"elementor-widget-container\">\n\t\t\t\t\t<h2 class=\"elementor-heading-title elementor-size-default\"><a href=\"mailto:estrint@estrint.com\">Envoyez-nous un e-mail<\/a><\/h2>\t\t\t\t<\/div>\n\t\t\t\t<\/div>\n\t\t\t\t<\/div>\n\t\t<div class=\"elementor-element elementor-element-35314fe e-con-full e-flex e-con e-child\" data-id=\"35314fe\" data-element_type=\"container\" data-e-type=\"container\" data-settings=\"{&quot;jet_parallax_layout_list&quot;:[]}\">\n\t\t\t\t<div class=\"elementor-element elementor-element-b8ba557 elementor-widget elementor-widget-jet-map\" data-id=\"b8ba557\" data-element_type=\"widget\" data-e-type=\"widget\" data-widget_type=\"jet-map.default\">\n\t\t\t\t<div class=\"elementor-widget-container\">\n\t\t\t\t\t<div class=\"jet-map\" data-init=\"{&quot;center&quot;:{&quot;lat&quot;:42.5070507,&quot;lng&quot;:1.5316666},&quot;zoom&quot;:18,&quot;scrollwheel&quot;:false,&quot;zoomControl&quot;:false,&quot;fullscreenControl&quot;:false,&quot;streetViewControl&quot;:false,&quot;mapTypeControl&quot;:false,&quot;pinsAutoClose&quot;:true,&quot;styles&quot;:[{&quot;featureType&quot;:&quot;administrative&quot;,&quot;elementType&quot;:&quot;all&quot;,&quot;stylers&quot;:[{&quot;saturation&quot;:&quot;-100&quot;}]},{&quot;featureType&quot;:&quot;administrative.province&quot;,&quot;elementType&quot;:&quot;all&quot;,&quot;stylers&quot;:[{&quot;visibility&quot;:&quot;off&quot;}]},{&quot;featureType&quot;:&quot;landscape&quot;,&quot;elementType&quot;:&quot;all&quot;,&quot;stylers&quot;:[{&quot;saturation&quot;:-100},{&quot;lightness&quot;:65},{&quot;visibility&quot;:&quot;on&quot;}]},{&quot;featureType&quot;:&quot;poi&quot;,&quot;elementType&quot;:&quot;all&quot;,&quot;stylers&quot;:[{&quot;saturation&quot;:-100},{&quot;lightness&quot;:&quot;50&quot;},{&quot;visibility&quot;:&quot;simplified&quot;}]},{&quot;featureType&quot;:&quot;road&quot;,&quot;elementType&quot;:&quot;all&quot;,&quot;stylers&quot;:[{&quot;saturation&quot;:&quot;-100&quot;}]},{&quot;featureType&quot;:&quot;road.highway&quot;,&quot;elementType&quot;:&quot;all&quot;,&quot;stylers&quot;:[{&quot;visibility&quot;:&quot;simplified&quot;}]},{&quot;featureType&quot;:&quot;road.arterial&quot;,&quot;elementType&quot;:&quot;all&quot;,&quot;stylers&quot;:[{&quot;lightness&quot;:&quot;30&quot;}]},{&quot;featureType&quot;:&quot;road.local&quot;,&quot;elementType&quot;:&quot;all&quot;,&quot;stylers&quot;:[{&quot;lightness&quot;:&quot;40&quot;}]},{&quot;featureType&quot;:&quot;transit&quot;,&quot;elementType&quot;:&quot;all&quot;,&quot;stylers&quot;:[{&quot;saturation&quot;:-100},{&quot;visibility&quot;:&quot;simplified&quot;}]},{&quot;featureType&quot;:&quot;water&quot;,&quot;elementType&quot;:&quot;geometry&quot;,&quot;stylers&quot;:[{&quot;hue&quot;:&quot;#ffff00&quot;},{&quot;lightness&quot;:-25},{&quot;saturation&quot;:-97}]},{&quot;featureType&quot;:&quot;water&quot;,&quot;elementType&quot;:&quot;labels&quot;,&quot;stylers&quot;:[{&quot;lightness&quot;:-25},{&quot;saturation&quot;:-100}]}]}\" data-pins=\"[{&quot;address&quot;:&quot;Calle, Carrer Verge del Pilar, 4, 4\\u00ba piso puerta B, AD500 Andorra la Vella&quot;,&quot;position&quot;:{&quot;lat&quot;:42.5070507,&quot;lng&quot;:1.5316666},&quot;desc&quot;:&quot;&lt;p&gt;Estrint&lt;\\\/p&gt;&quot;,&quot;state&quot;:&quot;hidden&quot;}]\"><\/div>\t\t\t\t<\/div>\n\t\t\t\t<\/div>\n\t\t\t\t<\/div>\n\t\t\t\t\t<\/div>\n\t\t\t\t<\/div>\n\t\t\t\t<\/div>\n\t\t","protected":false},"excerpt":{"rendered":"<p>Parlons de votre projet. Nous sommes l\u00e0 pour vous aider \u00e0 concr\u00e9tiser vos id\u00e9es. Contactez-nous et commen\u00e7ons. Vous souhaitez parler directement avec nous ? Appelez-nous maintenant Envoyez-nous un e-mail<\/p>\n","protected":false},"author":2,"featured_media":0,"parent":14604,"menu_order":0,"comment_status":"closed","ping_status":"closed","template":"elementor_header_footer","meta":{"footnotes":""},"class_list":["post-14636","page","type-page","status-publish","hentry"],"yoast_head":"<!-- This site is optimized with the Yoast SEO plugin v25.4 - https:\/\/yoast.com\/wordpress\/plugins\/seo\/ -->\n<title>Contact - Nodum Corporate<\/title>\n<meta name=\"robots\" content=\"index, follow, max-snippet:-1, max-image-preview:large, max-video-preview:-1\" \/>\n<link rel=\"canonical\" href=\"https:\/\/nodumcorporate.com\/fr\/estrint\/contact\/\" \/>\n<meta property=\"og:locale\" content=\"fr_FR\" \/>\n<meta property=\"og:type\" content=\"article\" \/>\n<meta property=\"og:title\" content=\"Contact - Nodum Corporate\" \/>\n<meta property=\"og:description\" content=\"Parlons de votre projet. Nous sommes l\u00e0 pour vous aider \u00e0 concr\u00e9tiser vos id\u00e9es. Contactez-nous et commen\u00e7ons. Vous souhaitez parler directement avec nous ? Appelez-nous maintenant Envoyez-nous un e-mail\" \/>\n<meta property=\"og:url\" content=\"https:\/\/nodumcorporate.com\/fr\/estrint\/contact\/\" \/>\n<meta property=\"og:site_name\" content=\"Nodum Corporate\" \/>\n<meta property=\"article:modified_time\" content=\"2025-02-28T10:31:35+00:00\" \/>\n<meta property=\"og:image\" content=\"https:\/\/nodumcorporate.com\/wp-content\/uploads\/2025\/02\/despatx-estrint.jpg\" \/>\n<meta name=\"twitter:card\" content=\"summary_large_image\" \/>\n<script type=\"application\/ld+json\" class=\"yoast-schema-graph\">{\"@context\":\"https:\/\/schema.org\",\"@graph\":[{\"@type\":\"WebPage\",\"@id\":\"https:\/\/nodumcorporate.com\/fr\/estrint\/contact\/\",\"url\":\"https:\/\/nodumcorporate.com\/fr\/estrint\/contact\/\",\"name\":\"Contact - Nodum Corporate\",\"isPartOf\":{\"@id\":\"https:\/\/nodumcorporate.com\/fr\/#website\"},\"primaryImageOfPage\":{\"@id\":\"https:\/\/nodumcorporate.com\/fr\/estrint\/contact\/#primaryimage\"},\"image\":{\"@id\":\"https:\/\/nodumcorporate.com\/fr\/estrint\/contact\/#primaryimage\"},\"thumbnailUrl\":\"https:\/\/nodumcorporate.com\/wp-content\/uploads\/2025\/02\/despatx-estrint.jpg\",\"datePublished\":\"2025-01-14T11:05:18+00:00\",\"dateModified\":\"2025-02-28T10:31:35+00:00\",\"breadcrumb\":{\"@id\":\"https:\/\/nodumcorporate.com\/fr\/estrint\/contact\/#breadcrumb\"},\"inLanguage\":\"fr-FR\",\"potentialAction\":[{\"@type\":\"ReadAction\",\"target\":[\"https:\/\/nodumcorporate.com\/fr\/estrint\/contact\/\"]}]},{\"@type\":\"ImageObject\",\"inLanguage\":\"fr-FR\",\"@id\":\"https:\/\/nodumcorporate.com\/fr\/estrint\/contact\/#primaryimage\",\"url\":\"https:\/\/nodumcorporate.com\/wp-content\/uploads\/2025\/02\/despatx-estrint.jpg\",\"contentUrl\":\"https:\/\/nodumcorporate.com\/wp-content\/uploads\/2025\/02\/despatx-estrint.jpg\"},{\"@type\":\"BreadcrumbList\",\"@id\":\"https:\/\/nodumcorporate.com\/fr\/estrint\/contact\/#breadcrumb\",\"itemListElement\":[{\"@type\":\"ListItem\",\"position\":1,\"name\":\"Estrint\",\"item\":\"https:\/\/nodumcorporate.com\/fr\/estrint\/\"},{\"@type\":\"ListItem\",\"position\":2,\"name\":\"Contact\"}]},{\"@type\":\"WebSite\",\"@id\":\"https:\/\/nodumcorporate.com\/fr\/#website\",\"url\":\"https:\/\/nodumcorporate.com\/fr\/\",\"name\":\"Nodum Corporate\",\"description\":\"\",\"potentialAction\":[{\"@type\":\"SearchAction\",\"target\":{\"@type\":\"EntryPoint\",\"urlTemplate\":\"https:\/\/nodumcorporate.com\/fr\/?s={search_term_string}\"},\"query-input\":{\"@type\":\"PropertyValueSpecification\",\"valueRequired\":true,\"valueName\":\"search_term_string\"}}],\"inLanguage\":\"fr-FR\"}]}<\/script>\n<!-- \/ Yoast SEO plugin. -->","yoast_head_json":{"title":"Contact - Nodum Corporate","robots":{"index":"index","follow":"follow","max-snippet":"max-snippet:-1","max-image-preview":"max-image-preview:large","max-video-preview":"max-video-preview:-1"},"canonical":"https:\/\/nodumcorporate.com\/fr\/estrint\/contact\/","og_locale":"fr_FR","og_type":"article","og_title":"Contact - Nodum Corporate","og_description":"Parlons de votre projet. Nous sommes l\u00e0 pour vous aider \u00e0 concr\u00e9tiser vos id\u00e9es. Contactez-nous et commen\u00e7ons. Vous souhaitez parler directement avec nous ? Appelez-nous maintenant Envoyez-nous un e-mail","og_url":"https:\/\/nodumcorporate.com\/fr\/estrint\/contact\/","og_site_name":"Nodum Corporate","article_modified_time":"2025-02-28T10:31:35+00:00","og_image":[{"url":"https:\/\/nodumcorporate.com\/wp-content\/uploads\/2025\/02\/despatx-estrint.jpg","type":"","width":"","height":""}],"twitter_card":"summary_large_image","schema":{"@context":"https:\/\/schema.org","@graph":[{"@type":"WebPage","@id":"https:\/\/nodumcorporate.com\/fr\/estrint\/contact\/","url":"https:\/\/nodumcorporate.com\/fr\/estrint\/contact\/","name":"Contact - Nodum Corporate","isPartOf":{"@id":"https:\/\/nodumcorporate.com\/fr\/#website"},"primaryImageOfPage":{"@id":"https:\/\/nodumcorporate.com\/fr\/estrint\/contact\/#primaryimage"},"image":{"@id":"https:\/\/nodumcorporate.com\/fr\/estrint\/contact\/#primaryimage"},"thumbnailUrl":"https:\/\/nodumcorporate.com\/wp-content\/uploads\/2025\/02\/despatx-estrint.jpg","datePublished":"2025-01-14T11:05:18+00:00","dateModified":"2025-02-28T10:31:35+00:00","breadcrumb":{"@id":"https:\/\/nodumcorporate.com\/fr\/estrint\/contact\/#breadcrumb"},"inLanguage":"fr-FR","potentialAction":[{"@type":"ReadAction","target":["https:\/\/nodumcorporate.com\/fr\/estrint\/contact\/"]}]},{"@type":"ImageObject","inLanguage":"fr-FR","@id":"https:\/\/nodumcorporate.com\/fr\/estrint\/contact\/#primaryimage","url":"https:\/\/nodumcorporate.com\/wp-content\/uploads\/2025\/02\/despatx-estrint.jpg","contentUrl":"https:\/\/nodumcorporate.com\/wp-content\/uploads\/2025\/02\/despatx-estrint.jpg"},{"@type":"BreadcrumbList","@id":"https:\/\/nodumcorporate.com\/fr\/estrint\/contact\/#breadcrumb","itemListElement":[{"@type":"ListItem","position":1,"name":"Estrint","item":"https:\/\/nodumcorporate.com\/fr\/estrint\/"},{"@type":"ListItem","position":2,"name":"Contact"}]},{"@type":"WebSite","@id":"https:\/\/nodumcorporate.com\/fr\/#website","url":"https:\/\/nodumcorporate.com\/fr\/","name":"Nodum Corporate","description":"","potentialAction":[{"@type":"SearchAction","target":{"@type":"EntryPoint","urlTemplate":"https:\/\/nodumcorporate.com\/fr\/?s={search_term_string}"},"query-input":{"@type":"PropertyValueSpecification","valueRequired":true,"valueName":"search_term_string"}}],"inLanguage":"fr-FR"}]}},"_links":{"self":[{"href":"https:\/\/nodumcorporate.com\/fr\/wp-json\/wp\/v2\/pages\/14636","targetHints":{"allow":["GET"]}}],"collection":[{"href":"https:\/\/nodumcorporate.com\/fr\/wp-json\/wp\/v2\/pages"}],"about":[{"href":"https:\/\/nodumcorporate.com\/fr\/wp-json\/wp\/v2\/types\/page"}],"author":[{"embeddable":true,"href":"https:\/\/nodumcorporate.com\/fr\/wp-json\/wp\/v2\/users\/2"}],"replies":[{"embeddable":true,"href":"https:\/\/nodumcorporate.com\/fr\/wp-json\/wp\/v2\/comments?post=14636"}],"version-history":[{"count":4,"href":"https:\/\/nodumcorporate.com\/fr\/wp-json\/wp\/v2\/pages\/14636\/revisions"}],"predecessor-version":[{"id":16121,"href":"https:\/\/nodumcorporate.com\/fr\/wp-json\/wp\/v2\/pages\/14636\/revisions\/16121"}],"up":[{"embeddable":true,"href":"https:\/\/nodumcorporate.com\/fr\/wp-json\/wp\/v2\/pages\/14604"}],"wp:attachment":[{"href":"https:\/\/nodumcorporate.com\/fr\/wp-json\/wp\/v2\/media?parent=14636"}],"curies":[{"name":"wp","href":"https:\/\/api.w.org\/{rel}","templated":true}]}}