{"id":2756,"date":"2023-12-18T08:10:04","date_gmt":"2023-12-18T08:10:04","guid":{"rendered":"https:\/\/nodumcorporate.com\/nodum-corporate\/mentions-legales\/"},"modified":"2024-05-21T17:02:14","modified_gmt":"2024-05-21T17:02:14","slug":"mentions-legales","status":"publish","type":"page","link":"https:\/\/nodumcorporate.com\/fr\/nodum-corporate\/mentions-legales\/","title":{"rendered":"Mentions l\u00e9gales"},"content":{"rendered":"\n<p> Merci de visiter le site web de FIDENCIS, S.L. (ci-apr\u00e8s NODUM CORPORATE). L\u2019acc\u00e8s est limit\u00e9 \u00e0 l\u2019acceptation des conditions d\u2019utilisation suivantes, qui peuvent \u00eatre modifi\u00e9es par NODUM CORPORATE \u00e0 tout moment et sans pr\u00e9avis. <\/p>\n\n<p><strong> <strong>En utilisant ce site Web, vous acceptez d&rsquo;\u00eatre li\u00e9 par les termes exprim\u00e9s dans ces mentions l\u00e9gales et par toute modification ult\u00e9rieure que NODUM CORPORATE pourrait mettre en \u0153uvre de temps \u00e0 autre. Si vous n\u2019acceptez pas les termes de cet accord, vous ne devez pas utiliser ce site. <\/strong><\/strong><\/p>\n\n<h3 class=\"wp-block-heading\">1.- MENTIONS L\u00c9GALES<\/h3>\n\n<p>Vous trouverez ci-dessous les informations g\u00e9n\u00e9rales sur ce SITE WEB :<\/p>\n\n<ul class=\"wp-block-list\">\n<li>Titulaire : FIDENCIS, SL<\/li>\n\n\n\n<li>NRT (num\u00e9ro d\u2019enregistrement fiscal) : L-714773-U<\/li>\n\n\n\n<li>Adresse postale : Carrer Verge del Pilar 4, 4t pis, porta B. (AD500) Andorra la Vella, Principat d\u2019Andorra.<\/li>\n\n\n\n<li>T\u00e9l\u00e9phone : (+376) 82 82 65<\/li>\n\n\n\n<li>Adresse e-mail : <a href=\"mailto:info@fidencis.com\">info@fidencias.com<\/a><\/li>\n<\/ul>\n\n<p> La visite de ce SITE WEB attribue la condition d'\u00a0\u00bbUTILISATEUR\u2018\u2019 au visiteur, quelle que soit la condition de \u2018\u2019CLIENT\u2019\u2019 que cet utilisateur peut avoir avec NODUM CORPORATE. <\/p>\n\n<p>Ce SITE WEB a pour objet d&rsquo;offrir aux CLIENTS et\/ou UTILISATEURS des informations relatives aux produits et aux services NODUM CORPORATE.<\/p>\n\n<p> L\u2019UTILISATEUR, en acc\u00e9dant \u00e0 tous les contenus qui font partie du SITE WEB, peut visiter, obtenir des informations sur les produits et services, et adresser des demandes et \/ ou des communications \u00e0 NODUM CORPORATE. Cet acc\u00e8s vaut l\u2019acceptation pleine et sans r\u00e9serve de toutes les dispositions et conditions d\u2019utilisation mentionn\u00e9es dans les pr\u00e9sentes \u2018\u2019Mentions l\u00e9gales\u2019\u2019. <\/p>\n\n<h3 class=\"wp-block-heading\">2.- PROPRI\u00c9T\u00c9 INTELLECTUELLE ET INDUSTRIELLE<\/h3>\n\n<p>Tous les contenus du SITE WEB, y compris, mais sans s\u2019y limiter, les textes, photographies, graphiques, images, ic\u00f4nes, technologies, logiciels, liens et autres contenus audiovisuels ou sonores, ainsi que sa conception graphique et ses codes sources (ci-apr\u00e8s, le \u2018\u2019CONTENU\u2019\u2019), sont la propri\u00e9t\u00e9 intellectuelle de NODUM CORPORATE ou de tiers. <\/p>\n\n<p>Les marques, noms commerciaux ou autres signes distinctifs sont la propri\u00e9t\u00e9 de NODUM CORPORATE ou de tiers, et l\u2019acc\u00e8s au SITE WEB n\u2019attribue aucun droit sur ces marques, noms commerciaux et\/ou signes distinctifs. <\/p>\n\n<p>La violation des droits ci-dessus sera poursuivie conform\u00e9ment \u00e0 la l\u00e9gislation en vigueur.<\/p>\n\n<p>Afin de pr\u00e9server d\u2019\u00e9ventuels droits de propri\u00e9t\u00e9 intellectuelle, dans le cas o\u00f9 un UTILISATEUR ou un tiers consid\u00e8re qu\u2019une violation de ses droits l\u00e9gitimes a eu lieu en raison de l\u2019introduction de certains contenus sur le SITE, il doit en informer NODUM CORPORATE. <\/p>\n\n<p>Dans tous les cas, NODUM CORPORATE n\u2019assumera aucune responsabilit\u00e9 pour les droits de propri\u00e9t\u00e9 intellectuelle ou industrielle d\u00e9tenus par des tiers, qui pourraient \u00eatre viol\u00e9s par un tiers ou par l\u2019UTILISATEUR. <\/p>\n\n<h3 class=\"wp-block-heading\">3.- CONDITIONS D&rsquo;UTILISATION DU SITE WEB<\/h3>\n\n<h4 class=\"wp-block-heading\">CONDITIONS G\u00c9N\u00c9RALES<\/h4>\n\n<p>L&rsquo;UTILISATEUR s&rsquo;engage \u00e0 faire un usage correct du SITE WEB conform\u00e9ment \u00e0 la Loi et aux pr\u00e9sentes conditions d&rsquo;utilisation. L\u2019UTILISATEUR sera responsable envers NODUM CORPORATE ou envers des tiers de tout dommage pouvant r\u00e9sulter d\u2019une violation de cette obligation. <\/p>\n\n<p>Il est express\u00e9ment interdit d\u2019utiliser le SITE WEB \u00e0 des fins pr\u00e9judiciables \u00e0 la propri\u00e9t\u00e9 ou aux int\u00e9r\u00eats de NODUM CORPORATE ou de tiers, ou qui, de toute autre mani\u00e8re, surchargent, endommagent ou rendent inutilisables les r\u00e9seaux, serveurs et autres \u00e9quipements informatiques ou produits et applications informatiques de la soci\u00e9t\u00e9 ou de tiers. <\/p>\n\n<h4 class=\"wp-block-heading\">CONTENUS<\/h4>\n\n<p>L\u2019UTILISATEUR s\u2019engage \u00e0 utiliser les contenus conform\u00e9ment \u00e0 la loi et au pr\u00e9sent avis juridique, ainsi qu\u2019aux autres conditions, r\u00e8glements et instructions qui, le cas \u00e9ch\u00e9ant, peuvent \u00eatre applicables. <\/p>\n\n<h3 class=\"wp-block-heading\">4.- EXCLUSION DE RESPONSABILIT\u00c9<\/h3>\n\n<h4 class=\"wp-block-heading\">INFORMATIONS<\/h4>\n\n<p>L&rsquo;acc\u00e8s au SITE WEB n&rsquo;implique pas l&rsquo;obligation de la part de NODUM CORPORATE de v\u00e9rifier la v\u00e9racit\u00e9, l&rsquo;exactitude, l&rsquo;ad\u00e9quation, la pertinence, l&rsquo;exhaustivit\u00e9 et l&rsquo;actualit\u00e9 des informations fournies par son interm\u00e9diaire. En ce sens, NODUM CORPORATE ne garantit pas que le contenu du site Web doit \u00eatre mis \u00e0 jour en permanence, ni qu\u2019il est d\u00e9pourvu d\u2019erreur. <\/p>\n\n<p>NODUM CORPORATE ne saurait \u00eatre tenu responsable des dommages et\/ou pr\u00e9judices et\/ou avantages non obtenus par l\u2019UTILISATEUR ou par un tiers qui en subirait le pr\u00e9judice. <\/p>\n\n<h4 class=\"wp-block-heading\">QUALIT\u00c9 DU SERVICE<\/h4>\n\n<p>L&rsquo;acc\u00e8s au SITE WEB n&rsquo;implique pas l&rsquo;obligation de la part de NODUM CORPORATE de contr\u00f4ler l&rsquo;absence de virus, vers, ou tout autre \u00e9l\u00e9ment informatique nuisible. L\u2019UTILISATEUR est responsable de la disponibilit\u00e9 d\u2019outils ad\u00e9quats pour la d\u00e9tection et la d\u00e9sinfection des programmes informatiques nuisibles. <\/p>\n\n<p>NODUM CORPORATE n&rsquo;est pas responsable des dommages caus\u00e9s au mat\u00e9riel informatique des UTILISATEURS ou des tiers lors de la fourniture du service du SITE WEB.<\/p>\n\n<h4 class=\"wp-block-heading\">DISPONIBILIT\u00c9 DU SERVICE<\/h4>\n\n<p>L&rsquo;acc\u00e8s au SITE WEB n\u00e9cessite des services et des fournitures de tiers, notamment des r\u00e9seaux de t\u00e9l\u00e9communications. Sa fiabilit\u00e9, sa qualit\u00e9, sa continuit\u00e9 et son fonctionnement d\u00e9pendent donc de tiers. En ce sens, les contenus fournis via le SITE WEB peuvent \u00eatre suspendus, annul\u00e9s ou devenir inaccessibles.<\/p>\n\n<p>NODUM CORPORATE n&rsquo;est pas responsable des dommages de toute nature, caus\u00e9s par des erreurs ou des d\u00e9connexions des r\u00e9seaux de t\u00e9l\u00e9communications, qui pourraient r\u00e9sulter de la suspension, de l&rsquo;annulation ou de l&rsquo;interruption du service du SITE WEB.<\/p>\n\n<h3 class=\"wp-block-heading\">5.- PROTECTION DES DONN\u00c9ES<\/h3>\n\n<p>Voir la <a href=\"https:\/\/nodumcorporate.com\/fr\/nodum-corporate\/politique-de-confidentialite\/\" data-type=\"page\" data-id=\"344\">Politique de confidentialit\u00e9<\/a> correspondante.<\/p>\n\n<h3 class=\"wp-block-heading\">6.- JURIDICTION ET LOI APPLICABLE<\/h3>\n\n<p>Ces Mentions l\u00e9gales sont r\u00e9gies par la l\u00e9gislation andorrane.<\/p>\n\n<p>Les UTILISATEURS de ce SITE WEB se soumettent \u00e0 la juridiction andorrane et renoncent express\u00e9ment \u00e0 toute autre juridiction qui, conform\u00e9ment \u00e0 la loi, pourrait leur correspondre.<\/p>\n\n<p>NODUM CORPORATE se r\u00e9serve le droit d&rsquo;apporter, \u00e0 tout moment et sans pr\u00e9avis, des modifications et des mises \u00e0 jour aux informations contenues sur le SITE ou \u00e0 sa configuration et\/ou pr\u00e9sentation.<\/p>\n\n<p><strong>Derni\u00e8re mise \u00e0 jour: 02 avril 2024.<\/strong><\/p>\n","protected":false},"excerpt":{"rendered":"<p>Merci de visiter le site web de FIDENCIS, S.L. (ci-apr\u00e8s NODUM CORPORATE). L\u2019acc\u00e8s est limit\u00e9 \u00e0 l\u2019acceptation des conditions d\u2019utilisation suivantes, qui peuvent \u00eatre modifi\u00e9es par NODUM CORPORATE \u00e0 tout moment et sans pr\u00e9avis. En utilisant ce site Web, vous acceptez d&rsquo;\u00eatre li\u00e9 par les termes exprim\u00e9s dans ces mentions l\u00e9gales et par toute modification [&hellip;]<\/p>\n","protected":false},"author":2,"featured_media":0,"parent":2485,"menu_order":0,"comment_status":"closed","ping_status":"closed","template":"","meta":{"footnotes":""},"class_list":["post-2756","page","type-page","status-publish","hentry"],"yoast_head":"<!-- This site is optimized with the Yoast SEO plugin v25.4 - https:\/\/yoast.com\/wordpress\/plugins\/seo\/ -->\n<title>Mentions l\u00e9gales - Nodum Corporate<\/title>\n<meta name=\"robots\" content=\"index, follow, max-snippet:-1, max-image-preview:large, max-video-preview:-1\" \/>\n<link rel=\"canonical\" href=\"https:\/\/nodumcorporate.com\/fr\/nodum-corporate\/mentions-legales\/\" \/>\n<meta property=\"og:locale\" content=\"fr_FR\" \/>\n<meta property=\"og:type\" content=\"article\" \/>\n<meta property=\"og:title\" content=\"Mentions l\u00e9gales - Nodum Corporate\" \/>\n<meta property=\"og:description\" content=\"Merci de visiter le site web de FIDENCIS, S.L. (ci-apr\u00e8s NODUM CORPORATE). L\u2019acc\u00e8s est limit\u00e9 \u00e0 l\u2019acceptation des conditions d\u2019utilisation suivantes, qui peuvent \u00eatre modifi\u00e9es par NODUM CORPORATE \u00e0 tout moment et sans pr\u00e9avis. En utilisant ce site Web, vous acceptez d&rsquo;\u00eatre li\u00e9 par les termes exprim\u00e9s dans ces mentions l\u00e9gales et par toute modification [&hellip;]\" \/>\n<meta property=\"og:url\" content=\"https:\/\/nodumcorporate.com\/fr\/nodum-corporate\/mentions-legales\/\" \/>\n<meta property=\"og:site_name\" content=\"Nodum Corporate\" \/>\n<meta property=\"article:modified_time\" content=\"2024-05-21T17:02:14+00:00\" \/>\n<meta name=\"twitter:card\" content=\"summary_large_image\" \/>\n<meta name=\"twitter:label1\" content=\"Dur\u00e9e de lecture estim\u00e9e\" \/>\n\t<meta name=\"twitter:data1\" content=\"5 minutes\" \/>\n<script type=\"application\/ld+json\" class=\"yoast-schema-graph\">{\"@context\":\"https:\/\/schema.org\",\"@graph\":[{\"@type\":\"WebPage\",\"@id\":\"https:\/\/nodumcorporate.com\/fr\/nodum-corporate\/mentions-legales\/\",\"url\":\"https:\/\/nodumcorporate.com\/fr\/nodum-corporate\/mentions-legales\/\",\"name\":\"Mentions l\u00e9gales - Nodum Corporate\",\"isPartOf\":{\"@id\":\"https:\/\/nodumcorporate.com\/fr\/#website\"},\"datePublished\":\"2023-12-18T08:10:04+00:00\",\"dateModified\":\"2024-05-21T17:02:14+00:00\",\"breadcrumb\":{\"@id\":\"https:\/\/nodumcorporate.com\/fr\/nodum-corporate\/mentions-legales\/#breadcrumb\"},\"inLanguage\":\"fr-FR\",\"potentialAction\":[{\"@type\":\"ReadAction\",\"target\":[\"https:\/\/nodumcorporate.com\/fr\/nodum-corporate\/mentions-legales\/\"]}]},{\"@type\":\"BreadcrumbList\",\"@id\":\"https:\/\/nodumcorporate.com\/fr\/nodum-corporate\/mentions-legales\/#breadcrumb\",\"itemListElement\":[{\"@type\":\"ListItem\",\"position\":1,\"name\":\"Nodum Corporate\",\"item\":\"https:\/\/nodumcorporate.com\/fr\/\"},{\"@type\":\"ListItem\",\"position\":2,\"name\":\"Mentions l\u00e9gales\"}]},{\"@type\":\"WebSite\",\"@id\":\"https:\/\/nodumcorporate.com\/fr\/#website\",\"url\":\"https:\/\/nodumcorporate.com\/fr\/\",\"name\":\"Nodum Corporate\",\"description\":\"\",\"potentialAction\":[{\"@type\":\"SearchAction\",\"target\":{\"@type\":\"EntryPoint\",\"urlTemplate\":\"https:\/\/nodumcorporate.com\/fr\/?s={search_term_string}\"},\"query-input\":{\"@type\":\"PropertyValueSpecification\",\"valueRequired\":true,\"valueName\":\"search_term_string\"}}],\"inLanguage\":\"fr-FR\"}]}<\/script>\n<!-- \/ Yoast SEO plugin. -->","yoast_head_json":{"title":"Mentions l\u00e9gales - Nodum Corporate","robots":{"index":"index","follow":"follow","max-snippet":"max-snippet:-1","max-image-preview":"max-image-preview:large","max-video-preview":"max-video-preview:-1"},"canonical":"https:\/\/nodumcorporate.com\/fr\/nodum-corporate\/mentions-legales\/","og_locale":"fr_FR","og_type":"article","og_title":"Mentions l\u00e9gales - Nodum Corporate","og_description":"Merci de visiter le site web de FIDENCIS, S.L. (ci-apr\u00e8s NODUM CORPORATE). L\u2019acc\u00e8s est limit\u00e9 \u00e0 l\u2019acceptation des conditions d\u2019utilisation suivantes, qui peuvent \u00eatre modifi\u00e9es par NODUM CORPORATE \u00e0 tout moment et sans pr\u00e9avis. En utilisant ce site Web, vous acceptez d&rsquo;\u00eatre li\u00e9 par les termes exprim\u00e9s dans ces mentions l\u00e9gales et par toute modification [&hellip;]","og_url":"https:\/\/nodumcorporate.com\/fr\/nodum-corporate\/mentions-legales\/","og_site_name":"Nodum Corporate","article_modified_time":"2024-05-21T17:02:14+00:00","twitter_card":"summary_large_image","twitter_misc":{"Dur\u00e9e de lecture estim\u00e9e":"5 minutes"},"schema":{"@context":"https:\/\/schema.org","@graph":[{"@type":"WebPage","@id":"https:\/\/nodumcorporate.com\/fr\/nodum-corporate\/mentions-legales\/","url":"https:\/\/nodumcorporate.com\/fr\/nodum-corporate\/mentions-legales\/","name":"Mentions l\u00e9gales - Nodum Corporate","isPartOf":{"@id":"https:\/\/nodumcorporate.com\/fr\/#website"},"datePublished":"2023-12-18T08:10:04+00:00","dateModified":"2024-05-21T17:02:14+00:00","breadcrumb":{"@id":"https:\/\/nodumcorporate.com\/fr\/nodum-corporate\/mentions-legales\/#breadcrumb"},"inLanguage":"fr-FR","potentialAction":[{"@type":"ReadAction","target":["https:\/\/nodumcorporate.com\/fr\/nodum-corporate\/mentions-legales\/"]}]},{"@type":"BreadcrumbList","@id":"https:\/\/nodumcorporate.com\/fr\/nodum-corporate\/mentions-legales\/#breadcrumb","itemListElement":[{"@type":"ListItem","position":1,"name":"Nodum Corporate","item":"https:\/\/nodumcorporate.com\/fr\/"},{"@type":"ListItem","position":2,"name":"Mentions l\u00e9gales"}]},{"@type":"WebSite","@id":"https:\/\/nodumcorporate.com\/fr\/#website","url":"https:\/\/nodumcorporate.com\/fr\/","name":"Nodum Corporate","description":"","potentialAction":[{"@type":"SearchAction","target":{"@type":"EntryPoint","urlTemplate":"https:\/\/nodumcorporate.com\/fr\/?s={search_term_string}"},"query-input":{"@type":"PropertyValueSpecification","valueRequired":true,"valueName":"search_term_string"}}],"inLanguage":"fr-FR"}]}},"_links":{"self":[{"href":"https:\/\/nodumcorporate.com\/fr\/wp-json\/wp\/v2\/pages\/2756","targetHints":{"allow":["GET"]}}],"collection":[{"href":"https:\/\/nodumcorporate.com\/fr\/wp-json\/wp\/v2\/pages"}],"about":[{"href":"https:\/\/nodumcorporate.com\/fr\/wp-json\/wp\/v2\/types\/page"}],"author":[{"embeddable":true,"href":"https:\/\/nodumcorporate.com\/fr\/wp-json\/wp\/v2\/users\/2"}],"replies":[{"embeddable":true,"href":"https:\/\/nodumcorporate.com\/fr\/wp-json\/wp\/v2\/comments?post=2756"}],"version-history":[{"count":5,"href":"https:\/\/nodumcorporate.com\/fr\/wp-json\/wp\/v2\/pages\/2756\/revisions"}],"predecessor-version":[{"id":6736,"href":"https:\/\/nodumcorporate.com\/fr\/wp-json\/wp\/v2\/pages\/2756\/revisions\/6736"}],"up":[{"embeddable":true,"href":"https:\/\/nodumcorporate.com\/fr\/wp-json\/wp\/v2\/pages\/2485"}],"wp:attachment":[{"href":"https:\/\/nodumcorporate.com\/fr\/wp-json\/wp\/v2\/media?parent=2756"}],"curies":[{"name":"wp","href":"https:\/\/api.w.org\/{rel}","templated":true}]}}