{"id":2768,"date":"2023-12-18T08:09:51","date_gmt":"2023-12-18T08:09:51","guid":{"rendered":"https:\/\/nodumcorporate.com\/nodum-corporate\/politique-de-cookies\/"},"modified":"2024-05-21T17:02:21","modified_gmt":"2024-05-21T17:02:21","slug":"politique-de-cookies","status":"publish","type":"page","link":"https:\/\/nodumcorporate.com\/fr\/nodum-corporate\/politique-de-cookies\/","title":{"rendered":"Politique de cookies"},"content":{"rendered":"\n<h3 class=\"wp-block-heading\">1. CONCEPT DE COOKIES <\/h3>\n\n<p>L&rsquo;utilisateur est averti que ce site utilise des <em>cookies<\/em>. Un <em>cookie<\/em> est un fichier qui se t\u00e9l\u00e9charge sur votre ordinateur lorsque vous acc\u00e9dez \u00e0 certaines pages Web. Ils permettent, entre autres, \u00e0 un site <em>Internet<\/em> de stocker et de r\u00e9cup\u00e9rer des informations sur les habitudes de navigation de l&rsquo;utilisateur ou de son ordinateur et, en fonction des informations qu&rsquo;ils contiennent et de la mani\u00e8re dont son ordinateur est utilis\u00e9, ils peuvent \u00eatre utilis\u00e9s pour reconna\u00eetre l&rsquo;utilisateur. <\/p>\n\n<h3 class=\"wp-block-heading\">2. TYPES DE COOKIES <\/h3>\n\n<p><strong>N\u00e9cessaire:<\/strong> Les cookies n\u00e9cessaires sont cruciaux pour les fonctions de base du site Web et celui-ci ne fonctionnera pas comme pr\u00e9vu sans eux.Ces cookies ne stockent aucune donn\u00e9e personnellement identifiable.<\/p>\n\n<p><strong>Fonctionnelle:<\/strong> Les cookies fonctionnels permettent d&rsquo;ex\u00e9cuter certaines fonctionnalit\u00e9s telles que le partage du contenu du site Web sur des plateformes de m\u00e9dias sociaux, la collecte de commentaires et d&rsquo;autres fonctionnalit\u00e9s tierces.<\/p>\n\n<p><strong>Analytique:<\/strong> Les cookies analytiques sont utilis\u00e9s pour comprendre comment les visiteurs interagissent avec le site Web. Ces cookies aident \u00e0 fournir des informations sur le nombre de visiteurs, le taux de rebond, la source de trafic, etc.<\/p>\n\n<h3 class=\"wp-block-heading\">3. INFORMATIONS SUR LES COOKIES <\/h3>\n\n<div class=\"cky-audit-table-element\"><\/div>\n\n<h3 class=\"wp-block-heading\">4. D\u00c9SACTIVATION DES COOKIES <\/h3>\n\n<p>Vous pouvez bloquer ou supprimer les <em>cookies <\/em> install\u00e9s sur votre ordinateur en configurant les options de votre navigateur. Voici les \u00e9tapes pour d\u00e9sactiver ou supprimer les <em>cookies <\/em> dans les principaux navigateurs : <\/p>\n\n<p>Pour configurer les autorisations li\u00e9es aux <em>cookies<\/em> install\u00e9s dans le navigateur <em>Google Chrome<\/em>, cliquez sur le <em><a href=\"https:\/\/support.google.com\/chrome\/answer\/95647?hl=es\">lien<\/a><\/em> suivant. <\/p>\n\n<p>Pour configurer les autorisations li\u00e9es aux <em>cookies<\/em> install\u00e9s dans le navigateur <em>Mozilla Firefox<\/em>, cliquez sur le <em><a href=\"https:\/\/support.mozilla.org\/es\/kb\/habilitar-y-deshabilitar-cookies-que-los-sitios-we\">lien<\/a><\/em> suivant. <\/p>\n\n<p>Pour configurer les autorisations li\u00e9es aux <em>cookies<\/em> install\u00e9s dans le navigateur <em>Microsoft Internet Explorer<\/em>, cliquez sur le <em><a href=\"https:\/\/support.microsoft.com\/es-es\/help\/17442\/windows-internet-explorer-delete-manage-cookies\">lien<\/a><\/em> suivant. <\/p>\n\n<p>Pour configurer les autorisations li\u00e9es aux <em>cookies<\/em> install\u00e9s dans le navigateur <em>Safari<\/em>, cliquez sur le <em><a href=\"http:\/\/support.apple.com\/kb\/HT1677?viewlocale=es_ES\">lien<\/a><\/em> suivant. <\/p>\n\n<p>ATTENTION : Si les <em>cookies<\/em> sont bloqu\u00e9s dans votre navigateur habituel, il est possible que certains services ou fonctionnalit\u00e9s de la page web ne soient pas disponibles. <\/p>\n\n<p><strong>Derni\u00e8re mise \u00e0 jour: 02 avril 2024.<\/strong><\/p>\n","protected":false},"excerpt":{"rendered":"<p>1. CONCEPT DE COOKIES L&rsquo;utilisateur est averti que ce site utilise des cookies. Un cookie est un fichier qui se t\u00e9l\u00e9charge sur votre ordinateur lorsque vous acc\u00e9dez \u00e0 certaines pages Web. Ils permettent, entre autres, \u00e0 un site Internet de stocker et de r\u00e9cup\u00e9rer des informations sur les habitudes de navigation de l&rsquo;utilisateur ou de [&hellip;]<\/p>\n","protected":false},"author":2,"featured_media":0,"parent":2485,"menu_order":0,"comment_status":"closed","ping_status":"closed","template":"","meta":{"footnotes":""},"class_list":["post-2768","page","type-page","status-publish","hentry"],"yoast_head":"<!-- This site is optimized with the Yoast SEO plugin v25.4 - https:\/\/yoast.com\/wordpress\/plugins\/seo\/ -->\n<title>Politique de cookies - Nodum Corporate<\/title>\n<meta name=\"robots\" content=\"noindex, nofollow\" \/>\n<meta property=\"og:locale\" content=\"fr_FR\" \/>\n<meta property=\"og:type\" content=\"article\" \/>\n<meta property=\"og:title\" content=\"Politique de cookies - Nodum Corporate\" \/>\n<meta property=\"og:description\" content=\"1. CONCEPT DE COOKIES L&rsquo;utilisateur est averti que ce site utilise des cookies. Un cookie est un fichier qui se t\u00e9l\u00e9charge sur votre ordinateur lorsque vous acc\u00e9dez \u00e0 certaines pages Web. Ils permettent, entre autres, \u00e0 un site Internet de stocker et de r\u00e9cup\u00e9rer des informations sur les habitudes de navigation de l&rsquo;utilisateur ou de [&hellip;]\" \/>\n<meta property=\"og:url\" content=\"https:\/\/nodumcorporate.com\/fr\/nodum-corporate\/politique-de-cookies\/\" \/>\n<meta property=\"og:site_name\" content=\"Nodum Corporate\" \/>\n<meta property=\"article:modified_time\" content=\"2024-05-21T17:02:21+00:00\" \/>\n<meta name=\"twitter:card\" content=\"summary_large_image\" \/>\n<meta name=\"twitter:label1\" content=\"Dur\u00e9e de lecture estim\u00e9e\" \/>\n\t<meta name=\"twitter:data1\" content=\"2 minutes\" \/>\n<script type=\"application\/ld+json\" class=\"yoast-schema-graph\">{\"@context\":\"https:\/\/schema.org\",\"@graph\":[{\"@type\":\"WebPage\",\"@id\":\"https:\/\/nodumcorporate.com\/fr\/nodum-corporate\/politique-de-cookies\/\",\"url\":\"https:\/\/nodumcorporate.com\/fr\/nodum-corporate\/politique-de-cookies\/\",\"name\":\"Politique de cookies - Nodum Corporate\",\"isPartOf\":{\"@id\":\"https:\/\/nodumcorporate.com\/fr\/#website\"},\"datePublished\":\"2023-12-18T08:09:51+00:00\",\"dateModified\":\"2024-05-21T17:02:21+00:00\",\"breadcrumb\":{\"@id\":\"https:\/\/nodumcorporate.com\/fr\/nodum-corporate\/politique-de-cookies\/#breadcrumb\"},\"inLanguage\":\"fr-FR\",\"potentialAction\":[{\"@type\":\"ReadAction\",\"target\":[\"https:\/\/nodumcorporate.com\/fr\/nodum-corporate\/politique-de-cookies\/\"]}]},{\"@type\":\"BreadcrumbList\",\"@id\":\"https:\/\/nodumcorporate.com\/fr\/nodum-corporate\/politique-de-cookies\/#breadcrumb\",\"itemListElement\":[{\"@type\":\"ListItem\",\"position\":1,\"name\":\"Nodum Corporate\",\"item\":\"https:\/\/nodumcorporate.com\/fr\/\"},{\"@type\":\"ListItem\",\"position\":2,\"name\":\"Politique de cookies\"}]},{\"@type\":\"WebSite\",\"@id\":\"https:\/\/nodumcorporate.com\/fr\/#website\",\"url\":\"https:\/\/nodumcorporate.com\/fr\/\",\"name\":\"Nodum Corporate\",\"description\":\"\",\"potentialAction\":[{\"@type\":\"SearchAction\",\"target\":{\"@type\":\"EntryPoint\",\"urlTemplate\":\"https:\/\/nodumcorporate.com\/fr\/?s={search_term_string}\"},\"query-input\":{\"@type\":\"PropertyValueSpecification\",\"valueRequired\":true,\"valueName\":\"search_term_string\"}}],\"inLanguage\":\"fr-FR\"}]}<\/script>\n<!-- \/ Yoast SEO plugin. -->","yoast_head_json":{"title":"Politique de cookies - Nodum Corporate","robots":{"index":"noindex","follow":"nofollow"},"og_locale":"fr_FR","og_type":"article","og_title":"Politique de cookies - Nodum Corporate","og_description":"1. CONCEPT DE COOKIES L&rsquo;utilisateur est averti que ce site utilise des cookies. Un cookie est un fichier qui se t\u00e9l\u00e9charge sur votre ordinateur lorsque vous acc\u00e9dez \u00e0 certaines pages Web. Ils permettent, entre autres, \u00e0 un site Internet de stocker et de r\u00e9cup\u00e9rer des informations sur les habitudes de navigation de l&rsquo;utilisateur ou de [&hellip;]","og_url":"https:\/\/nodumcorporate.com\/fr\/nodum-corporate\/politique-de-cookies\/","og_site_name":"Nodum Corporate","article_modified_time":"2024-05-21T17:02:21+00:00","twitter_card":"summary_large_image","twitter_misc":{"Dur\u00e9e de lecture estim\u00e9e":"2 minutes"},"schema":{"@context":"https:\/\/schema.org","@graph":[{"@type":"WebPage","@id":"https:\/\/nodumcorporate.com\/fr\/nodum-corporate\/politique-de-cookies\/","url":"https:\/\/nodumcorporate.com\/fr\/nodum-corporate\/politique-de-cookies\/","name":"Politique de cookies - Nodum Corporate","isPartOf":{"@id":"https:\/\/nodumcorporate.com\/fr\/#website"},"datePublished":"2023-12-18T08:09:51+00:00","dateModified":"2024-05-21T17:02:21+00:00","breadcrumb":{"@id":"https:\/\/nodumcorporate.com\/fr\/nodum-corporate\/politique-de-cookies\/#breadcrumb"},"inLanguage":"fr-FR","potentialAction":[{"@type":"ReadAction","target":["https:\/\/nodumcorporate.com\/fr\/nodum-corporate\/politique-de-cookies\/"]}]},{"@type":"BreadcrumbList","@id":"https:\/\/nodumcorporate.com\/fr\/nodum-corporate\/politique-de-cookies\/#breadcrumb","itemListElement":[{"@type":"ListItem","position":1,"name":"Nodum Corporate","item":"https:\/\/nodumcorporate.com\/fr\/"},{"@type":"ListItem","position":2,"name":"Politique de cookies"}]},{"@type":"WebSite","@id":"https:\/\/nodumcorporate.com\/fr\/#website","url":"https:\/\/nodumcorporate.com\/fr\/","name":"Nodum Corporate","description":"","potentialAction":[{"@type":"SearchAction","target":{"@type":"EntryPoint","urlTemplate":"https:\/\/nodumcorporate.com\/fr\/?s={search_term_string}"},"query-input":{"@type":"PropertyValueSpecification","valueRequired":true,"valueName":"search_term_string"}}],"inLanguage":"fr-FR"}]}},"_links":{"self":[{"href":"https:\/\/nodumcorporate.com\/fr\/wp-json\/wp\/v2\/pages\/2768","targetHints":{"allow":["GET"]}}],"collection":[{"href":"https:\/\/nodumcorporate.com\/fr\/wp-json\/wp\/v2\/pages"}],"about":[{"href":"https:\/\/nodumcorporate.com\/fr\/wp-json\/wp\/v2\/types\/page"}],"author":[{"embeddable":true,"href":"https:\/\/nodumcorporate.com\/fr\/wp-json\/wp\/v2\/users\/2"}],"replies":[{"embeddable":true,"href":"https:\/\/nodumcorporate.com\/fr\/wp-json\/wp\/v2\/comments?post=2768"}],"version-history":[{"count":5,"href":"https:\/\/nodumcorporate.com\/fr\/wp-json\/wp\/v2\/pages\/2768\/revisions"}],"predecessor-version":[{"id":6818,"href":"https:\/\/nodumcorporate.com\/fr\/wp-json\/wp\/v2\/pages\/2768\/revisions\/6818"}],"up":[{"embeddable":true,"href":"https:\/\/nodumcorporate.com\/fr\/wp-json\/wp\/v2\/pages\/2485"}],"wp:attachment":[{"href":"https:\/\/nodumcorporate.com\/fr\/wp-json\/wp\/v2\/media?parent=2768"}],"curies":[{"name":"wp","href":"https:\/\/api.w.org\/{rel}","templated":true}]}}