{"id":2780,"date":"2023-12-18T08:09:40","date_gmt":"2023-12-18T08:09:40","guid":{"rendered":"https:\/\/nodumcorporate.com\/nodum-corporate\/politique-de-confidentialite\/"},"modified":"2024-05-21T17:02:27","modified_gmt":"2024-05-21T17:02:27","slug":"politique-de-confidentialite","status":"publish","type":"page","link":"https:\/\/nodumcorporate.com\/fr\/nodum-corporate\/politique-de-confidentialite\/","title":{"rendered":"Politique de confidentialit\u00e9"},"content":{"rendered":"\n<h3 class=\"wp-block-heading\"><strong>POLITIQUE DE CONFIDENTIALIT\u00c9 UTILISATEURS WEB \u2013 FORMULAIRE DE CONTACT<\/strong><\/h3>\n\n<p>Conform\u00e9ment \u00e0 ce qui est \u00e9tabli dans la <em>loi 29\/2021, du 28 octobre, sur la protection qualifi\u00e9e des donn\u00e9es personnelles (LQPD),<\/em> et du <em>D\u00e9cret 391\/2022 du 28\/09\/2022 portant approbation du r\u00e8glement d&rsquo;application de la Loi 29\/2021 du 28 octobre qualifi\u00e9e de protection des donn\u00e9es \u00e0 caract\u00e8re personnel,<\/em> nous vous informons que vos donn\u00e9es \u00e0 caract\u00e8re personnel collect\u00e9es via le<em> \u00ab Formulaire de Contact \u00bb<\/em> seront trait\u00e9es par le responsable du traitement : <\/p>\n\n<p><em>Responsable du traitement : FIDENCIS, SL <\/em><\/p>\n\n<ul class=\"wp-block-list\">\n<li>NRT (num\u00e9ro d\u2019enregistrement fiscal) : L-714773-U <\/li>\n\n\n\n<li>Adresse postale : Carrer Verge del Pilar, 4, 4t B ; AD500 Andorra la Vella, Principaut\u00e9 d&rsquo;Andorre. <\/li>\n\n\n\n<li>T\u00e9l\u00e9phone : (+376) 82 82 65 <\/li>\n\n\n\n<li>Adresse e-mail : info@fidencias.com <\/li>\n<\/ul>\n\n<p><em>D\u00e9l\u00e9gu\u00e9 \u00e0 la protection des donn\u00e9es : CP COMPLIANCE I PRIVACITAT LEGAL, SLU <\/em><\/p>\n\n<ul class=\"wp-block-list\">\n<li>Coordonn\u00e9es : (+376) 38 00 17 <\/li>\n\n\n\n<li>Adresse e-mail : dpo@cplegalconsulting.com <\/li>\n<\/ul>\n\n<p>Vos donn\u00e9es seront trait\u00e9es afin de g\u00e9rer les demandes de renseignements que vous effectuez sur notre site Web via le formulaire de contact. Nous pouvons vous contacter par courriel ou par t\u00e9l\u00e9phone, sur la base des donn\u00e9es que vous nous avez fournies.<\/p>\n\n<p>La base de l\u00e9gitimation du traitement de vos donn\u00e9es personnelles est bas\u00e9e sur votre consentement accord\u00e9 par l\u2019acceptation de cette politique de confidentialit\u00e9.<\/p>\n\n<p>De m\u00eame, nous vous informons que le traitement des donn\u00e9es n\u2019implique pas de d\u00e9cisions automatis\u00e9es, ni la cr\u00e9ation de profils \u00e0 des fins pr\u00e9dictives de pr\u00e9f\u00e9rences, de comportements ou d\u2019attitudes personnels.<\/p>\n\n<p>Vos donn\u00e9es ne seront pas transf\u00e9r\u00e9es \u00e0 d&rsquo;autres responsables du traitement nationaux et\/ou internationaux, \u00e0 l&rsquo;exception des soci\u00e9t\u00e9s qui font partie de GRUP NODUM et des cas o\u00f9 il existe une obligation l\u00e9gale de le faire. Les donn\u00e9es fournies seront conserv\u00e9es pendant une p\u00e9riode maximale de 12 mois.<\/p>\n\n<p>Vous avez le droit de ne pas donner votre consentement pour le traitement de vos donn\u00e9es personnelles ; mais, dans ce cas, les cons\u00e9quences de votre refus impliqueront l\u2019impossibilit\u00e9 de r\u00e9pondre \u00e0 votre demande.<\/p>\n\n<p>Profitant de l\u2019accord, nous vous informons que vous pouvez exercer les droits d\u2019acc\u00e8s, de rectification, d\u2019opposition, de suppression, de limitation et de portabilit\u00e9, ainsi que leur d\u00e9cision de ne pas faire l\u2019objet de d\u00e9cisions individuelles automatis\u00e9es; en contactant le responsable du traitement des donn\u00e9es par e-mail <a href=\"mailto:info@fidencis.com\">info@fidencis.com<\/a> ou notre d\u00e9l\u00e9gu\u00e9 \u00e0 la protection des donn\u00e9es \u00e0 <a href=\"mailto:dpo@cplegalconsulting.com\">dpo@cplegalconsulting.com<\/a>.<\/p>\n\n<p>De m\u00eame, en cas de non-possibilit\u00e9 d\u2019exercer vos droits devant le responsable du traitement, vous avez le droit d\u2019adresser votre r\u00e9clamation \u00e0 l\u2019Agence Andorrane de Protection des Donn\u00e9es (APDA).<\/p>\n\n<h3 class=\"wp-block-heading\"><strong>POLITIQUE DE CONFIDENTIALIT\u00c9 NEWSLETTER \u2013 FORMULAIRE D\u2019INSCRIPTION \u00c0 LA NEWSLETTER <\/strong><\/h3>\n\n<p>Conform\u00e9ment \u00e0 ce qui est \u00e9tabli dans la <em>loi 29\/2021, du 28 octobre, sur la protection qualifi\u00e9e des donn\u00e9es personnelles (LQPD), <\/em> et du <em>D\u00e9cret 391\/2022 du 28\/09\/2022 portant approbation du r\u00e8glement d&rsquo;application de la Loi 29\/2021 du 28 octobre qualifi\u00e9e de protection des donn\u00e9es \u00e0 caract\u00e8re personnel,<\/em> nous vous informons que vos donn\u00e9es \u00e0 caract\u00e8re personnel collect\u00e9es via le<em>\u2018\u2019Formulaire d\u2019inscription \u00e0 la newsletter\u2019\u2019<\/em>, seront trait\u00e9es par le Responsable du traitement :<\/p>\n\n<p><em>Responsable du traitement : FIDENCIS, SL <\/em><\/p>\n\n<ul class=\"wp-block-list\">\n<li>NRT (num\u00e9ro d\u2019enregistrement fiscal) : L-714773-U <\/li>\n\n\n\n<li>Adresse postale : Carrer Verge del Pilar, 4, 4t B ; AD500 Andorra la Vella, Principaut\u00e9 d&rsquo;Andorre. <\/li>\n\n\n\n<li>T\u00e9l\u00e9phone : (+376) 82 82 65 <\/li>\n\n\n\n<li>Adresse e-mail : info@fidencias.com <\/li>\n<\/ul>\n\n<p><em>D\u00e9l\u00e9gu\u00e9 \u00e0 la protection des donn\u00e9es : CP COMPLIANCE I PRIVACITAT LEGAL, SLU <\/em><\/p>\n\n<ul class=\"wp-block-list\">\n<li>Coordonn\u00e9es : (+376) 38 00 17 <\/li>\n\n\n\n<li>Adresse e-mail : dpo@cplegalconsulting.com <\/li>\n<\/ul>\n\n<p>Vos donn\u00e9es seront trait\u00e9es afin de g\u00e9rer votre inscription \u00e0 notre <em>newsletter.<\/em> Nous pouvons vous contacter par courriel ou par t\u00e9l\u00e9phone, sur la base des donn\u00e9es que vous nous avez fournies.<\/p>\n\n<p>La base de l\u00e9gitimation du traitement de vos donn\u00e9es personnelles est bas\u00e9e sur votre consentement accord\u00e9 par l\u2019acceptation de cette politique de confidentialit\u00e9.<\/p>\n\n<p>De m\u00eame, nous vous informons que le traitement des donn\u00e9es n\u2019implique pas de d\u00e9cisions automatis\u00e9es, ni la cr\u00e9ation de profils \u00e0 des fins pr\u00e9dictives de pr\u00e9f\u00e9rences, de comportements ou d\u2019attitudes personnels.<\/p>\n\n<p>Vos donn\u00e9es ne seront pas transf\u00e9r\u00e9es \u00e0 d&rsquo;autres responsables du traitement nationaux et\/ou internationaux, \u00e0 l&rsquo;exception des soci\u00e9t\u00e9s qui font partie de GRUP NODUM et des cas o\u00f9 il existe une obligation l\u00e9gale de le faire. Vos donn\u00e9es seront conserv\u00e9es pendant toute la dur\u00e9e de notre relation commerciale.<\/p>\n\n<p>Vous avez le droit de ne pas donner votre consentement pour le traitement de vos donn\u00e9es personnelles ; mais, dans ce cas, les cons\u00e9quences de votre refus impliqueront l\u2019impossibilit\u00e9 de vous fournir nos services et de vous envoyer notre <em>newsletter<\/em>.<\/p>\n\n<p>Profitant de l\u2019accord, nous vous informons que vous pouvez exercer les droits d\u2019acc\u00e8s, de rectification, d\u2019opposition, de suppression, de limitation et de portabilit\u00e9, ainsi que leur d\u00e9cision de ne pas faire l\u2019objet de d\u00e9cisions individuelles automatis\u00e9es; en contactant le responsable du traitement des donn\u00e9es par e-mail <a href=\"mailto:info@fidencis.com\">info@fidencis.com<\/a> ou notre d\u00e9l\u00e9gu\u00e9 \u00e0 la protection des donn\u00e9es \u00e0 <a href=\"mailto:dpo@cplegalconsulting.com\">dpo@cplegalconsulting.com<\/a>.<\/p>\n\n<p>De m\u00eame, en cas de non-possibilit\u00e9 d\u2019exercer vos droits devant le responsable du traitement, vous avez le droit d\u2019adresser votre r\u00e9clamation \u00e0 l\u2019Agence Andorrane de Protection des Donn\u00e9es (APDA).<\/p>\n\n<p><strong>Derni\u00e8re mise \u00e0 jour: 02 avril 2024.<\/strong><\/p>\n","protected":false},"excerpt":{"rendered":"<p>POLITIQUE DE CONFIDENTIALIT\u00c9 UTILISATEURS WEB \u2013 FORMULAIRE DE CONTACT Conform\u00e9ment \u00e0 ce qui est \u00e9tabli dans la loi 29\/2021, du 28 octobre, sur la protection qualifi\u00e9e des donn\u00e9es personnelles (LQPD), et du D\u00e9cret 391\/2022 du 28\/09\/2022 portant approbation du r\u00e8glement d&rsquo;application de la Loi 29\/2021 du 28 octobre qualifi\u00e9e de protection des donn\u00e9es \u00e0 caract\u00e8re [&hellip;]<\/p>\n","protected":false},"author":2,"featured_media":0,"parent":2485,"menu_order":0,"comment_status":"closed","ping_status":"closed","template":"","meta":{"footnotes":""},"class_list":["post-2780","page","type-page","status-publish","hentry"],"yoast_head":"<!-- This site is optimized with the Yoast SEO plugin v25.4 - https:\/\/yoast.com\/wordpress\/plugins\/seo\/ -->\n<title>Politique de confidentialit\u00e9 - Nodum Corporate<\/title>\n<meta name=\"robots\" content=\"index, follow, max-snippet:-1, max-image-preview:large, max-video-preview:-1\" \/>\n<link rel=\"canonical\" href=\"https:\/\/nodumcorporate.com\/fr\/nodum-corporate\/politique-de-confidentialite\/\" \/>\n<meta property=\"og:locale\" content=\"fr_FR\" \/>\n<meta property=\"og:type\" content=\"article\" \/>\n<meta property=\"og:title\" content=\"Politique de confidentialit\u00e9 - Nodum Corporate\" \/>\n<meta property=\"og:description\" content=\"POLITIQUE DE CONFIDENTIALIT\u00c9 UTILISATEURS WEB \u2013 FORMULAIRE DE CONTACT Conform\u00e9ment \u00e0 ce qui est \u00e9tabli dans la loi 29\/2021, du 28 octobre, sur la protection qualifi\u00e9e des donn\u00e9es personnelles (LQPD), et du D\u00e9cret 391\/2022 du 28\/09\/2022 portant approbation du r\u00e8glement d&rsquo;application de la Loi 29\/2021 du 28 octobre qualifi\u00e9e de protection des donn\u00e9es \u00e0 caract\u00e8re [&hellip;]\" \/>\n<meta property=\"og:url\" content=\"https:\/\/nodumcorporate.com\/fr\/nodum-corporate\/politique-de-confidentialite\/\" \/>\n<meta property=\"og:site_name\" content=\"Nodum Corporate\" \/>\n<meta property=\"article:modified_time\" content=\"2024-05-21T17:02:27+00:00\" \/>\n<meta name=\"twitter:card\" content=\"summary_large_image\" \/>\n<meta name=\"twitter:label1\" content=\"Dur\u00e9e de lecture estim\u00e9e\" \/>\n\t<meta name=\"twitter:data1\" content=\"4 minutes\" \/>\n<script type=\"application\/ld+json\" class=\"yoast-schema-graph\">{\"@context\":\"https:\/\/schema.org\",\"@graph\":[{\"@type\":\"WebPage\",\"@id\":\"https:\/\/nodumcorporate.com\/fr\/nodum-corporate\/politique-de-confidentialite\/\",\"url\":\"https:\/\/nodumcorporate.com\/fr\/nodum-corporate\/politique-de-confidentialite\/\",\"name\":\"Politique de confidentialit\u00e9 - Nodum Corporate\",\"isPartOf\":{\"@id\":\"https:\/\/nodumcorporate.com\/fr\/#website\"},\"datePublished\":\"2023-12-18T08:09:40+00:00\",\"dateModified\":\"2024-05-21T17:02:27+00:00\",\"breadcrumb\":{\"@id\":\"https:\/\/nodumcorporate.com\/fr\/nodum-corporate\/politique-de-confidentialite\/#breadcrumb\"},\"inLanguage\":\"fr-FR\",\"potentialAction\":[{\"@type\":\"ReadAction\",\"target\":[\"https:\/\/nodumcorporate.com\/fr\/nodum-corporate\/politique-de-confidentialite\/\"]}]},{\"@type\":\"BreadcrumbList\",\"@id\":\"https:\/\/nodumcorporate.com\/fr\/nodum-corporate\/politique-de-confidentialite\/#breadcrumb\",\"itemListElement\":[{\"@type\":\"ListItem\",\"position\":1,\"name\":\"Nodum Corporate\",\"item\":\"https:\/\/nodumcorporate.com\/fr\/\"},{\"@type\":\"ListItem\",\"position\":2,\"name\":\"Politique de confidentialit\u00e9\"}]},{\"@type\":\"WebSite\",\"@id\":\"https:\/\/nodumcorporate.com\/fr\/#website\",\"url\":\"https:\/\/nodumcorporate.com\/fr\/\",\"name\":\"Nodum Corporate\",\"description\":\"\",\"potentialAction\":[{\"@type\":\"SearchAction\",\"target\":{\"@type\":\"EntryPoint\",\"urlTemplate\":\"https:\/\/nodumcorporate.com\/fr\/?s={search_term_string}\"},\"query-input\":{\"@type\":\"PropertyValueSpecification\",\"valueRequired\":true,\"valueName\":\"search_term_string\"}}],\"inLanguage\":\"fr-FR\"}]}<\/script>\n<!-- \/ Yoast SEO plugin. -->","yoast_head_json":{"title":"Politique de confidentialit\u00e9 - Nodum Corporate","robots":{"index":"index","follow":"follow","max-snippet":"max-snippet:-1","max-image-preview":"max-image-preview:large","max-video-preview":"max-video-preview:-1"},"canonical":"https:\/\/nodumcorporate.com\/fr\/nodum-corporate\/politique-de-confidentialite\/","og_locale":"fr_FR","og_type":"article","og_title":"Politique de confidentialit\u00e9 - Nodum Corporate","og_description":"POLITIQUE DE CONFIDENTIALIT\u00c9 UTILISATEURS WEB \u2013 FORMULAIRE DE CONTACT Conform\u00e9ment \u00e0 ce qui est \u00e9tabli dans la loi 29\/2021, du 28 octobre, sur la protection qualifi\u00e9e des donn\u00e9es personnelles (LQPD), et du D\u00e9cret 391\/2022 du 28\/09\/2022 portant approbation du r\u00e8glement d&rsquo;application de la Loi 29\/2021 du 28 octobre qualifi\u00e9e de protection des donn\u00e9es \u00e0 caract\u00e8re [&hellip;]","og_url":"https:\/\/nodumcorporate.com\/fr\/nodum-corporate\/politique-de-confidentialite\/","og_site_name":"Nodum Corporate","article_modified_time":"2024-05-21T17:02:27+00:00","twitter_card":"summary_large_image","twitter_misc":{"Dur\u00e9e de lecture estim\u00e9e":"4 minutes"},"schema":{"@context":"https:\/\/schema.org","@graph":[{"@type":"WebPage","@id":"https:\/\/nodumcorporate.com\/fr\/nodum-corporate\/politique-de-confidentialite\/","url":"https:\/\/nodumcorporate.com\/fr\/nodum-corporate\/politique-de-confidentialite\/","name":"Politique de confidentialit\u00e9 - Nodum Corporate","isPartOf":{"@id":"https:\/\/nodumcorporate.com\/fr\/#website"},"datePublished":"2023-12-18T08:09:40+00:00","dateModified":"2024-05-21T17:02:27+00:00","breadcrumb":{"@id":"https:\/\/nodumcorporate.com\/fr\/nodum-corporate\/politique-de-confidentialite\/#breadcrumb"},"inLanguage":"fr-FR","potentialAction":[{"@type":"ReadAction","target":["https:\/\/nodumcorporate.com\/fr\/nodum-corporate\/politique-de-confidentialite\/"]}]},{"@type":"BreadcrumbList","@id":"https:\/\/nodumcorporate.com\/fr\/nodum-corporate\/politique-de-confidentialite\/#breadcrumb","itemListElement":[{"@type":"ListItem","position":1,"name":"Nodum Corporate","item":"https:\/\/nodumcorporate.com\/fr\/"},{"@type":"ListItem","position":2,"name":"Politique de confidentialit\u00e9"}]},{"@type":"WebSite","@id":"https:\/\/nodumcorporate.com\/fr\/#website","url":"https:\/\/nodumcorporate.com\/fr\/","name":"Nodum Corporate","description":"","potentialAction":[{"@type":"SearchAction","target":{"@type":"EntryPoint","urlTemplate":"https:\/\/nodumcorporate.com\/fr\/?s={search_term_string}"},"query-input":{"@type":"PropertyValueSpecification","valueRequired":true,"valueName":"search_term_string"}}],"inLanguage":"fr-FR"}]}},"_links":{"self":[{"href":"https:\/\/nodumcorporate.com\/fr\/wp-json\/wp\/v2\/pages\/2780","targetHints":{"allow":["GET"]}}],"collection":[{"href":"https:\/\/nodumcorporate.com\/fr\/wp-json\/wp\/v2\/pages"}],"about":[{"href":"https:\/\/nodumcorporate.com\/fr\/wp-json\/wp\/v2\/types\/page"}],"author":[{"embeddable":true,"href":"https:\/\/nodumcorporate.com\/fr\/wp-json\/wp\/v2\/users\/2"}],"replies":[{"embeddable":true,"href":"https:\/\/nodumcorporate.com\/fr\/wp-json\/wp\/v2\/comments?post=2780"}],"version-history":[{"count":5,"href":"https:\/\/nodumcorporate.com\/fr\/wp-json\/wp\/v2\/pages\/2780\/revisions"}],"predecessor-version":[{"id":6799,"href":"https:\/\/nodumcorporate.com\/fr\/wp-json\/wp\/v2\/pages\/2780\/revisions\/6799"}],"up":[{"embeddable":true,"href":"https:\/\/nodumcorporate.com\/fr\/wp-json\/wp\/v2\/pages\/2485"}],"wp:attachment":[{"href":"https:\/\/nodumcorporate.com\/fr\/wp-json\/wp\/v2\/media?parent=2780"}],"curies":[{"name":"wp","href":"https:\/\/api.w.org\/{rel}","templated":true}]}}