{"id":6437,"date":"2024-02-06T16:54:05","date_gmt":"2024-02-06T16:54:05","guid":{"rendered":"https:\/\/nodumcorporate.com\/kudo-invest\/contact\/"},"modified":"2026-03-19T16:33:14","modified_gmt":"2026-03-19T16:33:14","slug":"contact","status":"publish","type":"page","link":"https:\/\/nodumcorporate.com\/fr\/kudo-invest\/contact\/","title":{"rendered":"Contact"},"content":{"rendered":"\t\t<div data-elementor-type=\"wp-page\" data-elementor-id=\"6437\" class=\"elementor elementor-6437 elementor-1582\" data-elementor-post-type=\"page\">\n\t\t\t\t<div class=\"elementor-element elementor-element-a665748 c-box e-flex e-con-boxed e-con e-parent\" data-id=\"a665748\" data-element_type=\"container\" data-e-type=\"container\" data-settings=\"{&quot;jet_parallax_layout_list&quot;:[]}\">\n\t\t\t\t\t<div class=\"e-con-inner\">\n\t\t<div class=\"elementor-element elementor-element-0cbf83d e-con-full e-flex e-con e-child\" data-id=\"0cbf83d\" data-element_type=\"container\" data-e-type=\"container\" data-settings=\"{&quot;jet_parallax_layout_list&quot;:[]}\">\n\t\t\t\t<div class=\"elementor-element elementor-element-608a5a0 n-long-text elementor-widget elementor-widget-heading\" data-id=\"608a5a0\" data-element_type=\"widget\" data-e-type=\"widget\" data-widget_type=\"heading.default\">\n\t\t\t\t<div class=\"elementor-widget-container\">\n\t\t\t\t\t<h1 class=\"elementor-heading-title elementor-size-default\">Contactez-nous<\/h1>\t\t\t\t<\/div>\n\t\t\t\t<\/div>\n\t\t\t\t<div class=\"elementor-element elementor-element-cceed26 a-kudo n-long-text elementor-widget elementor-widget-text-editor\" data-id=\"cceed26\" data-element_type=\"widget\" data-e-type=\"widget\" data-widget_type=\"text-editor.default\">\n\t\t\t\t<div class=\"elementor-widget-container\">\n\t\t\t\t\t\t\t\t\t<p>Chez Kudo Invest, nous cherchons \u00e0 d\u00e9passer les attentes de nos clients. Contactez-nous.<\/p><p>C. Verge del Pilar, 4 \u2013 4\u00aa Planta<br \/>Andorra la Vella AD500<br \/>PRINCIPAUT\u00c9 D&rsquo;ANDORRE<\/p><p>T\u00e9l\u00e9phone : +376 82 82 62<\/p>\t\t\t\t\t\t\t\t<\/div>\n\t\t\t\t<\/div>\n\t\t\t\t<\/div>\n\t\t<div class=\"elementor-element elementor-element-57b07df e-con-full e-flex e-con e-child\" data-id=\"57b07df\" data-element_type=\"container\" data-e-type=\"container\" data-settings=\"{&quot;jet_parallax_layout_list&quot;:[]}\">\n\t\t\t\t<div class=\"elementor-element elementor-element-8dd5b51 elementor-widget elementor-widget-jet-map\" data-id=\"8dd5b51\" data-element_type=\"widget\" data-e-type=\"widget\" data-widget_type=\"jet-map.default\">\n\t\t\t\t<div class=\"elementor-widget-container\">\n\t\t\t\t\t<div class=\"jet-map\" data-init=\"{&quot;center&quot;:{&quot;lat&quot;:42.5071,&quot;lng&quot;:1.53171},&quot;zoom&quot;:16,&quot;scrollwheel&quot;:false,&quot;zoomControl&quot;:true,&quot;fullscreenControl&quot;:true,&quot;streetViewControl&quot;:true,&quot;mapTypeControl&quot;:true,&quot;pinsAutoClose&quot;:false}\" data-pins=\"[{&quot;address&quot;:&quot;Kudo Invest&quot;,&quot;position&quot;:{&quot;lat&quot;:42.5071,&quot;lng&quot;:1.53171},&quot;desc&quot;:&quot;&quot;,&quot;state&quot;:&quot;visible&quot;}]\"><\/div>\t\t\t\t<\/div>\n\t\t\t\t<\/div>\n\t\t\t\t<\/div>\n\t\t\t\t\t<\/div>\n\t\t\t\t<\/div>\n\t\t\t\t<\/div>\n\t\t","protected":false},"excerpt":{"rendered":"<p>Contactez-nous Chez Kudo Invest, nous cherchons \u00e0 d\u00e9passer les attentes de nos clients. Contactez-nous. C. Verge del Pilar, 4 \u2013 4\u00aa PlantaAndorra la Vella AD500PRINCIPAUT\u00c9 D&rsquo;ANDORRE T\u00e9l\u00e9phone : +376 82 82 62<\/p>\n","protected":false},"author":2,"featured_media":0,"parent":6397,"menu_order":0,"comment_status":"closed","ping_status":"closed","template":"","meta":{"footnotes":""},"class_list":["post-6437","page","type-page","status-publish","hentry"],"yoast_head":"<!-- This site is optimized with the Yoast SEO plugin v25.4 - https:\/\/yoast.com\/wordpress\/plugins\/seo\/ -->\n<title>Contact - Nodum Corporate<\/title>\n<meta name=\"robots\" content=\"index, follow, max-snippet:-1, max-image-preview:large, max-video-preview:-1\" \/>\n<link rel=\"canonical\" href=\"https:\/\/nodumcorporate.com\/fr\/kudo-invest\/contact\/\" \/>\n<meta property=\"og:locale\" content=\"fr_FR\" \/>\n<meta property=\"og:type\" content=\"article\" \/>\n<meta property=\"og:title\" content=\"Contact - Nodum Corporate\" \/>\n<meta property=\"og:description\" content=\"Contactez-nous Chez Kudo Invest, nous cherchons \u00e0 d\u00e9passer les attentes de nos clients. Contactez-nous. C. Verge del Pilar, 4 \u2013 4\u00aa PlantaAndorra la Vella AD500PRINCIPAUT\u00c9 D&rsquo;ANDORRE T\u00e9l\u00e9phone : +376 82 82 62\" \/>\n<meta property=\"og:url\" content=\"https:\/\/nodumcorporate.com\/fr\/kudo-invest\/contact\/\" \/>\n<meta property=\"og:site_name\" content=\"Nodum Corporate\" \/>\n<meta property=\"article:modified_time\" content=\"2026-03-19T16:33:14+00:00\" \/>\n<meta name=\"twitter:card\" content=\"summary_large_image\" \/>\n<meta name=\"twitter:label1\" content=\"Dur\u00e9e de lecture estim\u00e9e\" \/>\n\t<meta name=\"twitter:data1\" content=\"13 minutes\" \/>\n<script type=\"application\/ld+json\" class=\"yoast-schema-graph\">{\"@context\":\"https:\/\/schema.org\",\"@graph\":[{\"@type\":\"WebPage\",\"@id\":\"https:\/\/nodumcorporate.com\/fr\/kudo-invest\/contact\/\",\"url\":\"https:\/\/nodumcorporate.com\/fr\/kudo-invest\/contact\/\",\"name\":\"Contact - Nodum Corporate\",\"isPartOf\":{\"@id\":\"https:\/\/nodumcorporate.com\/fr\/#website\"},\"datePublished\":\"2024-02-06T16:54:05+00:00\",\"dateModified\":\"2026-03-19T16:33:14+00:00\",\"breadcrumb\":{\"@id\":\"https:\/\/nodumcorporate.com\/fr\/kudo-invest\/contact\/#breadcrumb\"},\"inLanguage\":\"fr-FR\",\"potentialAction\":[{\"@type\":\"ReadAction\",\"target\":[\"https:\/\/nodumcorporate.com\/fr\/kudo-invest\/contact\/\"]}]},{\"@type\":\"BreadcrumbList\",\"@id\":\"https:\/\/nodumcorporate.com\/fr\/kudo-invest\/contact\/#breadcrumb\",\"itemListElement\":[{\"@type\":\"ListItem\",\"position\":1,\"name\":\"Kudo Invest\",\"item\":\"https:\/\/nodumcorporate.com\/fr\/kudo-invest\/\"},{\"@type\":\"ListItem\",\"position\":2,\"name\":\"Contact\"}]},{\"@type\":\"WebSite\",\"@id\":\"https:\/\/nodumcorporate.com\/fr\/#website\",\"url\":\"https:\/\/nodumcorporate.com\/fr\/\",\"name\":\"Nodum Corporate\",\"description\":\"\",\"potentialAction\":[{\"@type\":\"SearchAction\",\"target\":{\"@type\":\"EntryPoint\",\"urlTemplate\":\"https:\/\/nodumcorporate.com\/fr\/?s={search_term_string}\"},\"query-input\":{\"@type\":\"PropertyValueSpecification\",\"valueRequired\":true,\"valueName\":\"search_term_string\"}}],\"inLanguage\":\"fr-FR\"}]}<\/script>\n<!-- \/ Yoast SEO plugin. -->","yoast_head_json":{"title":"Contact - Nodum Corporate","robots":{"index":"index","follow":"follow","max-snippet":"max-snippet:-1","max-image-preview":"max-image-preview:large","max-video-preview":"max-video-preview:-1"},"canonical":"https:\/\/nodumcorporate.com\/fr\/kudo-invest\/contact\/","og_locale":"fr_FR","og_type":"article","og_title":"Contact - Nodum Corporate","og_description":"Contactez-nous Chez Kudo Invest, nous cherchons \u00e0 d\u00e9passer les attentes de nos clients. Contactez-nous. C. Verge del Pilar, 4 \u2013 4\u00aa PlantaAndorra la Vella AD500PRINCIPAUT\u00c9 D&rsquo;ANDORRE T\u00e9l\u00e9phone : +376 82 82 62","og_url":"https:\/\/nodumcorporate.com\/fr\/kudo-invest\/contact\/","og_site_name":"Nodum Corporate","article_modified_time":"2026-03-19T16:33:14+00:00","twitter_card":"summary_large_image","twitter_misc":{"Dur\u00e9e de lecture estim\u00e9e":"13 minutes"},"schema":{"@context":"https:\/\/schema.org","@graph":[{"@type":"WebPage","@id":"https:\/\/nodumcorporate.com\/fr\/kudo-invest\/contact\/","url":"https:\/\/nodumcorporate.com\/fr\/kudo-invest\/contact\/","name":"Contact - Nodum Corporate","isPartOf":{"@id":"https:\/\/nodumcorporate.com\/fr\/#website"},"datePublished":"2024-02-06T16:54:05+00:00","dateModified":"2026-03-19T16:33:14+00:00","breadcrumb":{"@id":"https:\/\/nodumcorporate.com\/fr\/kudo-invest\/contact\/#breadcrumb"},"inLanguage":"fr-FR","potentialAction":[{"@type":"ReadAction","target":["https:\/\/nodumcorporate.com\/fr\/kudo-invest\/contact\/"]}]},{"@type":"BreadcrumbList","@id":"https:\/\/nodumcorporate.com\/fr\/kudo-invest\/contact\/#breadcrumb","itemListElement":[{"@type":"ListItem","position":1,"name":"Kudo Invest","item":"https:\/\/nodumcorporate.com\/fr\/kudo-invest\/"},{"@type":"ListItem","position":2,"name":"Contact"}]},{"@type":"WebSite","@id":"https:\/\/nodumcorporate.com\/fr\/#website","url":"https:\/\/nodumcorporate.com\/fr\/","name":"Nodum Corporate","description":"","potentialAction":[{"@type":"SearchAction","target":{"@type":"EntryPoint","urlTemplate":"https:\/\/nodumcorporate.com\/fr\/?s={search_term_string}"},"query-input":{"@type":"PropertyValueSpecification","valueRequired":true,"valueName":"search_term_string"}}],"inLanguage":"fr-FR"}]}},"_links":{"self":[{"href":"https:\/\/nodumcorporate.com\/fr\/wp-json\/wp\/v2\/pages\/6437","targetHints":{"allow":["GET"]}}],"collection":[{"href":"https:\/\/nodumcorporate.com\/fr\/wp-json\/wp\/v2\/pages"}],"about":[{"href":"https:\/\/nodumcorporate.com\/fr\/wp-json\/wp\/v2\/types\/page"}],"author":[{"embeddable":true,"href":"https:\/\/nodumcorporate.com\/fr\/wp-json\/wp\/v2\/users\/2"}],"replies":[{"embeddable":true,"href":"https:\/\/nodumcorporate.com\/fr\/wp-json\/wp\/v2\/comments?post=6437"}],"version-history":[{"count":8,"href":"https:\/\/nodumcorporate.com\/fr\/wp-json\/wp\/v2\/pages\/6437\/revisions"}],"predecessor-version":[{"id":17235,"href":"https:\/\/nodumcorporate.com\/fr\/wp-json\/wp\/v2\/pages\/6437\/revisions\/17235"}],"up":[{"embeddable":true,"href":"https:\/\/nodumcorporate.com\/fr\/wp-json\/wp\/v2\/pages\/6397"}],"wp:attachment":[{"href":"https:\/\/nodumcorporate.com\/fr\/wp-json\/wp\/v2\/media?parent=6437"}],"curies":[{"name":"wp","href":"https:\/\/api.w.org\/{rel}","templated":true}]}}