{"id":6604,"date":"2024-05-14T09:41:20","date_gmt":"2024-05-14T09:41:20","guid":{"rendered":"https:\/\/nodumcorporate.com\/kudo-invest\/politique-de-confidentialite\/"},"modified":"2024-05-21T17:03:04","modified_gmt":"2024-05-21T17:03:04","slug":"politique-de-confidentialite","status":"publish","type":"page","link":"https:\/\/nodumcorporate.com\/fr\/kudo-invest\/politique-de-confidentialite\/","title":{"rendered":"Politique de confidentialit\u00e9"},"content":{"rendered":"\n<h3 class=\"wp-block-heading\"><strong>POLITIQUE DE CONFIDENTIALIT\u00c9 UTILISATEURS WEB \u2013 FORMULAIRE DE CONTACT<\/strong><\/h3>\n\n<p>Conform\u00e9ment \u00e0 ce qui est \u00e9tabli dans la <em>loi 29\/2021, du 28 octobre, sur la protection qualifi\u00e9e des donn\u00e9es personnelles (LQPD), et du D\u00e9cret 391\/2022, du 28-9-2022, approuvant le r\u00e8glement d\u2019application de la loi 29\/2021, du 28 octobre, qualifi\u00e9 de protection des donn\u00e9es personnelles, nous vous informons que vos donn\u00e9es personnelles collect\u00e9es via le \u2018\u2019Formulaire de contact\u2019\u2019<\/em> seront trait\u00e9es par le Responsable du traitement :<\/p>\n\n<p>Responsable du traitement: KUDO INVEST ASF, S.L.<\/p>\n\n<ul class=\"wp-block-list\">\n<li>NRT: L-712486-S<\/li>\n\n\n\n<li>Adresse postale: Carrer Verge del Pilar 4, 4 \u00e9tage, porte A. (AD500) Andorre-la-Vieille, Principaut\u00e9 d\u2019Andorre.<\/li>\n\n\n\n<li>T\u00e9l\u00e9phone: (+376) 82 82<\/li>\n\n\n\n<li>Adresse \u00e9lectronique : <a href=\"mailto:info@kudoinvest.com\">info@kudoinvest.com<\/a><\/li>\n<\/ul>\n\n<p><em>D\u00e9l\u00e9gu\u00e9 \u00e0 la protection des donn\u00e9es : CP COMPLIANCE I PRIVACITAT LEGAL, SLU <\/em><\/p>\n\n<ul class=\"wp-block-list\">\n<li>Coordonn\u00e9es : (+376) 38 00 17 <\/li>\n\n\n\n<li>Adresse e-mail : <a href=\"mailto:dpo@cplegalconsulting.com\">dpo@cplegalconsulting.com<\/a> <\/li>\n<\/ul>\n\n<p>Vos donn\u00e9es seront trait\u00e9es afin de g\u00e9rer les demandes de renseignements que vous effectuez sur notre site Web via le formulaire de contact. Nous vous contacterons par email ou par t\u00e9l\u00e9phone, en fonction des informations que vous nous aurez fournies. <\/p>\n\n<p>La base l\u00e9gitime du traitement de vos donn\u00e9es personnelles repose sur votre consentement accord\u00e9 par l&rsquo;acceptation de cette politique de confidentialit\u00e9. <\/p>\n\n<p>De m\u00eame, nous vous informons que le traitement des donn\u00e9es n\u2019implique pas de d\u00e9cisions automatis\u00e9es, ni la cr\u00e9ation de profils \u00e0 des fins pr\u00e9dictives de pr\u00e9f\u00e9rences, de comportements ou d\u2019attitudes personnels.<\/p>\n\n<p>Vos donn\u00e9es ne seront pas transf\u00e9r\u00e9es \u00e0 d&rsquo;autres responsables du traitement nationaux et\/ou internationaux, \u00e0 l&rsquo;exception des soci\u00e9t\u00e9s qui font partie de GRUP NODUM et des cas o\u00f9 il existe une obligation l\u00e9gale de le faire. Les donn\u00e9es fournies seront conserv\u00e9es pendant une p\u00e9riode maximale de 12 mois.<\/p>\n\n<p>Vous avez le droit de ne pas donner votre consentement pour le traitement de vos donn\u00e9es personnelles; mais, dans ce cas, les cons\u00e9quences de votre refus impliqueront l\u2019impossibilit\u00e9 de r\u00e9pondre \u00e0 votre demande. <\/p>\n\n<p>Profitant de l\u2019accord, nous vous informons que vous pouvez exercer les droits d\u2019acc\u00e8s, de rectification, d\u2019opposition, de suppression, de limitation et de portabilit\u00e9, ainsi que leur d\u00e9cision de ne pas faire l\u2019objet de d\u00e9cisions individuelles automatis\u00e9es; en contactant le responsable du traitement des donn\u00e9es par e-mail <a href=\"mailto:info@kudoinvest.com\">info@kudoinvest.com<\/a> ou notre d\u00e9l\u00e9gu\u00e9 \u00e0 la protection des donn\u00e9es (DPD) au <a href=\"mailto:dpo@cplegalconsulting.com\">dpo@cplegalconsulting.com<\/a>.<\/p>\n\n<p>De m\u00eame, en cas de non-possibilit\u00e9 d\u2019exercer vos droits devant le responsable du traitement, vous avez le droit d\u2019adresser votre r\u00e9clamation \u00e0 l\u2019Agence Andorrane de Protection des Donn\u00e9es (APDA).<\/p>\n\n<p><strong>Derni\u00e8re mise \u00e0 jour: 02 avril 2024.<\/strong><\/p>\n","protected":false},"excerpt":{"rendered":"<p>POLITIQUE DE CONFIDENTIALIT\u00c9 UTILISATEURS WEB \u2013 FORMULAIRE DE CONTACT Conform\u00e9ment \u00e0 ce qui est \u00e9tabli dans la loi 29\/2021, du 28 octobre, sur la protection qualifi\u00e9e des donn\u00e9es personnelles (LQPD), et du D\u00e9cret 391\/2022, du 28-9-2022, approuvant le r\u00e8glement d\u2019application de la loi 29\/2021, du 28 octobre, qualifi\u00e9 de protection des donn\u00e9es personnelles, nous vous [&hellip;]<\/p>\n","protected":false},"author":2,"featured_media":0,"parent":6397,"menu_order":0,"comment_status":"closed","ping_status":"closed","template":"","meta":{"footnotes":""},"class_list":["post-6604","page","type-page","status-publish","hentry"],"yoast_head":"<!-- This site is optimized with the Yoast SEO plugin v25.4 - https:\/\/yoast.com\/wordpress\/plugins\/seo\/ -->\n<title>Politique de confidentialit\u00e9 - Nodum Corporate<\/title>\n<meta name=\"robots\" content=\"index, follow, max-snippet:-1, max-image-preview:large, max-video-preview:-1\" \/>\n<link rel=\"canonical\" href=\"https:\/\/nodumcorporate.com\/fr\/kudo-invest\/politique-de-confidentialite\/\" \/>\n<meta property=\"og:locale\" content=\"fr_FR\" \/>\n<meta property=\"og:type\" content=\"article\" \/>\n<meta property=\"og:title\" content=\"Politique de confidentialit\u00e9 - Nodum Corporate\" \/>\n<meta property=\"og:description\" content=\"POLITIQUE DE CONFIDENTIALIT\u00c9 UTILISATEURS WEB \u2013 FORMULAIRE DE CONTACT Conform\u00e9ment \u00e0 ce qui est \u00e9tabli dans la loi 29\/2021, du 28 octobre, sur la protection qualifi\u00e9e des donn\u00e9es personnelles (LQPD), et du D\u00e9cret 391\/2022, du 28-9-2022, approuvant le r\u00e8glement d\u2019application de la loi 29\/2021, du 28 octobre, qualifi\u00e9 de protection des donn\u00e9es personnelles, nous vous [&hellip;]\" \/>\n<meta property=\"og:url\" content=\"https:\/\/nodumcorporate.com\/fr\/kudo-invest\/politique-de-confidentialite\/\" \/>\n<meta property=\"og:site_name\" content=\"Nodum Corporate\" \/>\n<meta property=\"article:modified_time\" content=\"2024-05-21T17:03:04+00:00\" \/>\n<meta name=\"twitter:card\" content=\"summary_large_image\" \/>\n<meta name=\"twitter:label1\" content=\"Dur\u00e9e de lecture estim\u00e9e\" \/>\n\t<meta name=\"twitter:data1\" content=\"2 minutes\" \/>\n<script type=\"application\/ld+json\" class=\"yoast-schema-graph\">{\"@context\":\"https:\/\/schema.org\",\"@graph\":[{\"@type\":\"WebPage\",\"@id\":\"https:\/\/nodumcorporate.com\/fr\/kudo-invest\/politique-de-confidentialite\/\",\"url\":\"https:\/\/nodumcorporate.com\/fr\/kudo-invest\/politique-de-confidentialite\/\",\"name\":\"Politique de confidentialit\u00e9 - Nodum Corporate\",\"isPartOf\":{\"@id\":\"https:\/\/nodumcorporate.com\/fr\/#website\"},\"datePublished\":\"2024-05-14T09:41:20+00:00\",\"dateModified\":\"2024-05-21T17:03:04+00:00\",\"breadcrumb\":{\"@id\":\"https:\/\/nodumcorporate.com\/fr\/kudo-invest\/politique-de-confidentialite\/#breadcrumb\"},\"inLanguage\":\"fr-FR\",\"potentialAction\":[{\"@type\":\"ReadAction\",\"target\":[\"https:\/\/nodumcorporate.com\/fr\/kudo-invest\/politique-de-confidentialite\/\"]}]},{\"@type\":\"BreadcrumbList\",\"@id\":\"https:\/\/nodumcorporate.com\/fr\/kudo-invest\/politique-de-confidentialite\/#breadcrumb\",\"itemListElement\":[{\"@type\":\"ListItem\",\"position\":1,\"name\":\"Kudo Invest\",\"item\":\"https:\/\/nodumcorporate.com\/fr\/kudo-invest\/\"},{\"@type\":\"ListItem\",\"position\":2,\"name\":\"Politique de confidentialit\u00e9\"}]},{\"@type\":\"WebSite\",\"@id\":\"https:\/\/nodumcorporate.com\/fr\/#website\",\"url\":\"https:\/\/nodumcorporate.com\/fr\/\",\"name\":\"Nodum Corporate\",\"description\":\"\",\"potentialAction\":[{\"@type\":\"SearchAction\",\"target\":{\"@type\":\"EntryPoint\",\"urlTemplate\":\"https:\/\/nodumcorporate.com\/fr\/?s={search_term_string}\"},\"query-input\":{\"@type\":\"PropertyValueSpecification\",\"valueRequired\":true,\"valueName\":\"search_term_string\"}}],\"inLanguage\":\"fr-FR\"}]}<\/script>\n<!-- \/ Yoast SEO plugin. -->","yoast_head_json":{"title":"Politique de confidentialit\u00e9 - Nodum Corporate","robots":{"index":"index","follow":"follow","max-snippet":"max-snippet:-1","max-image-preview":"max-image-preview:large","max-video-preview":"max-video-preview:-1"},"canonical":"https:\/\/nodumcorporate.com\/fr\/kudo-invest\/politique-de-confidentialite\/","og_locale":"fr_FR","og_type":"article","og_title":"Politique de confidentialit\u00e9 - Nodum Corporate","og_description":"POLITIQUE DE CONFIDENTIALIT\u00c9 UTILISATEURS WEB \u2013 FORMULAIRE DE CONTACT Conform\u00e9ment \u00e0 ce qui est \u00e9tabli dans la loi 29\/2021, du 28 octobre, sur la protection qualifi\u00e9e des donn\u00e9es personnelles (LQPD), et du D\u00e9cret 391\/2022, du 28-9-2022, approuvant le r\u00e8glement d\u2019application de la loi 29\/2021, du 28 octobre, qualifi\u00e9 de protection des donn\u00e9es personnelles, nous vous [&hellip;]","og_url":"https:\/\/nodumcorporate.com\/fr\/kudo-invest\/politique-de-confidentialite\/","og_site_name":"Nodum Corporate","article_modified_time":"2024-05-21T17:03:04+00:00","twitter_card":"summary_large_image","twitter_misc":{"Dur\u00e9e de lecture estim\u00e9e":"2 minutes"},"schema":{"@context":"https:\/\/schema.org","@graph":[{"@type":"WebPage","@id":"https:\/\/nodumcorporate.com\/fr\/kudo-invest\/politique-de-confidentialite\/","url":"https:\/\/nodumcorporate.com\/fr\/kudo-invest\/politique-de-confidentialite\/","name":"Politique de confidentialit\u00e9 - Nodum Corporate","isPartOf":{"@id":"https:\/\/nodumcorporate.com\/fr\/#website"},"datePublished":"2024-05-14T09:41:20+00:00","dateModified":"2024-05-21T17:03:04+00:00","breadcrumb":{"@id":"https:\/\/nodumcorporate.com\/fr\/kudo-invest\/politique-de-confidentialite\/#breadcrumb"},"inLanguage":"fr-FR","potentialAction":[{"@type":"ReadAction","target":["https:\/\/nodumcorporate.com\/fr\/kudo-invest\/politique-de-confidentialite\/"]}]},{"@type":"BreadcrumbList","@id":"https:\/\/nodumcorporate.com\/fr\/kudo-invest\/politique-de-confidentialite\/#breadcrumb","itemListElement":[{"@type":"ListItem","position":1,"name":"Kudo Invest","item":"https:\/\/nodumcorporate.com\/fr\/kudo-invest\/"},{"@type":"ListItem","position":2,"name":"Politique de confidentialit\u00e9"}]},{"@type":"WebSite","@id":"https:\/\/nodumcorporate.com\/fr\/#website","url":"https:\/\/nodumcorporate.com\/fr\/","name":"Nodum Corporate","description":"","potentialAction":[{"@type":"SearchAction","target":{"@type":"EntryPoint","urlTemplate":"https:\/\/nodumcorporate.com\/fr\/?s={search_term_string}"},"query-input":{"@type":"PropertyValueSpecification","valueRequired":true,"valueName":"search_term_string"}}],"inLanguage":"fr-FR"}]}},"_links":{"self":[{"href":"https:\/\/nodumcorporate.com\/fr\/wp-json\/wp\/v2\/pages\/6604","targetHints":{"allow":["GET"]}}],"collection":[{"href":"https:\/\/nodumcorporate.com\/fr\/wp-json\/wp\/v2\/pages"}],"about":[{"href":"https:\/\/nodumcorporate.com\/fr\/wp-json\/wp\/v2\/types\/page"}],"author":[{"embeddable":true,"href":"https:\/\/nodumcorporate.com\/fr\/wp-json\/wp\/v2\/users\/2"}],"replies":[{"embeddable":true,"href":"https:\/\/nodumcorporate.com\/fr\/wp-json\/wp\/v2\/comments?post=6604"}],"version-history":[{"count":3,"href":"https:\/\/nodumcorporate.com\/fr\/wp-json\/wp\/v2\/pages\/6604\/revisions"}],"predecessor-version":[{"id":6607,"href":"https:\/\/nodumcorporate.com\/fr\/wp-json\/wp\/v2\/pages\/6604\/revisions\/6607"}],"up":[{"embeddable":true,"href":"https:\/\/nodumcorporate.com\/fr\/wp-json\/wp\/v2\/pages\/6397"}],"wp:attachment":[{"href":"https:\/\/nodumcorporate.com\/fr\/wp-json\/wp\/v2\/media?parent=6604"}],"curies":[{"name":"wp","href":"https:\/\/api.w.org\/{rel}","templated":true}]}}