{"id":7303,"date":"2024-05-29T09:31:50","date_gmt":"2024-05-29T09:31:50","guid":{"rendered":"https:\/\/nodumcorporate.com\/?page_id=7303"},"modified":"2024-05-29T09:47:53","modified_gmt":"2024-05-29T09:47:53","slug":"politique-de-confidentialite","status":"publish","type":"page","link":"https:\/\/nodumcorporate.com\/fr\/fidencis\/politique-de-confidentialite\/","title":{"rendered":"Politique de confidentialit\u00e9"},"content":{"rendered":"\n<h3 class=\"wp-block-heading\">POLITIQUE DE CONFIDENTIALIT\u00c9 UTILISATEURS WEB \u2013 FORMULAIRE DE CONTACT<\/h3>\n\n\n\n<p>Conform\u00e9ment aux dispositions de la loi 29\/2021, du 28 octobre, sur la protection qualifi\u00e9e des donn\u00e9es personnelles (LQPD), et du D\u00e9cret 391\/2022, du 28-9-2022, approuvant le r\u00e8glement d\u2019application de la loi 29\/2021, du 28 octobre, qualifi\u00e9 de protection des donn\u00e9es personnelles, nous vous informons que vos donn\u00e9es personnelles collect\u00e9es via le \u2018\u2019Formulaire de contact\u2019\u2019, seront trait\u00e9es par le Responsable du traitement :<\/p>\n\n\n\n<p>Responsable du traitement des donn\u00e9es: FIDENCIS, S.L.<\/p>\n\n\n\n<ul class=\"wp-block-list\">\n<li>NRT: L-714773-U<\/li>\n\n\n\n<li>Adresse postale: Carrer Verge del Pilar 4, 4 pis, porta B. (AD500) Andorra la Vella, Principat d\u2019Andorra.<\/li>\n\n\n\n<li>T\u00e9l\u00e9phone: (+376) 82 82 65<\/li>\n\n\n\n<li>Adresse \u00e9lectronique: <a href=\"mailto:info@fidencis.com\">info@fidencis.com<\/a><\/li>\n<\/ul>\n\n\n\n<p>D\u00e9l\u00e9gu\u00e9 \u00e0 la protection des donn\u00e9es: CP COMPLIANCE I PRIVACITAT LEGAL, S.L.U.<\/p>\n\n\n\n<ul class=\"wp-block-list\">\n<li>T\u00e9l\u00e9phone: (+376) 38 00 17<\/li>\n\n\n\n<li>Adresse \u00e9lectronique : <a href=\"mailto:dpo@cplegalconsulting.com\">dpo@cplegalconsulting.com<\/a><\/li>\n<\/ul>\n\n\n\n<p>Vos donn\u00e9es seront trait\u00e9es afin de g\u00e9rer les demandes et\/ou requ\u00eates que vous faites sur notre site Web via le formulaire de contact. Nous pouvons vous contacter par e-mail ou par t\u00e9l\u00e9phone, sur la base des donn\u00e9es que vous nous avez fournies.<\/p>\n\n\n\n<p>La base de l\u00e9gitimation du traitement de vos donn\u00e9es personnelles est bas\u00e9e sur votre consentement accord\u00e9 par l\u2019acceptation de cette politique de confidentialit\u00e9. <\/p>\n\n\n\n<p>De m\u00eame, nous vous informons que le traitement des donn\u00e9es n\u2019implique pas de d\u00e9cisions automatis\u00e9es, ni la cr\u00e9ation de profils \u00e0 des fins pr\u00e9dictives de pr\u00e9f\u00e9rences, de comportements ou d\u2019attitudes personnels. <\/p>\n\n\n\n<p>Vos donn\u00e9es ne seront pas transf\u00e9r\u00e9es \u00e0 d&rsquo;autres responsables du traitement nationaux et\/ou internationaux, \u00e0 l&rsquo;exception des soci\u00e9t\u00e9s qui font partie de GRUP NODUM et des cas o\u00f9 il existe une obligation l\u00e9gale de le faire. Les donn\u00e9es fournies seront conserv\u00e9es pendant une p\u00e9riode maximale de 12 mois. <\/p>\n\n\n\n<p>Vous avez le droit de ne pas donner votre consentement pour le traitement de vos donn\u00e9es personnelles; mais, dans ce cas, les cons\u00e9quences de votre refus impliqueront l\u2019impossibilit\u00e9 de r\u00e9pondre \u00e0 votre demande. <\/p>\n\n\n\n<p>Profitant de l\u2019accord, nous vous informons que vous pouvez exercer les droits d\u2019acc\u00e8s, de rectification, d\u2019opposition, de suppression, de limitation et de portabilit\u00e9, ainsi que leur d\u00e9cision de ne pas faire l\u2019objet de d\u00e9cisions individuelles automatis\u00e9es; en contactant le responsable du traitement des donn\u00e9es par e mail <a href=\"mailto:info@fidencis.com\">info@fidencis.com<\/a> ou notre d\u00e9l\u00e9gu\u00e9 \u00e0 la protection des donn\u00e9es (DPD) au <a href=\"mailto:dpo@cplegalconsulting.com\">dpo@cplegalconsulting.com<\/a><\/p>\n\n\n\n<p>De m\u00eame, en cas de non-possibilit\u00e9 d\u2019exercer vos droits devant le responsable du traitement, vous avez le droit d\u2019adresser votre r\u00e9clamation \u00e0 l\u2019Agence Andorrane de Protection des Donn\u00e9es (APDA).<\/p>\n\n\n\n<h3 class=\"wp-block-heading\">POLITIQUE DE CONFIDENTIALIT\u00c9 DE LA NEWSLETTER \u2013 FORMULAIRE D\u2019INSCRIPTION \u00c0 LA NEWSLETTER<\/h3>\n\n\n\n<p>Conform\u00e9ment aux dispositions de la loi 29\/2021, du 28 octobre, sur la protection qualifi\u00e9e des donn\u00e9es personnelles (LQPD), et du d\u00e9cret 391\/2022, du 28-9-2022, approuvant le r\u00e8glement d\u2019application de la loi 29\/2021, du 28 octobre, qualifi\u00e9 de protection des donn\u00e9es personnelles, nous vous informons que vos donn\u00e9es personnelles collect\u00e9es via le \u2018\u2019Formulaire d\u2019abonnement \u00e0 la newsletter\u2019\u2019, seront trait\u00e9es par le Responsable du traitement :<\/p>\n\n\n\n<p>Responsable du traitement des donn\u00e9es: FIDENCIS, S.L.<\/p>\n\n\n\n<ul class=\"wp-block-list\">\n<li>NRT: L-714773-U<\/li>\n\n\n\n<li>Adresse postale: Carrer Verge del Pilar 4, 4 pis, porta A. (AD500) Andorra la<br>Vella, Principat d\u2019Andorra.<\/li>\n\n\n\n<li>T\u00e9l\u00e9phone: (+376) 82 82 65<\/li>\n\n\n\n<li>Adresse \u00e9lectronique: <a href=\"mailto:info@fidencis.com\">info@fidencis.com<\/a><\/li>\n<\/ul>\n\n\n\n<p>D\u00e9l\u00e9gu\u00e9 \u00e0 la protection des donn\u00e9es : CP COMPLIANCE I PRIVACITAT LEGAL,<br>S.L.U.<\/p>\n\n\n\n<ul class=\"wp-block-list\">\n<li>T\u00e9l\u00e9phone: (+376) 38 00 17<\/li>\n\n\n\n<li>Adresse \u00e9lectronique: <a href=\"mailto:dpo@cplegalconsulting.com\">dpo@cplegalconsulting.com<\/a><\/li>\n<\/ul>\n\n\n\n<p>Vos donn\u00e9es seront trait\u00e9es afin de g\u00e9rer votre abonnement \u00e0 notre newsletter. Nous pouvons vous contacter par e-mail ou par t\u00e9l\u00e9phone, sur la base des donn\u00e9es que vous nous avez fournies. <\/p>\n\n\n\n<p>La base de l\u00e9gitimation du traitement de vos donn\u00e9es personnelles est bas\u00e9e sur votre consentement accord\u00e9 par l\u2019acceptation de cette politique de confidentialit\u00e9.<\/p>\n\n\n\n<p>De m\u00eame, nous vous informons que le traitement des donn\u00e9es n\u2019implique pas de d\u00e9cisions automatis\u00e9es, ni la cr\u00e9ation de profils \u00e0 des fins pr\u00e9dictives de pr\u00e9f\u00e9rences, de comportements ou d\u2019attitudes personnels.<\/p>\n\n\n\n<p>Vos donn\u00e9es ne seront pas transf\u00e9r\u00e9es \u00e0 d&rsquo;autres responsables du traitement nationaux et\/ou internationaux, \u00e0 l&rsquo;exception des soci\u00e9t\u00e9s qui font partie de GRUP NODUM et des cas o\u00f9 il existe une obligation l\u00e9gale de le faire.<\/p>\n\n\n\n<p>Vos donn\u00e9es seront conserv\u00e9es aussi longtemps que notre relation sera en vigueur, tant que vous n\u2019annulerez pas votre abonnement. <\/p>\n\n\n\n<p>Vous avez le droit de ne pas donner votre consentement pour le traitement de vos donn\u00e9es personnelles; mais, dans ce cas, les cons\u00e9quences de votre refus impliqueront l\u2019impossibilit\u00e9 de vous fournir nos services et de vous envoyer notre newsletter.<\/p>\n\n\n\n<p>Profitant de l\u2019accord, nous vous informons qu\u2019ils peuvent exercer les droits d\u2019acc\u00e8s, de rectification, d\u2019opposition, de suppression, de limitation et de portabilit\u00e9, ainsi que leur d\u00e9cision de ne pas faire l\u2019objet de d\u00e9cisions individuelles automatis\u00e9es; en contactant le responsable du traitement par e-mail <a href=\"mailto:info@fidencis.com\">info@fidencis.com<\/a> ou notre d\u00e9l\u00e9gu\u00e9 \u00e0 la protection des donn\u00e9es \u00e0 <a href=\"mailto:dpo@cplegalconsulting.com\">dpo@cplegalconsulting.com<\/a> <\/p>\n\n\n\n<p>De m\u00eame, en cas de ne pas pouvoir exercer vos droits devant le responsable du traitement, vous avez le droit d\u2019adresser votre r\u00e9clamation \u00e0 l\u2019Agence andorrane de protection des donn\u00e9es (APDA).<\/p>\n\n\n\n<p><strong>Derni\u00e8re mise \u00e0 jour: 02 avril 2024.<\/strong><\/p>\n","protected":false},"excerpt":{"rendered":"<p>POLITIQUE DE CONFIDENTIALIT\u00c9 UTILISATEURS WEB \u2013 FORMULAIRE DE CONTACT Conform\u00e9ment aux dispositions de la loi 29\/2021, du 28 octobre, sur la protection qualifi\u00e9e des donn\u00e9es personnelles (LQPD), et du D\u00e9cret 391\/2022, du 28-9-2022, approuvant le r\u00e8glement d\u2019application de la loi 29\/2021, du 28 octobre, qualifi\u00e9 de protection des donn\u00e9es personnelles, nous vous informons que vos [&hellip;]<\/p>\n","protected":false},"author":2,"featured_media":0,"parent":4129,"menu_order":0,"comment_status":"closed","ping_status":"closed","template":"","meta":{"footnotes":""},"class_list":["post-7303","page","type-page","status-publish","hentry"],"yoast_head":"<!-- This site is optimized with the Yoast SEO plugin v25.4 - https:\/\/yoast.com\/wordpress\/plugins\/seo\/ -->\n<title>Politique de confidentialit\u00e9 - Nodum Corporate<\/title>\n<meta name=\"robots\" content=\"index, follow, max-snippet:-1, max-image-preview:large, max-video-preview:-1\" \/>\n<link rel=\"canonical\" href=\"https:\/\/nodumcorporate.com\/fr\/fidencis\/politique-de-confidentialite\/\" \/>\n<meta property=\"og:locale\" content=\"fr_FR\" \/>\n<meta property=\"og:type\" content=\"article\" \/>\n<meta property=\"og:title\" content=\"Politique de confidentialit\u00e9 - Nodum Corporate\" \/>\n<meta property=\"og:description\" content=\"POLITIQUE DE CONFIDENTIALIT\u00c9 UTILISATEURS WEB \u2013 FORMULAIRE DE CONTACT Conform\u00e9ment aux dispositions de la loi 29\/2021, du 28 octobre, sur la protection qualifi\u00e9e des donn\u00e9es personnelles (LQPD), et du D\u00e9cret 391\/2022, du 28-9-2022, approuvant le r\u00e8glement d\u2019application de la loi 29\/2021, du 28 octobre, qualifi\u00e9 de protection des donn\u00e9es personnelles, nous vous informons que vos [&hellip;]\" \/>\n<meta property=\"og:url\" content=\"https:\/\/nodumcorporate.com\/fr\/fidencis\/politique-de-confidentialite\/\" \/>\n<meta property=\"og:site_name\" content=\"Nodum Corporate\" \/>\n<meta property=\"article:modified_time\" content=\"2024-05-29T09:47:53+00:00\" \/>\n<meta name=\"twitter:card\" content=\"summary_large_image\" \/>\n<meta name=\"twitter:label1\" content=\"Dur\u00e9e de lecture estim\u00e9e\" \/>\n\t<meta name=\"twitter:data1\" content=\"5 minutes\" \/>\n<script type=\"application\/ld+json\" class=\"yoast-schema-graph\">{\"@context\":\"https:\/\/schema.org\",\"@graph\":[{\"@type\":\"WebPage\",\"@id\":\"https:\/\/nodumcorporate.com\/fr\/fidencis\/politique-de-confidentialite\/\",\"url\":\"https:\/\/nodumcorporate.com\/fr\/fidencis\/politique-de-confidentialite\/\",\"name\":\"Politique de confidentialit\u00e9 - Nodum Corporate\",\"isPartOf\":{\"@id\":\"https:\/\/nodumcorporate.com\/fr\/#website\"},\"datePublished\":\"2024-05-29T09:31:50+00:00\",\"dateModified\":\"2024-05-29T09:47:53+00:00\",\"breadcrumb\":{\"@id\":\"https:\/\/nodumcorporate.com\/fr\/fidencis\/politique-de-confidentialite\/#breadcrumb\"},\"inLanguage\":\"fr-FR\",\"potentialAction\":[{\"@type\":\"ReadAction\",\"target\":[\"https:\/\/nodumcorporate.com\/fr\/fidencis\/politique-de-confidentialite\/\"]}]},{\"@type\":\"BreadcrumbList\",\"@id\":\"https:\/\/nodumcorporate.com\/fr\/fidencis\/politique-de-confidentialite\/#breadcrumb\",\"itemListElement\":[{\"@type\":\"ListItem\",\"position\":1,\"name\":\"Fidencis\",\"item\":\"https:\/\/nodumcorporate.com\/fr\/fidencis\/\"},{\"@type\":\"ListItem\",\"position\":2,\"name\":\"Politique de confidentialit\u00e9\"}]},{\"@type\":\"WebSite\",\"@id\":\"https:\/\/nodumcorporate.com\/fr\/#website\",\"url\":\"https:\/\/nodumcorporate.com\/fr\/\",\"name\":\"Nodum Corporate\",\"description\":\"\",\"potentialAction\":[{\"@type\":\"SearchAction\",\"target\":{\"@type\":\"EntryPoint\",\"urlTemplate\":\"https:\/\/nodumcorporate.com\/fr\/?s={search_term_string}\"},\"query-input\":{\"@type\":\"PropertyValueSpecification\",\"valueRequired\":true,\"valueName\":\"search_term_string\"}}],\"inLanguage\":\"fr-FR\"}]}<\/script>\n<!-- \/ Yoast SEO plugin. -->","yoast_head_json":{"title":"Politique de confidentialit\u00e9 - Nodum Corporate","robots":{"index":"index","follow":"follow","max-snippet":"max-snippet:-1","max-image-preview":"max-image-preview:large","max-video-preview":"max-video-preview:-1"},"canonical":"https:\/\/nodumcorporate.com\/fr\/fidencis\/politique-de-confidentialite\/","og_locale":"fr_FR","og_type":"article","og_title":"Politique de confidentialit\u00e9 - Nodum Corporate","og_description":"POLITIQUE DE CONFIDENTIALIT\u00c9 UTILISATEURS WEB \u2013 FORMULAIRE DE CONTACT Conform\u00e9ment aux dispositions de la loi 29\/2021, du 28 octobre, sur la protection qualifi\u00e9e des donn\u00e9es personnelles (LQPD), et du D\u00e9cret 391\/2022, du 28-9-2022, approuvant le r\u00e8glement d\u2019application de la loi 29\/2021, du 28 octobre, qualifi\u00e9 de protection des donn\u00e9es personnelles, nous vous informons que vos [&hellip;]","og_url":"https:\/\/nodumcorporate.com\/fr\/fidencis\/politique-de-confidentialite\/","og_site_name":"Nodum Corporate","article_modified_time":"2024-05-29T09:47:53+00:00","twitter_card":"summary_large_image","twitter_misc":{"Dur\u00e9e de lecture estim\u00e9e":"5 minutes"},"schema":{"@context":"https:\/\/schema.org","@graph":[{"@type":"WebPage","@id":"https:\/\/nodumcorporate.com\/fr\/fidencis\/politique-de-confidentialite\/","url":"https:\/\/nodumcorporate.com\/fr\/fidencis\/politique-de-confidentialite\/","name":"Politique de confidentialit\u00e9 - Nodum Corporate","isPartOf":{"@id":"https:\/\/nodumcorporate.com\/fr\/#website"},"datePublished":"2024-05-29T09:31:50+00:00","dateModified":"2024-05-29T09:47:53+00:00","breadcrumb":{"@id":"https:\/\/nodumcorporate.com\/fr\/fidencis\/politique-de-confidentialite\/#breadcrumb"},"inLanguage":"fr-FR","potentialAction":[{"@type":"ReadAction","target":["https:\/\/nodumcorporate.com\/fr\/fidencis\/politique-de-confidentialite\/"]}]},{"@type":"BreadcrumbList","@id":"https:\/\/nodumcorporate.com\/fr\/fidencis\/politique-de-confidentialite\/#breadcrumb","itemListElement":[{"@type":"ListItem","position":1,"name":"Fidencis","item":"https:\/\/nodumcorporate.com\/fr\/fidencis\/"},{"@type":"ListItem","position":2,"name":"Politique de confidentialit\u00e9"}]},{"@type":"WebSite","@id":"https:\/\/nodumcorporate.com\/fr\/#website","url":"https:\/\/nodumcorporate.com\/fr\/","name":"Nodum Corporate","description":"","potentialAction":[{"@type":"SearchAction","target":{"@type":"EntryPoint","urlTemplate":"https:\/\/nodumcorporate.com\/fr\/?s={search_term_string}"},"query-input":{"@type":"PropertyValueSpecification","valueRequired":true,"valueName":"search_term_string"}}],"inLanguage":"fr-FR"}]}},"_links":{"self":[{"href":"https:\/\/nodumcorporate.com\/fr\/wp-json\/wp\/v2\/pages\/7303","targetHints":{"allow":["GET"]}}],"collection":[{"href":"https:\/\/nodumcorporate.com\/fr\/wp-json\/wp\/v2\/pages"}],"about":[{"href":"https:\/\/nodumcorporate.com\/fr\/wp-json\/wp\/v2\/types\/page"}],"author":[{"embeddable":true,"href":"https:\/\/nodumcorporate.com\/fr\/wp-json\/wp\/v2\/users\/2"}],"replies":[{"embeddable":true,"href":"https:\/\/nodumcorporate.com\/fr\/wp-json\/wp\/v2\/comments?post=7303"}],"version-history":[{"count":3,"href":"https:\/\/nodumcorporate.com\/fr\/wp-json\/wp\/v2\/pages\/7303\/revisions"}],"predecessor-version":[{"id":7317,"href":"https:\/\/nodumcorporate.com\/fr\/wp-json\/wp\/v2\/pages\/7303\/revisions\/7317"}],"up":[{"embeddable":true,"href":"https:\/\/nodumcorporate.com\/fr\/wp-json\/wp\/v2\/pages\/4129"}],"wp:attachment":[{"href":"https:\/\/nodumcorporate.com\/fr\/wp-json\/wp\/v2\/media?parent=7303"}],"curies":[{"name":"wp","href":"https:\/\/api.w.org\/{rel}","templated":true}]}}