{"id":7305,"date":"2024-05-29T09:34:19","date_gmt":"2024-05-29T09:34:19","guid":{"rendered":"https:\/\/nodumcorporate.com\/?page_id=7305"},"modified":"2024-05-29T09:34:20","modified_gmt":"2024-05-29T09:34:20","slug":"politique-de-cookies","status":"publish","type":"page","link":"https:\/\/nodumcorporate.com\/fr\/fidencis\/politique-de-cookies\/","title":{"rendered":"Politique de cookies"},"content":{"rendered":"\n<h3 class=\"wp-block-heading\">1. CONCEPT DE COOKIES<\/h3>\n\n\n\n<p>L\u2019Utilisateur est averti que ce site utilise des cookies. Un cookie est un fichier qui est t\u00e9l\u00e9charg\u00e9 sur votre ordinateur lorsque vous acc\u00e9dez \u00e0 certaines pages Web. Les cookies permettent \u00e0 un site Web, entre autres, de stocker et de r\u00e9cup\u00e9rer des informations sur les habitudes de navigation de l\u2019utilisateur ou de son ordinateur et, en fonction des informations qu\u2019ils contiennent et de la fa\u00e7on dont leur ordinateur est utilis\u00e9, ils peuvent \u00eatre utilis\u00e9s pour reconna\u00eetre l\u2019utilisateur.<\/p>\n\n\n\n<h3 class=\"wp-block-heading\">2. TYPES DE COOKIES<\/h3>\n\n\n\n<p><strong>N\u00e9cessaire:<\/strong>&nbsp;Les cookies n\u00e9cessaires sont cruciaux pour les fonctions de base du site Web et celui-ci ne fonctionnera pas comme pr\u00e9vu sans eux.Ces cookies ne stockent aucune donn\u00e9e personnellement identifiable.<\/p>\n\n\n\n<p><strong>Fonctionnelle:<\/strong>&nbsp;Les cookies fonctionnels permettent d\u2019ex\u00e9cuter certaines fonctionnalit\u00e9s telles que le partage du contenu du site Web sur des plateformes de m\u00e9dias sociaux, la collecte de commentaires et d\u2019autres fonctionnalit\u00e9s tierces.<\/p>\n\n\n\n<p><strong>Analytique:<\/strong>&nbsp;Les cookies analytiques sont utilis\u00e9s pour comprendre comment les visiteurs interagissent avec le site Web. Ces cookies aident \u00e0 fournir des informations sur le nombre de visiteurs, le taux de rebond, la source de trafic, etc.<\/p>\n\n\n\n<h3 class=\"wp-block-heading\">3. INFORMATIONS SUR LES COOKIES<\/h3>\n\n\n\n<div class= \"cky-audit-table-element\"><\/div>\n\n\n\n<h3 class=\"wp-block-heading\">4. D\u00c9SACTIVATION DES COOKIES<\/h3>\n\n\n\n<p>Vous pouvez bloquer ou supprimer les&nbsp;<em>cookies&nbsp;<\/em>install\u00e9s sur votre ordinateur en configurant les options de votre navigateur. Voici les \u00e9tapes pour d\u00e9sactiver ou supprimer les&nbsp;<em>cookies&nbsp;<\/em>dans les principaux navigateurs :<\/p>\n\n\n\n<p>Pour configurer les autorisations li\u00e9es aux&nbsp;<em>cookies<\/em>&nbsp;install\u00e9s dans le navigateur&nbsp;<em>Google Chrome<\/em>, cliquez sur le&nbsp;<em><a href=\"https:\/\/support.google.com\/chrome\/answer\/95647?hl=es\">lien<\/a><\/em>&nbsp;suivant.<\/p>\n\n\n\n<p>Pour configurer les autorisations li\u00e9es aux&nbsp;<em>cookies<\/em>&nbsp;install\u00e9s dans le navigateur&nbsp;<em>Mozilla Firefox<\/em>, cliquez sur le&nbsp;<em><a href=\"https:\/\/support.mozilla.org\/es\/kb\/habilitar-y-deshabilitar-cookies-que-los-sitios-we\">lien<\/a><\/em>&nbsp;suivant.<\/p>\n\n\n\n<p>Pour configurer les autorisations li\u00e9es aux&nbsp;<em>cookies<\/em>&nbsp;install\u00e9s dans le navigateur&nbsp;<em>Microsoft Internet Explorer<\/em>, cliquez sur le&nbsp;<em><a href=\"https:\/\/support.microsoft.com\/es-es\/help\/17442\/windows-internet-explorer-delete-manage-cookies\">lien<\/a><\/em>&nbsp;suivant.<\/p>\n\n\n\n<p>Pour configurer les autorisations li\u00e9es aux&nbsp;<em>cookies<\/em>&nbsp;install\u00e9s dans le navigateur&nbsp;<em>Safari<\/em>, cliquez sur le&nbsp;<em><a href=\"http:\/\/support.apple.com\/kb\/HT1677?viewlocale=es_ES\">lien<\/a><\/em>&nbsp;suivant.<\/p>\n\n\n\n<p>ATTENTION : Si les&nbsp;<em>cookies<\/em>&nbsp;sont bloqu\u00e9s dans votre navigateur habituel, il est possible que certains services ou fonctionnalit\u00e9s de la page web ne soient pas disponibles.<\/p>\n\n\n\n<p><strong>Derni\u00e8re mise \u00e0 jour: 02 avril 2024.<\/strong><\/p>\n","protected":false},"excerpt":{"rendered":"<p>1. CONCEPT DE COOKIES L\u2019Utilisateur est averti que ce site utilise des cookies. Un cookie est un fichier qui est t\u00e9l\u00e9charg\u00e9 sur votre ordinateur lorsque vous acc\u00e9dez \u00e0 certaines pages Web. Les cookies permettent \u00e0 un site Web, entre autres, de stocker et de r\u00e9cup\u00e9rer des informations sur les habitudes de navigation de l\u2019utilisateur ou [&hellip;]<\/p>\n","protected":false},"author":2,"featured_media":0,"parent":4129,"menu_order":0,"comment_status":"closed","ping_status":"closed","template":"","meta":{"footnotes":""},"class_list":["post-7305","page","type-page","status-publish","hentry"],"yoast_head":"<!-- This site is optimized with the Yoast SEO plugin v25.4 - https:\/\/yoast.com\/wordpress\/plugins\/seo\/ -->\n<title>Politique de cookies - Nodum Corporate<\/title>\n<meta name=\"robots\" content=\"index, follow, max-snippet:-1, max-image-preview:large, max-video-preview:-1\" \/>\n<link rel=\"canonical\" href=\"https:\/\/nodumcorporate.com\/fr\/fidencis\/politique-de-cookies\/\" \/>\n<meta property=\"og:locale\" content=\"fr_FR\" \/>\n<meta property=\"og:type\" content=\"article\" \/>\n<meta property=\"og:title\" content=\"Politique de cookies - Nodum Corporate\" \/>\n<meta property=\"og:description\" content=\"1. CONCEPT DE COOKIES L\u2019Utilisateur est averti que ce site utilise des cookies. Un cookie est un fichier qui est t\u00e9l\u00e9charg\u00e9 sur votre ordinateur lorsque vous acc\u00e9dez \u00e0 certaines pages Web. Les cookies permettent \u00e0 un site Web, entre autres, de stocker et de r\u00e9cup\u00e9rer des informations sur les habitudes de navigation de l\u2019utilisateur ou [&hellip;]\" \/>\n<meta property=\"og:url\" content=\"https:\/\/nodumcorporate.com\/fr\/fidencis\/politique-de-cookies\/\" \/>\n<meta property=\"og:site_name\" content=\"Nodum Corporate\" \/>\n<meta property=\"article:modified_time\" content=\"2024-05-29T09:34:20+00:00\" \/>\n<meta name=\"twitter:card\" content=\"summary_large_image\" \/>\n<meta name=\"twitter:label1\" content=\"Dur\u00e9e de lecture estim\u00e9e\" \/>\n\t<meta name=\"twitter:data1\" content=\"2 minutes\" \/>\n<script type=\"application\/ld+json\" class=\"yoast-schema-graph\">{\"@context\":\"https:\/\/schema.org\",\"@graph\":[{\"@type\":\"WebPage\",\"@id\":\"https:\/\/nodumcorporate.com\/fr\/fidencis\/politique-de-cookies\/\",\"url\":\"https:\/\/nodumcorporate.com\/fr\/fidencis\/politique-de-cookies\/\",\"name\":\"Politique de cookies - Nodum Corporate\",\"isPartOf\":{\"@id\":\"https:\/\/nodumcorporate.com\/fr\/#website\"},\"datePublished\":\"2024-05-29T09:34:19+00:00\",\"dateModified\":\"2024-05-29T09:34:20+00:00\",\"breadcrumb\":{\"@id\":\"https:\/\/nodumcorporate.com\/fr\/fidencis\/politique-de-cookies\/#breadcrumb\"},\"inLanguage\":\"fr-FR\",\"potentialAction\":[{\"@type\":\"ReadAction\",\"target\":[\"https:\/\/nodumcorporate.com\/fr\/fidencis\/politique-de-cookies\/\"]}]},{\"@type\":\"BreadcrumbList\",\"@id\":\"https:\/\/nodumcorporate.com\/fr\/fidencis\/politique-de-cookies\/#breadcrumb\",\"itemListElement\":[{\"@type\":\"ListItem\",\"position\":1,\"name\":\"Fidencis\",\"item\":\"https:\/\/nodumcorporate.com\/fr\/fidencis\/\"},{\"@type\":\"ListItem\",\"position\":2,\"name\":\"Politique de cookies\"}]},{\"@type\":\"WebSite\",\"@id\":\"https:\/\/nodumcorporate.com\/fr\/#website\",\"url\":\"https:\/\/nodumcorporate.com\/fr\/\",\"name\":\"Nodum Corporate\",\"description\":\"\",\"potentialAction\":[{\"@type\":\"SearchAction\",\"target\":{\"@type\":\"EntryPoint\",\"urlTemplate\":\"https:\/\/nodumcorporate.com\/fr\/?s={search_term_string}\"},\"query-input\":{\"@type\":\"PropertyValueSpecification\",\"valueRequired\":true,\"valueName\":\"search_term_string\"}}],\"inLanguage\":\"fr-FR\"}]}<\/script>\n<!-- \/ Yoast SEO plugin. -->","yoast_head_json":{"title":"Politique de cookies - Nodum Corporate","robots":{"index":"index","follow":"follow","max-snippet":"max-snippet:-1","max-image-preview":"max-image-preview:large","max-video-preview":"max-video-preview:-1"},"canonical":"https:\/\/nodumcorporate.com\/fr\/fidencis\/politique-de-cookies\/","og_locale":"fr_FR","og_type":"article","og_title":"Politique de cookies - Nodum Corporate","og_description":"1. CONCEPT DE COOKIES L\u2019Utilisateur est averti que ce site utilise des cookies. Un cookie est un fichier qui est t\u00e9l\u00e9charg\u00e9 sur votre ordinateur lorsque vous acc\u00e9dez \u00e0 certaines pages Web. Les cookies permettent \u00e0 un site Web, entre autres, de stocker et de r\u00e9cup\u00e9rer des informations sur les habitudes de navigation de l\u2019utilisateur ou [&hellip;]","og_url":"https:\/\/nodumcorporate.com\/fr\/fidencis\/politique-de-cookies\/","og_site_name":"Nodum Corporate","article_modified_time":"2024-05-29T09:34:20+00:00","twitter_card":"summary_large_image","twitter_misc":{"Dur\u00e9e de lecture estim\u00e9e":"2 minutes"},"schema":{"@context":"https:\/\/schema.org","@graph":[{"@type":"WebPage","@id":"https:\/\/nodumcorporate.com\/fr\/fidencis\/politique-de-cookies\/","url":"https:\/\/nodumcorporate.com\/fr\/fidencis\/politique-de-cookies\/","name":"Politique de cookies - Nodum Corporate","isPartOf":{"@id":"https:\/\/nodumcorporate.com\/fr\/#website"},"datePublished":"2024-05-29T09:34:19+00:00","dateModified":"2024-05-29T09:34:20+00:00","breadcrumb":{"@id":"https:\/\/nodumcorporate.com\/fr\/fidencis\/politique-de-cookies\/#breadcrumb"},"inLanguage":"fr-FR","potentialAction":[{"@type":"ReadAction","target":["https:\/\/nodumcorporate.com\/fr\/fidencis\/politique-de-cookies\/"]}]},{"@type":"BreadcrumbList","@id":"https:\/\/nodumcorporate.com\/fr\/fidencis\/politique-de-cookies\/#breadcrumb","itemListElement":[{"@type":"ListItem","position":1,"name":"Fidencis","item":"https:\/\/nodumcorporate.com\/fr\/fidencis\/"},{"@type":"ListItem","position":2,"name":"Politique de cookies"}]},{"@type":"WebSite","@id":"https:\/\/nodumcorporate.com\/fr\/#website","url":"https:\/\/nodumcorporate.com\/fr\/","name":"Nodum Corporate","description":"","potentialAction":[{"@type":"SearchAction","target":{"@type":"EntryPoint","urlTemplate":"https:\/\/nodumcorporate.com\/fr\/?s={search_term_string}"},"query-input":{"@type":"PropertyValueSpecification","valueRequired":true,"valueName":"search_term_string"}}],"inLanguage":"fr-FR"}]}},"_links":{"self":[{"href":"https:\/\/nodumcorporate.com\/fr\/wp-json\/wp\/v2\/pages\/7305","targetHints":{"allow":["GET"]}}],"collection":[{"href":"https:\/\/nodumcorporate.com\/fr\/wp-json\/wp\/v2\/pages"}],"about":[{"href":"https:\/\/nodumcorporate.com\/fr\/wp-json\/wp\/v2\/types\/page"}],"author":[{"embeddable":true,"href":"https:\/\/nodumcorporate.com\/fr\/wp-json\/wp\/v2\/users\/2"}],"replies":[{"embeddable":true,"href":"https:\/\/nodumcorporate.com\/fr\/wp-json\/wp\/v2\/comments?post=7305"}],"version-history":[{"count":2,"href":"https:\/\/nodumcorporate.com\/fr\/wp-json\/wp\/v2\/pages\/7305\/revisions"}],"predecessor-version":[{"id":7308,"href":"https:\/\/nodumcorporate.com\/fr\/wp-json\/wp\/v2\/pages\/7305\/revisions\/7308"}],"up":[{"embeddable":true,"href":"https:\/\/nodumcorporate.com\/fr\/wp-json\/wp\/v2\/pages\/4129"}],"wp:attachment":[{"href":"https:\/\/nodumcorporate.com\/fr\/wp-json\/wp\/v2\/media?parent=7305"}],"curies":[{"name":"wp","href":"https:\/\/api.w.org\/{rel}","templated":true}]}}